{"id":276,"date":"2026-01-15T18:59:57","date_gmt":"2026-01-15T18:59:57","guid":{"rendered":"https:\/\/oneclicktv.net\/?page_id=276"},"modified":"2026-01-15T19:04:57","modified_gmt":"2026-01-15T19:04:57","slug":"dmca","status":"publish","type":"page","link":"https:\/\/oneclicktv.net\/portugal\/dmca\/","title":{"rendered":"DMCA"},"content":{"rendered":"<h1 class=\"wp-block-heading\"><strong>Pol\u00edtica DMCA para 1ClickTV<\/strong><\/h1>\n\n\n\n<p>O Digital Millennium Copyright Act (\u201cDMCA\u201d) foi concebido para proteger os criadores de conte\u00fados de verem o seu trabalho roubado e publicado por outras pessoas na Internet.<\/p>\n\n\n\n<p>A lei visa especificamente os s\u00edtios Web em que os propriet\u00e1rios n\u00e3o sabem quem contribuiu com cada item de conte\u00fado ou que o s\u00edtio Web \u00e9 uma plataforma para carregar e publicar conte\u00fados.<\/p>\n\n\n\n<p>Temos a pol\u00edtica de responder a qualquer notifica\u00e7\u00e3o de infra\u00e7\u00e3o e tomar as medidas adequadas.<\/p>\n\n\n\n<p>Esta pol\u00edtica do Digital Millennium Copyright Act aplica-se a&nbsp;<strong>\u201c<a href=\"https:\/\/1clicktv.net\/\" target=\"_blank\" rel=\"noopener\">oneclicktv.net<\/a>\u201c<\/strong>&nbsp;(\u201cWebsite\u201d ou \u201cServi\u00e7o\u201d) e qualquer um dos seus produtos e servi\u00e7os relacionados (coletivamente, \u201cServi\u00e7os\u201d) e descreve a forma como o operador deste Website (\u201cOperador\u201d, \u201cn\u00f3s\u201d, \u201cnos\u201d ou \u201cnosso\u201d) aborda as notifica\u00e7\u00f5es de viola\u00e7\u00e3o de direitos de autor e como o utilizador (\u201cvoc\u00ea\u201d ou \u201cseu\u201d) pode apresentar uma queixa de viola\u00e7\u00e3o de direitos de autor.<\/p>\n\n\n\n<p>A prote\u00e7\u00e3o da propriedade intelectual \u00e9 da maior import\u00e2ncia para n\u00f3s e pedimos aos nossos utilizadores e respectivos agentes autorizados que fa\u00e7am o mesmo. \u00c9 nossa pol\u00edtica responder rapidamente a notifica\u00e7\u00f5es claras de alegadas viola\u00e7\u00f5es de direitos de autor que estejam em conformidade com a Lei dos Direitos de Autor do Mil\u00e9nio Digital dos Estados Unidos (\u201cDMCA\u201d) de 1998, cujo texto pode ser encontrado no Gabinete de Direitos de Autor dos EUA&nbsp;<a href=\"https:\/\/www.copyright.gov\/\" target=\"_blank\" rel=\"noreferrer noopener\"><strong>s\u00edtio Web<\/strong><\/a>.<\/p>\n\n\n\n<h2 class=\"wp-block-heading\"><strong>O que deve ser considerado antes de apresentar uma queixa sobre direitos de autor<\/strong><\/h2>\n\n\n\n<p>Tenha em aten\u00e7\u00e3o que, se n\u00e3o tiver a certeza de que o material que est\u00e1 a denunciar \u00e9, de facto, uma infra\u00e7\u00e3o, poder\u00e1 querer contactar um advogado antes de nos enviar uma notifica\u00e7\u00e3o.<\/p>\n\n\n\n<p>A DMCA exige que o utilizador forne\u00e7a as suas informa\u00e7\u00f5es pessoais na notifica\u00e7\u00e3o de viola\u00e7\u00e3o de direitos de autor. Se estiver preocupado com a privacidade das suas informa\u00e7\u00f5es pessoais.<\/p>\n\n\n\n<h2 class=\"wp-block-heading\"><strong>Notifica\u00e7\u00f5es de infra\u00e7\u00e3o<\/strong><\/h2>\n\n\n\n<p>Se o utilizador for propriet\u00e1rio de direitos de autor ou um seu agente e considerar que qualquer material dispon\u00edvel nos nossos Servi\u00e7os viola os seus direitos de autor, pode enviar uma notifica\u00e7\u00e3o escrita de viola\u00e7\u00e3o de direitos de autor (\u201cNotifica\u00e7\u00e3o\u201d) utilizando os dados de contacto abaixo indicados, em conformidade com a DMCA. Todas essas Notifica\u00e7\u00f5es devem cumprir os requisitos da DMCA.<\/p>\n\n\n\n<p>A apresenta\u00e7\u00e3o de uma queixa DMCA \u00e9 o in\u00edcio de um processo legal pr\u00e9-definido. A sua queixa ser\u00e1 analisada quanto \u00e0 sua exatid\u00e3o, validade e integridade. Se a sua queixa cumprir estes requisitos, a nossa resposta pode incluir a remo\u00e7\u00e3o ou restri\u00e7\u00e3o do acesso a material alegadamente infrator.<\/p>\n\n\n\n<p>Se removermos ou restringirmos o acesso a materiais ou encerrarmos uma conta em resposta a uma Notifica\u00e7\u00e3o de alegada infra\u00e7\u00e3o, faremos um esfor\u00e7o de boa f\u00e9 para contactar o utilizador afetado com informa\u00e7\u00f5es relativas \u00e0 remo\u00e7\u00e3o ou restri\u00e7\u00e3o de acesso.<\/p>\n\n\n\n<p>Sem preju\u00edzo de qualquer disposi\u00e7\u00e3o em contr\u00e1rio contida em qualquer parte da presente Pol\u00edtica, o Operador reserva-se o direito de n\u00e3o tomar qualquer medida ap\u00f3s a rece\u00e7\u00e3o de uma notifica\u00e7\u00e3o de viola\u00e7\u00e3o de direitos de autor DMCA se n\u00e3o cumprir todos os requisitos da DMCA para tais notifica\u00e7\u00f5es.<\/p>\n\n\n\n<p>O processo descrito na presente Pol\u00edtica n\u00e3o limita a nossa capacidade de recorrer a quaisquer outras solu\u00e7\u00f5es que possamos ter para resolver suspeitas de infra\u00e7\u00e3o.<\/p>\n\n\n\n<h2 class=\"wp-block-heading\"><strong>Altera\u00e7\u00f5es e modifica\u00e7\u00f5es<\/strong><\/h2>\n\n\n\n<p>Reservamo-nos o direito de modificar esta Pol\u00edtica ou os seus termos relacionados com o Web site e os Servi\u00e7os em qualquer altura, \u00e0 nossa discri\u00e7\u00e3o. Quando o fizermos, colocaremos uma notifica\u00e7\u00e3o na p\u00e1gina principal do Web site e enviaremos um e-mail para o notificar. Poderemos tamb\u00e9m notific\u00e1-lo de outras formas, \u00e0 nossa discri\u00e7\u00e3o, como por exemplo atrav\u00e9s das informa\u00e7\u00f5es de contacto que forneceu.<\/p>\n\n\n\n<p>Uma vers\u00e3o actualizada da presente Pol\u00edtica entrar\u00e1 em vigor imediatamente ap\u00f3s a publica\u00e7\u00e3o da Pol\u00edtica revista, salvo indica\u00e7\u00e3o em contr\u00e1rio. A sua utiliza\u00e7\u00e3o continuada do Website e dos Servi\u00e7os ap\u00f3s a data de entrada em vigor da Pol\u00edtica revista (ou outro ato especificado nessa altura) constituir\u00e1 o seu consentimento para essas altera\u00e7\u00f5es.<\/p>\n\n\n\n<h2 class=\"wp-block-heading\"><strong>Comunicar a viola\u00e7\u00e3o de direitos de autor<\/strong><\/h2>\n\n\n\n<p>Se pretender notificar-nos do material ou da atividade il\u00edcita, convidamo-lo a contactar-nos atrav\u00e9s do endere\u00e7o de correio eletr\u00f3nico abaixo indicado.<\/p>\n\n\n\n<p><strong>Correio eletr\u00f3nico: Support@oneclicktv.net<\/strong><\/p>\n\n\n\n<p><strong>Aguarde 1 a 2 dias \u00fateis para obter uma resposta por correio eletr\u00f3nico.<\/strong><\/p>","protected":false},"excerpt":{"rendered":"<p>DMCA Policy For 1ClickTV The Digital Millennium Copyright Act (\u201cDMCA\u201d) is designed to protect content creators from having their work stolen and published by other people on the internet. The law specifically targets websites where owners do not know who contributed each item of content or that the website is a platform for uploading and [&hellip;]<\/p>","protected":false},"author":1,"featured_media":0,"parent":0,"menu_order":0,"comment_status":"closed","ping_status":"closed","template":"","meta":{"footnotes":""},"class_list":["post-276","page","type-page","status-publish","hentry"],"rttpg_featured_image_url":null,"rttpg_author":{"display_name":"admin","author_link":"https:\/\/oneclicktv.net\/portugal\/author\/admin\/"},"rttpg_comment":0,"rttpg_category":null,"rttpg_excerpt":"DMCA Policy For 1ClickTV The Digital Millennium Copyright Act (\u201cDMCA\u201d) is designed to protect content creators from having their work stolen and published by other people on the internet. The law specifically targets websites where owners do not know who contributed each item of content or that the website is a platform for uploading and&hellip;","_links":{"self":[{"href":"https:\/\/oneclicktv.net\/portugal\/wp-json\/wp\/v2\/pages\/276","targetHints":{"allow":["GET"]}}],"collection":[{"href":"https:\/\/oneclicktv.net\/portugal\/wp-json\/wp\/v2\/pages"}],"about":[{"href":"https:\/\/oneclicktv.net\/portugal\/wp-json\/wp\/v2\/types\/page"}],"author":[{"embeddable":true,"href":"https:\/\/oneclicktv.net\/portugal\/wp-json\/wp\/v2\/users\/1"}],"replies":[{"embeddable":true,"href":"https:\/\/oneclicktv.net\/portugal\/wp-json\/wp\/v2\/comments?post=276"}],"version-history":[{"count":2,"href":"https:\/\/oneclicktv.net\/portugal\/wp-json\/wp\/v2\/pages\/276\/revisions"}],"predecessor-version":[{"id":280,"href":"https:\/\/oneclicktv.net\/portugal\/wp-json\/wp\/v2\/pages\/276\/revisions\/280"}],"wp:attachment":[{"href":"https:\/\/oneclicktv.net\/portugal\/wp-json\/wp\/v2\/media?parent=276"}],"curies":[{"name":"wp","href":"https:\/\/api.w.org\/{rel}","templated":true}]}}