{"id":210,"date":"2026-01-15T09:51:15","date_gmt":"2026-01-15T09:51:15","guid":{"rendered":"https:\/\/oneclicktv.net\/?page_id=210"},"modified":"2026-04-14T07:52:52","modified_gmt":"2026-04-14T07:52:52","slug":"perguntas-frequentes","status":"publish","type":"page","link":"https:\/\/oneclicktv.net\/portugal\/perguntas-frequentes\/","title":{"rendered":"Perguntas frequentes\u00a0"},"content":{"rendered":"<div data-elementor-type=\"wp-page\" data-elementor-id=\"210\" class=\"elementor elementor-210\" data-elementor-post-type=\"page\">\n\t\t\t\t<div data-particle_enable=\"false\" data-particle-mobile-disabled=\"false\" class=\"elementor-element elementor-element-1591f374 e-con-full e-flex e-con e-parent\" data-id=\"1591f374\" data-element_type=\"container\" data-settings=\"{&quot;background_background&quot;:&quot;classic&quot;}\">\n\t\t\t\t<div class=\"elementor-element elementor-element-67e0a907 elementor-widget elementor-widget-heading\" data-id=\"67e0a907\" data-element_type=\"widget\" data-widget_type=\"heading.default\">\n\t\t\t\t\t<h2 class=\"elementor-heading-title elementor-size-default\">Perguntas frequentes\n<\/h2>\t\t\t\t<\/div>\n\t\t<div data-particle_enable=\"false\" data-particle-mobile-disabled=\"false\" class=\"elementor-element elementor-element-77cc045f e-con-full e-flex e-con e-child\" data-id=\"77cc045f\" data-element_type=\"container\">\n\t\t<div data-particle_enable=\"false\" data-particle-mobile-disabled=\"false\" class=\"elementor-element elementor-element-6f3b435a e-con-full e-flex e-con e-child\" data-id=\"6f3b435a\" data-element_type=\"container\">\n\t\t\t\t<div class=\"elementor-element elementor-element-33cd8b93 elementor-widget elementor-widget-eael-adv-accordion\" data-id=\"33cd8b93\" data-element_type=\"widget\" data-widget_type=\"eael-adv-accordion.default\">\n\t\t\t\t\t            <div class=\"eael-adv-accordion\" id=\"eael-adv-accordion-33cd8b93\" data-scroll-on-click=\"no\" data-scroll-speed=\"300\" data-accordion-id=\"33cd8b93\" data-accordion-type=\"accordion\" data-toogle-speed=\"300\">\n            <div class=\"eael-accordion-list\">\n\t\t\t\t\t<div id=\"what-is-1clicktv-iptv\" class=\"elementor-tab-title eael-accordion-header\" tabindex=\"0\" data-tab=\"1\" aria-controls=\"elementor-tab-content-8691\"><span class=\"eael-accordion-tab-title\">O que \u00e9 a 1ClickTV IPTV?<\/span><svg aria-hidden=\"true\" class=\"fa-toggle e-font-icon-svg e-fas-angle-down\" viewbox=\"0 0 320 512\" xmlns=\"http:\/\/www.w3.org\/2000\/svg\"><path d=\"M143 352.3L7 216.3c-9.4-9.4-9.4-24.6 0-33.9l22.6-22.6c9.4-9.4 24.6-9.4 33.9 0l96.4 96.4 96.4-96.4c9.4-9.4 24.6-9.4 33.9 0l22.6 22.6c9.4 9.4 9.4 24.6 0 33.9l-136 136c-9.2 9.4-24.4 9.4-33.8 0z\"><\/path><\/svg><\/div><div id=\"elementor-tab-content-8691\" class=\"eael-accordion-content clearfix\" data-tab=\"1\" aria-labelledby=\"what-is-1clicktv-iptv\"><div class=\"elementskit-card active\"><div id=\"Collapse-a06c87a64a73c5d15ccc\" class=\"collapse show\" aria-labelledby=\"primaryHeading-0-36d7176\" data-parent=\"#accordion-64a73c5d15ccc\"><div class=\"elementskit-card-body ekit-accordion--content\"><p>O 1ClickTV \u00e9 um servi\u00e7o de IPTV que oferece uma vasta gama de conte\u00fados, incluindo mais de 25 000 canais de televis\u00e3o em direto, mais de 180 000 (VOD), filmes, s\u00e9ries, programas, canais internacionais e canais locais do Reino Unido, dos EUA e do Canad\u00e1. Abrange v\u00e1rios g\u00e9neros, como desportos, not\u00edcias e jogos da NFL, e foi concebida para proporcionar uma experi\u00eancia de transmiss\u00e3o sem problemas, sem acumula\u00e7\u00e3o ou congelamento.<\/p><\/div><\/div><\/div><div class=\"elementskit-card\"><div id=\"primaryHeading-1-36d7176\" class=\"elementskit-card-header\">\u00a0<\/div><\/div><\/div>\n\t\t\t\t\t<\/div><div class=\"eael-accordion-list\">\n\t\t\t\t\t<div id=\"which-devices-can-i-use-iptv-on\" class=\"elementor-tab-title eael-accordion-header\" tabindex=\"0\" data-tab=\"2\" aria-controls=\"elementor-tab-content-8692\"><span class=\"eael-accordion-tab-title\">Em que dispositivos posso utilizar a IPTV?<\/span><svg aria-hidden=\"true\" class=\"fa-toggle e-font-icon-svg e-fas-angle-down\" viewbox=\"0 0 320 512\" xmlns=\"http:\/\/www.w3.org\/2000\/svg\"><path d=\"M143 352.3L7 216.3c-9.4-9.4-9.4-24.6 0-33.9l22.6-22.6c9.4-9.4 24.6-9.4 33.9 0l96.4 96.4 96.4-96.4c9.4-9.4 24.6-9.4 33.9 0l22.6 22.6c9.4 9.4 9.4 24.6 0 33.9l-136 136c-9.2 9.4-24.4 9.4-33.8 0z\"><\/path><\/svg><\/div><div id=\"elementor-tab-content-8692\" class=\"eael-accordion-content clearfix\" data-tab=\"2\" aria-labelledby=\"which-devices-can-i-use-iptv-on\"><p><em>Pode utilizar o IPTV 1ClickTV nos seguintes dispositivos:<\/em><\/p><p>\u00a0<\/p><ul><li>Amazon Fire TVs e Firesticks.<\/li><li>Magbox, Nvidia Shield, Google Chromecast.<\/li><li>Televisores, caixas, telem\u00f3veis e tablets Android.<\/li><li>iPhone, iPad, Macs e outros dispositivos iOS.<\/li><li>Televisores inteligentes (LG, Samsung, Sony, etc.)<\/li><li>Emuladores Android para Macs e Windows.<\/li><\/ul><\/div>\n\t\t\t\t\t<\/div><div class=\"eael-accordion-list\">\n\t\t\t\t\t<div id=\"how-do-i-install-iptv-service-on-my-device\" class=\"elementor-tab-title eael-accordion-header\" tabindex=\"0\" data-tab=\"3\" aria-controls=\"elementor-tab-content-8693\"><span class=\"eael-accordion-tab-title\">Como \u00e9 que instalo o servi\u00e7o IPTV no meu dispositivo?<\/span><svg aria-hidden=\"true\" class=\"fa-toggle e-font-icon-svg e-fas-angle-down\" viewbox=\"0 0 320 512\" xmlns=\"http:\/\/www.w3.org\/2000\/svg\"><path d=\"M143 352.3L7 216.3c-9.4-9.4-9.4-24.6 0-33.9l22.6-22.6c9.4-9.4 24.6-9.4 33.9 0l96.4 96.4 96.4-96.4c9.4-9.4 24.6-9.4 33.9 0l22.6 22.6c9.4 9.4 9.4 24.6 0 33.9l-136 136c-9.2 9.4-24.4 9.4-33.8 0z\"><\/path><\/svg><\/div><div id=\"elementor-tab-content-8693\" class=\"eael-accordion-content clearfix\" data-tab=\"3\" aria-labelledby=\"how-do-i-install-iptv-service-on-my-device\"><p>As instru\u00e7\u00f5es de instala\u00e7\u00e3o podem variar consoante o dispositivo que est\u00e1 a utilizar. Fornecemos guias de configura\u00e7\u00e3o passo a passo no nosso s\u00edtio Web para v\u00e1rios dispositivos suportados. Consulte o guia apropriado para o seu dispositivo na sec\u00e7\u00e3o <a href=\"https:\/\/oneclicktv.net\/portugal\/instalacoes-iptv\/\">P\u00e1gina de instala\u00e7\u00e3o<\/a> para come\u00e7ar.\u00a0<\/p><\/div>\n\t\t\t\t\t<\/div><div class=\"eael-accordion-list\">\n\t\t\t\t\t<div id=\"how-do-i-renew-my-1clicktv-subscription\" class=\"elementor-tab-title eael-accordion-header\" tabindex=\"0\" data-tab=\"4\" aria-controls=\"elementor-tab-content-8694\"><span class=\"eael-accordion-tab-title\">Como \u00e9 que renovo a minha subscri\u00e7\u00e3o 1ClickTV?<\/span><svg aria-hidden=\"true\" class=\"fa-toggle e-font-icon-svg e-fas-angle-down\" viewbox=\"0 0 320 512\" xmlns=\"http:\/\/www.w3.org\/2000\/svg\"><path d=\"M143 352.3L7 216.3c-9.4-9.4-9.4-24.6 0-33.9l22.6-22.6c9.4-9.4 24.6-9.4 33.9 0l96.4 96.4 96.4-96.4c9.4-9.4 24.6-9.4 33.9 0l22.6 22.6c9.4 9.4 9.4 24.6 0 33.9l-136 136c-9.2 9.4-24.4 9.4-33.8 0z\"><\/path><\/svg><\/div><div id=\"elementor-tab-content-8694\" class=\"eael-accordion-content clearfix\" data-tab=\"4\" aria-labelledby=\"how-do-i-renew-my-1clicktv-subscription\"><p>Para renovar a sua subscri\u00e7\u00e3o, basta aceder ao nosso s\u00edtio Web e escolher o novo plano que pretende utilizar e, depois de efetuar o pagamento, activaremos automaticamente o novo plano com os mesmos dados de credenciais do plano antigo. Pode obter os detalhes das novas credenciais contactando-nos.<\/p><\/div>\n\t\t\t\t\t<\/div><div class=\"eael-accordion-list\">\n\t\t\t\t\t<div id=\"can-i-use-1clicktv-iptv-when-i-travel-abroad\" class=\"elementor-tab-title eael-accordion-header\" tabindex=\"0\" data-tab=\"5\" aria-controls=\"elementor-tab-content-8695\"><span class=\"eael-accordion-tab-title\">Posso utilizar o 1ClickTV IPTV quando viajo para o estrangeiro?<\/span><svg aria-hidden=\"true\" class=\"fa-toggle e-font-icon-svg e-fas-angle-down\" viewbox=\"0 0 320 512\" xmlns=\"http:\/\/www.w3.org\/2000\/svg\"><path d=\"M143 352.3L7 216.3c-9.4-9.4-9.4-24.6 0-33.9l22.6-22.6c9.4-9.4 24.6-9.4 33.9 0l96.4 96.4 96.4-96.4c9.4-9.4 24.6-9.4 33.9 0l22.6 22.6c9.4 9.4 9.4 24.6 0 33.9l-136 136c-9.2 9.4-24.4 9.4-33.8 0z\"><\/path><\/svg><\/div><div id=\"elementor-tab-content-8695\" class=\"eael-accordion-content clearfix\" data-tab=\"5\" aria-labelledby=\"can-i-use-1clicktv-iptv-when-i-travel-abroad\"><p>Sim, o 1ClickTV \u00e9 acess\u00edvel internacionalmente. Pode utilizar o servi\u00e7o enquanto viaja para o estrangeiro, desde que tenha uma liga\u00e7\u00e3o est\u00e1vel \u00e0 Internet. Permite-lhe manter-se ligado aos seus conte\u00fados favoritos, independentemente de onde se encontre.<\/p><\/div>\n\t\t\t\t\t<\/div><\/div>\t\t\t\t<\/div>\n\t\t\t\t<\/div>\n\t\t<div data-particle_enable=\"false\" data-particle-mobile-disabled=\"false\" class=\"elementor-element elementor-element-74c3d7a9 e-con-full e-flex e-con e-child\" data-id=\"74c3d7a9\" data-element_type=\"container\">\n\t\t\t\t<div class=\"elementor-element elementor-element-4174699e elementor-widget elementor-widget-eael-adv-accordion\" data-id=\"4174699e\" data-element_type=\"widget\" data-widget_type=\"eael-adv-accordion.default\">\n\t\t\t\t\t            <div class=\"eael-adv-accordion\" id=\"eael-adv-accordion-4174699e\" data-scroll-on-click=\"no\" data-scroll-speed=\"300\" data-accordion-id=\"4174699e\" data-accordion-type=\"accordion\" data-toogle-speed=\"300\">\n            <div class=\"eael-accordion-list\">\n\t\t\t\t\t<div id=\"can-i-share-my-1clicktv-iptv-account-with-family-members-or-friends\" class=\"elementor-tab-title eael-accordion-header\" tabindex=\"0\" data-tab=\"1\" aria-controls=\"elementor-tab-content-1091\"><span class=\"eael-accordion-tab-title\">Posso partilhar a minha conta IPTV 1ClickTV com familiares ou amigos?<\/span><svg aria-hidden=\"true\" class=\"fa-toggle e-font-icon-svg e-fas-angle-down\" viewbox=\"0 0 320 512\" xmlns=\"http:\/\/www.w3.org\/2000\/svg\"><path d=\"M143 352.3L7 216.3c-9.4-9.4-9.4-24.6 0-33.9l22.6-22.6c9.4-9.4 24.6-9.4 33.9 0l96.4 96.4 96.4-96.4c9.4-9.4 24.6-9.4 33.9 0l22.6 22.6c9.4 9.4 9.4 24.6 0 33.9l-136 136c-9.2 9.4-24.4 9.4-33.8 0z\"><\/path><\/svg><\/div><div id=\"elementor-tab-content-1091\" class=\"eael-accordion-content clearfix\" data-tab=\"1\" aria-labelledby=\"can-i-share-my-1clicktv-iptv-account-with-family-members-or-friends\"><div class=\"elementskit-card active\"><div id=\"Collapse-a06c87a64a73c5d15ccc\" class=\"collapse show\" aria-labelledby=\"primaryHeading-0-36d7176\" data-parent=\"#accordion-64a73c5d15ccc\"><div class=\"elementskit-card-body ekit-accordion--content\"><p>As contas IPTV da 1ClickTV s\u00e3o para uso pessoal e a partilha de contas com outras pessoas pode violar os nossos termos de servi\u00e7o. Oferecemos suporte a v\u00e1rios dispositivos com determinados planos de subscri\u00e7\u00e3o para acomodar utilizadores individuais.<\/p><\/div><\/div><\/div><div class=\"elementskit-card\"><div id=\"primaryHeading-1-36d7176\" class=\"elementskit-card-header\">\u00a0<\/div><\/div><\/div>\n\t\t\t\t\t<\/div><div class=\"eael-accordion-list\">\n\t\t\t\t\t<div id=\"do-you-offer-refunds\" class=\"elementor-tab-title eael-accordion-header\" tabindex=\"0\" data-tab=\"2\" aria-controls=\"elementor-tab-content-1092\"><span class=\"eael-accordion-tab-title\">Oferecem reembolsos?<\/span><svg aria-hidden=\"true\" class=\"fa-toggle e-font-icon-svg e-fas-angle-down\" viewbox=\"0 0 320 512\" xmlns=\"http:\/\/www.w3.org\/2000\/svg\"><path d=\"M143 352.3L7 216.3c-9.4-9.4-9.4-24.6 0-33.9l22.6-22.6c9.4-9.4 24.6-9.4 33.9 0l96.4 96.4 96.4-96.4c9.4-9.4 24.6-9.4 33.9 0l22.6 22.6c9.4 9.4 9.4 24.6 0 33.9l-136 136c-9.2 9.4-24.4 9.4-33.8 0z\"><\/path><\/svg><\/div><div id=\"elementor-tab-content-1092\" class=\"eael-accordion-content clearfix\" data-tab=\"2\" aria-labelledby=\"do-you-offer-refunds\"><p>Oferecemos uma garantia de reembolso total durante os primeiros 7 dias em todos os nossos pacotes. Al\u00e9m disso, oferecemos um reembolso de 60%, que varia de acordo com a dura\u00e7\u00e3o do uso do servi\u00e7o. No entanto, \u00e9 importante mencionar que os reembolsos n\u00e3o est\u00e3o dispon\u00edveis para per\u00edodos de teste.<\/p><\/div>\n\t\t\t\t\t<\/div><div class=\"eael-accordion-list\">\n\t\t\t\t\t<div id=\"1clicktv-smart-solution-for-buffering-issues\" class=\"elementor-tab-title eael-accordion-header\" tabindex=\"0\" data-tab=\"3\" aria-controls=\"elementor-tab-content-1093\"><span class=\"eael-accordion-tab-title\">1ClickTV Solu\u00e7\u00e3o inteligente para problemas de buffering<\/span><svg aria-hidden=\"true\" class=\"fa-toggle e-font-icon-svg e-fas-angle-down\" viewbox=\"0 0 320 512\" xmlns=\"http:\/\/www.w3.org\/2000\/svg\"><path d=\"M143 352.3L7 216.3c-9.4-9.4-9.4-24.6 0-33.9l22.6-22.6c9.4-9.4 24.6-9.4 33.9 0l96.4 96.4 96.4-96.4c9.4-9.4 24.6-9.4 33.9 0l22.6 22.6c9.4 9.4 9.4 24.6 0 33.9l-136 136c-9.2 9.4-24.4 9.4-33.8 0z\"><\/path><\/svg><\/div><div id=\"elementor-tab-content-1093\" class=\"eael-accordion-content clearfix\" data-tab=\"3\" aria-labelledby=\"1clicktv-smart-solution-for-buffering-issues\"><p>A maioria dos problemas de buffering tem origem na limita\u00e7\u00e3o do ISP, isto \u00e9, quando o seu fornecedor de Internet o torna mais lento durante as horas de ponta ou quando est\u00e1 a utilizar muitos dados. Se estiver a fazer streaming a partir de um servidor que o ISP n\u00e3o reconhece (sites como o Twitch, YouTube e Netflix est\u00e3o na lista branca, por isso n\u00e3o afectam isto), ent\u00e3o o fornecedor pode abrandar o seu servi\u00e7o. Uma VPN combate este problema, uma vez que oculta a origem dos seus dados. (Isto n\u00e3o lhe d\u00e1 anonimato, o seu fornecedor de servi\u00e7os\/autoridades podem continuar a ver o que est\u00e1 a fazer se quiserem)\u00a0<\/p><p>Mas com o 1clicktv oferecemos-lhe outro Url Host chamado VPN Host URL este esconde a sua identidade e faz com que a sua utiliza\u00e7\u00e3o de dados seja feita enquanto est\u00e1 a ver v\u00eddeos do youtube para que possa fazer streaming de IPTV enquanto v\u00ea televis\u00e3o atrav\u00e9s da TV por cabo\u00a0<\/p><\/div>\n\t\t\t\t\t<\/div><div class=\"eael-accordion-list\">\n\t\t\t\t\t<div id=\"how-can-i-get-a-free-vpn-account\" class=\"elementor-tab-title eael-accordion-header\" tabindex=\"0\" data-tab=\"4\" aria-controls=\"elementor-tab-content-1094\"><span class=\"eael-accordion-tab-title\">Como posso obter uma conta VPN gratuita?<\/span><svg aria-hidden=\"true\" class=\"fa-toggle e-font-icon-svg e-fas-angle-down\" viewbox=\"0 0 320 512\" xmlns=\"http:\/\/www.w3.org\/2000\/svg\"><path d=\"M143 352.3L7 216.3c-9.4-9.4-9.4-24.6 0-33.9l22.6-22.6c9.4-9.4 24.6-9.4 33.9 0l96.4 96.4 96.4-96.4c9.4-9.4 24.6-9.4 33.9 0l22.6 22.6c9.4 9.4 9.4 24.6 0 33.9l-136 136c-9.2 9.4-24.4 9.4-33.8 0z\"><\/path><\/svg><\/div><div id=\"elementor-tab-content-1094\" class=\"eael-accordion-content clearfix\" data-tab=\"4\" aria-labelledby=\"how-can-i-get-a-free-vpn-account\"><p>Para obter uma conta VPN gratuita, \u00e9 necess\u00e1rio adquirir uma subscri\u00e7\u00e3o de 6 ou 12 meses (ou j\u00e1 ter uma). Depois, envie-nos o nome de utilizador da sua conta IPTV por e-mail. Assim que confirmarmos a sua subscri\u00e7\u00e3o, enviaremos os detalhes da sua conta VPN por e-mail.<\/p><\/div>\n\t\t\t\t\t<\/div><\/div>\t\t\t\t<\/div>\n\t\t\t\t<\/div>\n\t\t\t\t<\/div>\n\t\t\t\t<\/div>\n\t\t\t\t<\/div>","protected":false},"excerpt":{"rendered":"<p>Frequently Ask Questions What is 1ClickTV IPTV? 1ClickTV is a IPTV service that offers a wide range of content, including 25,000+ live TV channels, 180,000+ (VOD), movies, series, shows, international channels, and local UK, US and Canadian channels. It covers various genres, such as sports, news, and NFL Games, and is designed to provide a [&hellip;]<\/p>","protected":false},"author":1,"featured_media":0,"parent":0,"menu_order":0,"comment_status":"closed","ping_status":"closed","template":"","meta":{"footnotes":""},"class_list":["post-210","page","type-page","status-publish","hentry"],"rttpg_featured_image_url":null,"rttpg_author":{"display_name":"admin","author_link":"https:\/\/oneclicktv.net\/portugal\/author\/admin\/"},"rttpg_comment":0,"rttpg_category":null,"rttpg_excerpt":"Frequently Ask Questions What is 1ClickTV IPTV? 1ClickTV is a IPTV service that offers a wide range of content, including 25,000+ live TV channels, 180,000+ (VOD), movies, series, shows, international channels, and local UK, US and Canadian channels. It covers various genres, such as sports, news, and NFL Games, and is designed to provide a&hellip;","_links":{"self":[{"href":"https:\/\/oneclicktv.net\/portugal\/wp-json\/wp\/v2\/pages\/210","targetHints":{"allow":["GET"]}}],"collection":[{"href":"https:\/\/oneclicktv.net\/portugal\/wp-json\/wp\/v2\/pages"}],"about":[{"href":"https:\/\/oneclicktv.net\/portugal\/wp-json\/wp\/v2\/types\/page"}],"author":[{"embeddable":true,"href":"https:\/\/oneclicktv.net\/portugal\/wp-json\/wp\/v2\/users\/1"}],"replies":[{"embeddable":true,"href":"https:\/\/oneclicktv.net\/portugal\/wp-json\/wp\/v2\/comments?post=210"}],"version-history":[{"count":5,"href":"https:\/\/oneclicktv.net\/portugal\/wp-json\/wp\/v2\/pages\/210\/revisions"}],"predecessor-version":[{"id":5264,"href":"https:\/\/oneclicktv.net\/portugal\/wp-json\/wp\/v2\/pages\/210\/revisions\/5264"}],"wp:attachment":[{"href":"https:\/\/oneclicktv.net\/portugal\/wp-json\/wp\/v2\/media?parent=210"}],"curies":[{"name":"wp","href":"https:\/\/api.w.org\/{rel}","templated":true}]}}