{"id":276,"date":"2026-01-15T18:59:57","date_gmt":"2026-01-15T18:59:57","guid":{"rendered":"https:\/\/oneclicktv.net\/?page_id=276"},"modified":"2026-01-15T19:04:57","modified_gmt":"2026-01-15T19:04:57","slug":"dmca","status":"publish","type":"page","link":"https:\/\/oneclicktv.net\/oficial-espana\/dmca\/","title":{"rendered":"DMCA"},"content":{"rendered":"<h1 class=\"wp-block-heading\"><strong>Pol\u00edtica DMCA de 1ClickTV<\/strong><\/h1>\n\n\n\n<p>La Ley de Derechos de Autor para el Milenio Digital (\u201cDMCA\u201d, por sus siglas en ingl\u00e9s) est\u00e1 dise\u00f1ada para proteger a los creadores de contenidos de que otras personas roben y publiquen sus obras en Internet.<\/p>\n\n\n\n<p>La ley se dirige espec\u00edficamente a los sitios web en los que los propietarios no saben qui\u00e9n ha aportado cada contenido o que el sitio web es una plataforma para subir y publicar contenidos.<\/p>\n\n\n\n<p>Tenemos la pol\u00edtica de responder a cualquier aviso de infracci\u00f3n y tomar las medidas oportunas.<\/p>\n\n\n\n<p>Esta pol\u00edtica de la Digital Millennium Copyright Act se aplica a&nbsp;<strong>\u201c<a href=\"https:\/\/1clicktv.net\/\" target=\"_blank\" rel=\"noopener\">oneclicktv.net<\/a>\u201c<\/strong>&nbsp;(\u201cSitio Web\u201d o \u201cServicio\u201d) y cualquiera de sus productos y servicios relacionados (colectivamente, \u201cServicios\u201d) y describe c\u00f3mo este operador del Sitio Web (\u201cOperador\u201d, \u201cnosotros\u201d, \u201cnos\u201d o \u201cnuestro\u201d) aborda las notificaciones de infracci\u00f3n de derechos de autor y c\u00f3mo usted (\u201custed\u201d o \u201csu\u201d) puede presentar una reclamaci\u00f3n por infracci\u00f3n de derechos de autor.<\/p>\n\n\n\n<p>La protecci\u00f3n de la propiedad intelectual es de suma importancia para nosotros y pedimos a nuestros usuarios y a sus agentes autorizados que hagan lo mismo. Nuestra pol\u00edtica es responder r\u00e1pidamente a las notificaciones claras de supuestas infracciones de derechos de autor que cumplan con la Ley de Derechos de Autor del Milenio Digital de los Estados Unidos (\u201cDMCA\u201d) de 1998, cuyo texto puede consultarse en la Oficina de Derechos de Autor de los Estados Unidos.&nbsp;<a href=\"https:\/\/www.copyright.gov\/\" target=\"_blank\" rel=\"noreferrer noopener\"><strong>sitio web<\/strong><\/a>.<\/p>\n\n\n\n<h2 class=\"wp-block-heading\"><strong>Qu\u00e9 hay que tener en cuenta antes de presentar una reclamaci\u00f3n por derechos de autor<\/strong><\/h2>\n\n\n\n<p>Por favor, tenga en cuenta que si no est\u00e1 seguro de si el material que est\u00e1 denunciando est\u00e1 realmente infringiendo la ley, es posible que desee ponerse en contacto con un abogado antes de presentarnos una notificaci\u00f3n.<\/p>\n\n\n\n<p>La DMCA exige que facilite sus datos personales en la notificaci\u00f3n de infracci\u00f3n de derechos de autor. Si le preocupa la privacidad de su informaci\u00f3n personal.<\/p>\n\n\n\n<h2 class=\"wp-block-heading\"><strong>Notificaciones de infracci\u00f3n<\/strong><\/h2>\n\n\n\n<p>Si usted es propietario de derechos de autor o un agente de los mismos, y cree que cualquier material disponible en nuestros Servicios infringe sus derechos de autor, puede enviar una notificaci\u00f3n por escrito de infracci\u00f3n de derechos de autor (\u201cNotificaci\u00f3n\u201d) utilizando los datos de contacto que figuran a continuaci\u00f3n de conformidad con la DMCA. Todas las Notificaciones deben cumplir los requisitos de la DMCA.<\/p>\n\n\n\n<p>La presentaci\u00f3n de una denuncia DMCA es el inicio de un proceso legal predefinido. Su denuncia ser\u00e1 revisada para comprobar su exactitud, validez e integridad. Si su denuncia cumple estos requisitos, nuestra respuesta puede incluir la retirada o restricci\u00f3n del acceso al material supuestamente infractor.<\/p>\n\n\n\n<p>Si eliminamos o restringimos el acceso a materiales o cancelamos una cuenta en respuesta a una Notificaci\u00f3n de presunta infracci\u00f3n, haremos un esfuerzo de buena fe para ponernos en contacto con el usuario afectado con informaci\u00f3n relativa a la eliminaci\u00f3n o restricci\u00f3n del acceso.<\/p>\n\n\n\n<p>Sin perjuicio de cualquier disposici\u00f3n en contrario contenida en cualquier parte de esta Pol\u00edtica, el Operador se reserva el derecho a no tomar ninguna medida tras la recepci\u00f3n de una notificaci\u00f3n de infracci\u00f3n de derechos de autor DMCA si no cumple con todos los requisitos de la DMCA para tales notificaciones.<\/p>\n\n\n\n<p>El proceso descrito en esta Pol\u00edtica no limita nuestra capacidad de recurrir a cualquier otro recurso que podamos tener para hacer frente a una presunta infracci\u00f3n.<\/p>\n\n\n\n<h2 class=\"wp-block-heading\"><strong>Cambios y modificaciones<\/strong><\/h2>\n\n\n\n<p>Nos reservamos el derecho a modificar esta Pol\u00edtica o los t\u00e9rminos relacionados con el Sitio Web y los Servicios en cualquier momento y a nuestra discreci\u00f3n. Cuando lo hagamos, publicaremos una notificaci\u00f3n en la p\u00e1gina principal del Sitio Web, le enviaremos un correo electr\u00f3nico para notific\u00e1rselo. Tambi\u00e9n podremos notific\u00e1rselo de otras formas a nuestra discreci\u00f3n, como por ejemplo a trav\u00e9s de la informaci\u00f3n de contacto que nos haya proporcionado.<\/p>\n\n\n\n<p>Una versi\u00f3n actualizada de esta Pol\u00edtica entrar\u00e1 en vigor inmediatamente despu\u00e9s de la publicaci\u00f3n de la Pol\u00edtica revisada, a menos que se especifique lo contrario. Su uso continuado del Sitio Web y de los Servicios despu\u00e9s de la fecha de entrada en vigor de la Pol\u00edtica revisada (o de cualquier otro acto especificado en ese momento) constituir\u00e1 su consentimiento a dichos cambios.<\/p>\n\n\n\n<h2 class=\"wp-block-heading\"><strong>Notificaci\u00f3n de infracciones de derechos de autor<\/strong><\/h2>\n\n\n\n<p>Si desea notificarnos la existencia de material o actividad infractora, le animamos a que se ponga en contacto con nosotros a trav\u00e9s de la direcci\u00f3n de correo electr\u00f3nico que figura a continuaci\u00f3n.<\/p>\n\n\n\n<p><strong>Correo electr\u00f3nico: Support@oneclicktv.net<\/strong><\/p>\n\n\n\n<p><strong>Por favor, espere 1-2 d\u00edas laborables para recibir una respuesta por correo electr\u00f3nico.<\/strong><\/p>","protected":false},"excerpt":{"rendered":"<p>DMCA Policy For 1ClickTV The Digital Millennium Copyright Act (\u201cDMCA\u201d) is designed to protect content creators from having their work stolen and published by other people on the internet. The law specifically targets websites where owners do not know who contributed each item of content or that the website is a platform for uploading and [&hellip;]<\/p>","protected":false},"author":1,"featured_media":0,"parent":0,"menu_order":0,"comment_status":"closed","ping_status":"closed","template":"","meta":{"footnotes":""},"class_list":["post-276","page","type-page","status-publish","hentry"],"rttpg_featured_image_url":null,"rttpg_author":{"display_name":"admin","author_link":"https:\/\/oneclicktv.net\/oficial-espana\/author\/admin\/"},"rttpg_comment":0,"rttpg_category":null,"rttpg_excerpt":"DMCA Policy For 1ClickTV The Digital Millennium Copyright Act (\u201cDMCA\u201d) is designed to protect content creators from having their work stolen and published by other people on the internet. The law specifically targets websites where owners do not know who contributed each item of content or that the website is a platform for uploading and&hellip;","_links":{"self":[{"href":"https:\/\/oneclicktv.net\/oficial-espana\/wp-json\/wp\/v2\/pages\/276","targetHints":{"allow":["GET"]}}],"collection":[{"href":"https:\/\/oneclicktv.net\/oficial-espana\/wp-json\/wp\/v2\/pages"}],"about":[{"href":"https:\/\/oneclicktv.net\/oficial-espana\/wp-json\/wp\/v2\/types\/page"}],"author":[{"embeddable":true,"href":"https:\/\/oneclicktv.net\/oficial-espana\/wp-json\/wp\/v2\/users\/1"}],"replies":[{"embeddable":true,"href":"https:\/\/oneclicktv.net\/oficial-espana\/wp-json\/wp\/v2\/comments?post=276"}],"version-history":[{"count":2,"href":"https:\/\/oneclicktv.net\/oficial-espana\/wp-json\/wp\/v2\/pages\/276\/revisions"}],"predecessor-version":[{"id":280,"href":"https:\/\/oneclicktv.net\/oficial-espana\/wp-json\/wp\/v2\/pages\/276\/revisions\/280"}],"wp:attachment":[{"href":"https:\/\/oneclicktv.net\/oficial-espana\/wp-json\/wp\/v2\/media?parent=276"}],"curies":[{"name":"wp","href":"https:\/\/api.w.org\/{rel}","templated":true}]}}