{"id":210,"date":"2026-01-15T09:51:15","date_gmt":"2026-01-15T09:51:15","guid":{"rendered":"https:\/\/oneclicktv.net\/?page_id=210"},"modified":"2026-04-14T07:52:52","modified_gmt":"2026-04-14T07:52:52","slug":"preguntas-frecuentes","status":"publish","type":"page","link":"https:\/\/oneclicktv.net\/oficial-espana\/preguntas-frecuentes\/","title":{"rendered":"Preguntas frecuentes\u00a0"},"content":{"rendered":"<div data-elementor-type=\"wp-page\" data-elementor-id=\"210\" class=\"elementor elementor-210\" data-elementor-post-type=\"page\">\n\t\t\t\t<div data-particle_enable=\"false\" data-particle-mobile-disabled=\"false\" class=\"elementor-element elementor-element-1591f374 e-con-full e-flex e-con e-parent\" data-id=\"1591f374\" data-element_type=\"container\" data-settings=\"{&quot;background_background&quot;:&quot;classic&quot;}\">\n\t\t\t\t<div class=\"elementor-element elementor-element-67e0a907 elementor-widget elementor-widget-heading\" data-id=\"67e0a907\" data-element_type=\"widget\" data-widget_type=\"heading.default\">\n\t\t\t\t\t<h2 class=\"elementor-heading-title elementor-size-default\">Preguntas frecuentes\n<\/h2>\t\t\t\t<\/div>\n\t\t<div data-particle_enable=\"false\" data-particle-mobile-disabled=\"false\" class=\"elementor-element elementor-element-77cc045f e-con-full e-flex e-con e-child\" data-id=\"77cc045f\" data-element_type=\"container\">\n\t\t<div data-particle_enable=\"false\" data-particle-mobile-disabled=\"false\" class=\"elementor-element elementor-element-6f3b435a e-con-full e-flex e-con e-child\" data-id=\"6f3b435a\" data-element_type=\"container\">\n\t\t\t\t<div class=\"elementor-element elementor-element-33cd8b93 elementor-widget elementor-widget-eael-adv-accordion\" data-id=\"33cd8b93\" data-element_type=\"widget\" data-widget_type=\"eael-adv-accordion.default\">\n\t\t\t\t\t            <div class=\"eael-adv-accordion\" id=\"eael-adv-accordion-33cd8b93\" data-scroll-on-click=\"no\" data-scroll-speed=\"300\" data-accordion-id=\"33cd8b93\" data-accordion-type=\"accordion\" data-toogle-speed=\"300\">\n            <div class=\"eael-accordion-list\">\n\t\t\t\t\t<div id=\"what-is-1clicktv-iptv\" class=\"elementor-tab-title eael-accordion-header\" tabindex=\"0\" data-tab=\"1\" aria-controls=\"elementor-tab-content-8691\"><span class=\"eael-accordion-tab-title\">\u00bfQu\u00e9 es 1ClickTV IPTV?<\/span><svg aria-hidden=\"true\" class=\"fa-toggle e-font-icon-svg e-fas-angle-down\" viewbox=\"0 0 320 512\" xmlns=\"http:\/\/www.w3.org\/2000\/svg\"><path d=\"M143 352.3L7 216.3c-9.4-9.4-9.4-24.6 0-33.9l22.6-22.6c9.4-9.4 24.6-9.4 33.9 0l96.4 96.4 96.4-96.4c9.4-9.4 24.6-9.4 33.9 0l22.6 22.6c9.4 9.4 9.4 24.6 0 33.9l-136 136c-9.2 9.4-24.4 9.4-33.8 0z\"><\/path><\/svg><\/div><div id=\"elementor-tab-content-8691\" class=\"eael-accordion-content clearfix\" data-tab=\"1\" aria-labelledby=\"what-is-1clicktv-iptv\"><div class=\"elementskit-card active\"><div id=\"Collapse-a06c87a64a73c5d15ccc\" class=\"collapse show\" aria-labelledby=\"primaryHeading-0-36d7176\" data-parent=\"#accordion-64a73c5d15ccc\"><div class=\"elementskit-card-body ekit-accordion--content\"><p>1ClickTV es un servicio IPTV que ofrece una amplia gama de contenidos, incluidos m\u00e1s de 25.000 canales de TV en directo, m\u00e1s de 180.000 (VOD), pel\u00edculas, series, espect\u00e1culos, canales internacionales y canales locales del Reino Unido, EE.UU. y Canad\u00e1. Abarca varios g\u00e9neros, como deportes, noticias y partidos de la NFL, y est\u00e1 dise\u00f1ado para ofrecer una experiencia de streaming fluida, sin buffering ni congelaciones.<\/p><\/div><\/div><\/div><div class=\"elementskit-card\"><div id=\"primaryHeading-1-36d7176\" class=\"elementskit-card-header\">\u00a0<\/div><\/div><\/div>\n\t\t\t\t\t<\/div><div class=\"eael-accordion-list\">\n\t\t\t\t\t<div id=\"which-devices-can-i-use-iptv-on\" class=\"elementor-tab-title eael-accordion-header\" tabindex=\"0\" data-tab=\"2\" aria-controls=\"elementor-tab-content-8692\"><span class=\"eael-accordion-tab-title\">\u00bfEn qu\u00e9 dispositivos puedo utilizar IPTV?<\/span><svg aria-hidden=\"true\" class=\"fa-toggle e-font-icon-svg e-fas-angle-down\" viewbox=\"0 0 320 512\" xmlns=\"http:\/\/www.w3.org\/2000\/svg\"><path d=\"M143 352.3L7 216.3c-9.4-9.4-9.4-24.6 0-33.9l22.6-22.6c9.4-9.4 24.6-9.4 33.9 0l96.4 96.4 96.4-96.4c9.4-9.4 24.6-9.4 33.9 0l22.6 22.6c9.4 9.4 9.4 24.6 0 33.9l-136 136c-9.2 9.4-24.4 9.4-33.8 0z\"><\/path><\/svg><\/div><div id=\"elementor-tab-content-8692\" class=\"eael-accordion-content clearfix\" data-tab=\"2\" aria-labelledby=\"which-devices-can-i-use-iptv-on\"><p><em>Puedes utilizar IPTV 1ClickTV en los siguientes dispositivos:<\/em><\/p><p>\u00a0<\/p><ul><li>Televisores Amazon Fire y Firesticks.<\/li><li>Magbox, Nvidia Shield, Google Chromecast.<\/li><li>Televisores, Boxes, Tel\u00e9fonos y Tablets Android.<\/li><li>iPhone, iPad, Mac y otros dispositivos iOS.<\/li><li>Smart TV (LG, Samsung, Sony, etc.)<\/li><li>Emuladores de Android para Mac y Windows.<\/li><\/ul><\/div>\n\t\t\t\t\t<\/div><div class=\"eael-accordion-list\">\n\t\t\t\t\t<div id=\"how-do-i-install-iptv-service-on-my-device\" class=\"elementor-tab-title eael-accordion-header\" tabindex=\"0\" data-tab=\"3\" aria-controls=\"elementor-tab-content-8693\"><span class=\"eael-accordion-tab-title\">\u00bfC\u00f3mo instalo el servicio IPTV en mi dispositivo?<\/span><svg aria-hidden=\"true\" class=\"fa-toggle e-font-icon-svg e-fas-angle-down\" viewbox=\"0 0 320 512\" xmlns=\"http:\/\/www.w3.org\/2000\/svg\"><path d=\"M143 352.3L7 216.3c-9.4-9.4-9.4-24.6 0-33.9l22.6-22.6c9.4-9.4 24.6-9.4 33.9 0l96.4 96.4 96.4-96.4c9.4-9.4 24.6-9.4 33.9 0l22.6 22.6c9.4 9.4 9.4 24.6 0 33.9l-136 136c-9.2 9.4-24.4 9.4-33.8 0z\"><\/path><\/svg><\/div><div id=\"elementor-tab-content-8693\" class=\"eael-accordion-content clearfix\" data-tab=\"3\" aria-labelledby=\"how-do-i-install-iptv-service-on-my-device\"><p>Las instrucciones de instalaci\u00f3n pueden variar en funci\u00f3n del dispositivo que utilices. En nuestro sitio web ofrecemos gu\u00edas de instalaci\u00f3n paso a paso para varios dispositivos compatibles. Consulta la gu\u00eda correspondiente a tu dispositivo en la secci\u00f3n <a href=\"https:\/\/oneclicktv.net\/oficial-espana\/instalaciones-iptv\/\">P\u00e1gina de instalaci\u00f3n<\/a> para empezar.\u00a0<\/p><\/div>\n\t\t\t\t\t<\/div><div class=\"eael-accordion-list\">\n\t\t\t\t\t<div id=\"how-do-i-renew-my-1clicktv-subscription\" class=\"elementor-tab-title eael-accordion-header\" tabindex=\"0\" data-tab=\"4\" aria-controls=\"elementor-tab-content-8694\"><span class=\"eael-accordion-tab-title\">\u00bfC\u00f3mo renuevo mi suscripci\u00f3n a 1ClickTV?<\/span><svg aria-hidden=\"true\" class=\"fa-toggle e-font-icon-svg e-fas-angle-down\" viewbox=\"0 0 320 512\" xmlns=\"http:\/\/www.w3.org\/2000\/svg\"><path d=\"M143 352.3L7 216.3c-9.4-9.4-9.4-24.6 0-33.9l22.6-22.6c9.4-9.4 24.6-9.4 33.9 0l96.4 96.4 96.4-96.4c9.4-9.4 24.6-9.4 33.9 0l22.6 22.6c9.4 9.4 9.4 24.6 0 33.9l-136 136c-9.2 9.4-24.4 9.4-33.8 0z\"><\/path><\/svg><\/div><div id=\"elementor-tab-content-8694\" class=\"eael-accordion-content clearfix\" data-tab=\"4\" aria-labelledby=\"how-do-i-renew-my-1clicktv-subscription\"><p>Para renovar su suscripci\u00f3n, s\u00f3lo tiene que ir a nuestro sitio web y elegir el nuevo plan que desee y, despu\u00e9s de pagar, activaremos autom\u00e1ticamente el nuevo plan con los mismos datos de credenciales del plan anterior. Puede obtener los datos de las nuevas credenciales poni\u00e9ndose en contacto con nosotros.<\/p><\/div>\n\t\t\t\t\t<\/div><div class=\"eael-accordion-list\">\n\t\t\t\t\t<div id=\"can-i-use-1clicktv-iptv-when-i-travel-abroad\" class=\"elementor-tab-title eael-accordion-header\" tabindex=\"0\" data-tab=\"5\" aria-controls=\"elementor-tab-content-8695\"><span class=\"eael-accordion-tab-title\">\u00bfPuedo utilizar 1ClickTV IPTV cuando viajo al extranjero?<\/span><svg aria-hidden=\"true\" class=\"fa-toggle e-font-icon-svg e-fas-angle-down\" viewbox=\"0 0 320 512\" xmlns=\"http:\/\/www.w3.org\/2000\/svg\"><path d=\"M143 352.3L7 216.3c-9.4-9.4-9.4-24.6 0-33.9l22.6-22.6c9.4-9.4 24.6-9.4 33.9 0l96.4 96.4 96.4-96.4c9.4-9.4 24.6-9.4 33.9 0l22.6 22.6c9.4 9.4 9.4 24.6 0 33.9l-136 136c-9.2 9.4-24.4 9.4-33.8 0z\"><\/path><\/svg><\/div><div id=\"elementor-tab-content-8695\" class=\"eael-accordion-content clearfix\" data-tab=\"5\" aria-labelledby=\"can-i-use-1clicktv-iptv-when-i-travel-abroad\"><p>S\u00ed, 1ClickTV es accesible internacionalmente. Puedes utilizar el servicio mientras viajas al extranjero siempre que dispongas de una conexi\u00f3n a Internet estable. Te permite seguir conectado a tus contenidos favoritos est\u00e9s donde est\u00e9s.<\/p><\/div>\n\t\t\t\t\t<\/div><\/div>\t\t\t\t<\/div>\n\t\t\t\t<\/div>\n\t\t<div data-particle_enable=\"false\" data-particle-mobile-disabled=\"false\" class=\"elementor-element elementor-element-74c3d7a9 e-con-full e-flex e-con e-child\" data-id=\"74c3d7a9\" data-element_type=\"container\">\n\t\t\t\t<div class=\"elementor-element elementor-element-4174699e elementor-widget elementor-widget-eael-adv-accordion\" data-id=\"4174699e\" data-element_type=\"widget\" data-widget_type=\"eael-adv-accordion.default\">\n\t\t\t\t\t            <div class=\"eael-adv-accordion\" id=\"eael-adv-accordion-4174699e\" data-scroll-on-click=\"no\" data-scroll-speed=\"300\" data-accordion-id=\"4174699e\" data-accordion-type=\"accordion\" data-toogle-speed=\"300\">\n            <div class=\"eael-accordion-list\">\n\t\t\t\t\t<div id=\"can-i-share-my-1clicktv-iptv-account-with-family-members-or-friends\" class=\"elementor-tab-title eael-accordion-header\" tabindex=\"0\" data-tab=\"1\" aria-controls=\"elementor-tab-content-1091\"><span class=\"eael-accordion-tab-title\">\u00bfPuedo compartir mi cuenta de 1ClickTV IPTV con familiares o amigos?<\/span><svg aria-hidden=\"true\" class=\"fa-toggle e-font-icon-svg e-fas-angle-down\" viewbox=\"0 0 320 512\" xmlns=\"http:\/\/www.w3.org\/2000\/svg\"><path d=\"M143 352.3L7 216.3c-9.4-9.4-9.4-24.6 0-33.9l22.6-22.6c9.4-9.4 24.6-9.4 33.9 0l96.4 96.4 96.4-96.4c9.4-9.4 24.6-9.4 33.9 0l22.6 22.6c9.4 9.4 9.4 24.6 0 33.9l-136 136c-9.2 9.4-24.4 9.4-33.8 0z\"><\/path><\/svg><\/div><div id=\"elementor-tab-content-1091\" class=\"eael-accordion-content clearfix\" data-tab=\"1\" aria-labelledby=\"can-i-share-my-1clicktv-iptv-account-with-family-members-or-friends\"><div class=\"elementskit-card active\"><div id=\"Collapse-a06c87a64a73c5d15ccc\" class=\"collapse show\" aria-labelledby=\"primaryHeading-0-36d7176\" data-parent=\"#accordion-64a73c5d15ccc\"><div class=\"elementskit-card-body ekit-accordion--content\"><p>Las cuentas IPTV de 1ClickTV son para uso personal, y compartir cuentas con otros puede violar nuestras condiciones de servicio. Ofrecemos soporte para m\u00faltiples dispositivos con ciertos planes de suscripci\u00f3n para acomodar a los usuarios individuales.<\/p><\/div><\/div><\/div><div class=\"elementskit-card\"><div id=\"primaryHeading-1-36d7176\" class=\"elementskit-card-header\">\u00a0<\/div><\/div><\/div>\n\t\t\t\t\t<\/div><div class=\"eael-accordion-list\">\n\t\t\t\t\t<div id=\"do-you-offer-refunds\" class=\"elementor-tab-title eael-accordion-header\" tabindex=\"0\" data-tab=\"2\" aria-controls=\"elementor-tab-content-1092\"><span class=\"eael-accordion-tab-title\">\u00bfOfrecen devoluciones?<\/span><svg aria-hidden=\"true\" class=\"fa-toggle e-font-icon-svg e-fas-angle-down\" viewbox=\"0 0 320 512\" xmlns=\"http:\/\/www.w3.org\/2000\/svg\"><path d=\"M143 352.3L7 216.3c-9.4-9.4-9.4-24.6 0-33.9l22.6-22.6c9.4-9.4 24.6-9.4 33.9 0l96.4 96.4 96.4-96.4c9.4-9.4 24.6-9.4 33.9 0l22.6 22.6c9.4 9.4 9.4 24.6 0 33.9l-136 136c-9.2 9.4-24.4 9.4-33.8 0z\"><\/path><\/svg><\/div><div id=\"elementor-tab-content-1092\" class=\"eael-accordion-content clearfix\" data-tab=\"2\" aria-labelledby=\"do-you-offer-refunds\"><p>Ofrecemos una garant\u00eda de reembolso completa durante los 7 d\u00edas iniciales en todos nuestros paquetes. Adem\u00e1s, ofrecemos un reembolso de 60%, que var\u00eda en funci\u00f3n de la duraci\u00f3n del uso del servicio. Sin embargo, es importante mencionar que los reembolsos no est\u00e1n disponibles para los periodos de prueba.<\/p><\/div>\n\t\t\t\t\t<\/div><div class=\"eael-accordion-list\">\n\t\t\t\t\t<div id=\"1clicktv-smart-solution-for-buffering-issues\" class=\"elementor-tab-title eael-accordion-header\" tabindex=\"0\" data-tab=\"3\" aria-controls=\"elementor-tab-content-1093\"><span class=\"eael-accordion-tab-title\">1ClickTV Soluci\u00f3n inteligente para los problemas de buffering<\/span><svg aria-hidden=\"true\" class=\"fa-toggle e-font-icon-svg e-fas-angle-down\" viewbox=\"0 0 320 512\" xmlns=\"http:\/\/www.w3.org\/2000\/svg\"><path d=\"M143 352.3L7 216.3c-9.4-9.4-9.4-24.6 0-33.9l22.6-22.6c9.4-9.4 24.6-9.4 33.9 0l96.4 96.4 96.4-96.4c9.4-9.4 24.6-9.4 33.9 0l22.6 22.6c9.4 9.4 9.4 24.6 0 33.9l-136 136c-9.2 9.4-24.4 9.4-33.8 0z\"><\/path><\/svg><\/div><div id=\"elementor-tab-content-1093\" class=\"eael-accordion-content clearfix\" data-tab=\"3\" aria-labelledby=\"1clicktv-smart-solution-for-buffering-issues\"><p>La mayor\u00eda de los problemas de buffering se deben a la ralentizaci\u00f3n del ISP, es decir, a que tu proveedor de internet ralentiza el servicio en horas punta o cuando utilizas muchos datos. Si est\u00e1s transmitiendo desde un servidor que el ISP no reconoce (sitios como Twitch, YouTube y Netflix est\u00e1n en la lista blanca, por lo que esto no afecta), entonces el proveedor puede ralentizar tu servicio. Una VPN evitar\u00e1 esto, ya que oculta de d\u00f3nde proceden tus datos. (Esto no te da anonimato, tu proveedor de servicios\/autoridades pueden seguir viendo lo que haces si quieren).\u00a0<\/p><p>Pero con 1clicktv le ofrecemos otra Url Host Llamado VPN Host URL este ocultar su identidad y hacer que su uso de datos como usted est\u00e1 viendo videos de youtube por lo que se streaming de IPTV como usted est\u00e1 viendo la televisi\u00f3n a trav\u00e9s de TV por cable\u00a0<\/p><\/div>\n\t\t\t\t\t<\/div><div class=\"eael-accordion-list\">\n\t\t\t\t\t<div id=\"how-can-i-get-a-free-vpn-account\" class=\"elementor-tab-title eael-accordion-header\" tabindex=\"0\" data-tab=\"4\" aria-controls=\"elementor-tab-content-1094\"><span class=\"eael-accordion-tab-title\">\u00bfC\u00f3mo puedo obtener una cuenta VPN gratuita?<\/span><svg aria-hidden=\"true\" class=\"fa-toggle e-font-icon-svg e-fas-angle-down\" viewbox=\"0 0 320 512\" xmlns=\"http:\/\/www.w3.org\/2000\/svg\"><path d=\"M143 352.3L7 216.3c-9.4-9.4-9.4-24.6 0-33.9l22.6-22.6c9.4-9.4 24.6-9.4 33.9 0l96.4 96.4 96.4-96.4c9.4-9.4 24.6-9.4 33.9 0l22.6 22.6c9.4 9.4 9.4 24.6 0 33.9l-136 136c-9.2 9.4-24.4 9.4-33.8 0z\"><\/path><\/svg><\/div><div id=\"elementor-tab-content-1094\" class=\"eael-accordion-content clearfix\" data-tab=\"4\" aria-labelledby=\"how-can-i-get-a-free-vpn-account\"><p>Para obtener una cuenta VPN gratuita, tienes que adquirir una suscripci\u00f3n de 6 o 12 meses (o tener ya una). A continuaci\u00f3n, env\u00edanos el nombre de usuario de tu cuenta IPTV por correo electr\u00f3nico. Cuando confirmemos tu suscripci\u00f3n, te enviaremos los datos de tu cuenta VPN por correo electr\u00f3nico.<\/p><\/div>\n\t\t\t\t\t<\/div><\/div>\t\t\t\t<\/div>\n\t\t\t\t<\/div>\n\t\t\t\t<\/div>\n\t\t\t\t<\/div>\n\t\t\t\t<\/div>","protected":false},"excerpt":{"rendered":"<p>Frequently Ask Questions What is 1ClickTV IPTV? 1ClickTV is a IPTV service that offers a wide range of content, including 25,000+ live TV channels, 180,000+ (VOD), movies, series, shows, international channels, and local UK, US and Canadian channels. It covers various genres, such as sports, news, and NFL Games, and is designed to provide a [&hellip;]<\/p>","protected":false},"author":1,"featured_media":0,"parent":0,"menu_order":0,"comment_status":"closed","ping_status":"closed","template":"","meta":{"footnotes":""},"class_list":["post-210","page","type-page","status-publish","hentry"],"rttpg_featured_image_url":null,"rttpg_author":{"display_name":"admin","author_link":"https:\/\/oneclicktv.net\/oficial-espana\/author\/admin\/"},"rttpg_comment":0,"rttpg_category":null,"rttpg_excerpt":"Frequently Ask Questions What is 1ClickTV IPTV? 1ClickTV is a IPTV service that offers a wide range of content, including 25,000+ live TV channels, 180,000+ (VOD), movies, series, shows, international channels, and local UK, US and Canadian channels. It covers various genres, such as sports, news, and NFL Games, and is designed to provide a&hellip;","_links":{"self":[{"href":"https:\/\/oneclicktv.net\/oficial-espana\/wp-json\/wp\/v2\/pages\/210","targetHints":{"allow":["GET"]}}],"collection":[{"href":"https:\/\/oneclicktv.net\/oficial-espana\/wp-json\/wp\/v2\/pages"}],"about":[{"href":"https:\/\/oneclicktv.net\/oficial-espana\/wp-json\/wp\/v2\/types\/page"}],"author":[{"embeddable":true,"href":"https:\/\/oneclicktv.net\/oficial-espana\/wp-json\/wp\/v2\/users\/1"}],"replies":[{"embeddable":true,"href":"https:\/\/oneclicktv.net\/oficial-espana\/wp-json\/wp\/v2\/comments?post=210"}],"version-history":[{"count":5,"href":"https:\/\/oneclicktv.net\/oficial-espana\/wp-json\/wp\/v2\/pages\/210\/revisions"}],"predecessor-version":[{"id":5264,"href":"https:\/\/oneclicktv.net\/oficial-espana\/wp-json\/wp\/v2\/pages\/210\/revisions\/5264"}],"wp:attachment":[{"href":"https:\/\/oneclicktv.net\/oficial-espana\/wp-json\/wp\/v2\/media?parent=210"}],"curies":[{"name":"wp","href":"https:\/\/api.w.org\/{rel}","templated":true}]}}