{"id":192,"date":"2026-01-15T08:15:42","date_gmt":"2026-01-15T08:15:42","guid":{"rendered":"https:\/\/oneclicktv.net\/?page_id=192"},"modified":"2026-01-15T09:07:31","modified_gmt":"2026-01-15T09:07:31","slug":"politica-de-reembolso","status":"publish","type":"page","link":"https:\/\/oneclicktv.net\/oficial-espana\/politica-de-reembolso\/","title":{"rendered":"Pol\u00edtica de reembolso"},"content":{"rendered":"<div data-elementor-type=\"wp-page\" data-elementor-id=\"192\" class=\"elementor elementor-192\" data-elementor-post-type=\"page\">\n\t\t\t\t<div data-particle_enable=\"false\" data-particle-mobile-disabled=\"false\" class=\"elementor-element elementor-element-5ab5f9f4 e-flex e-con-boxed e-con e-parent\" data-id=\"5ab5f9f4\" data-element_type=\"container\" data-settings=\"{&quot;background_background&quot;:&quot;classic&quot;}\">\n\t\t\t\t\t<div class=\"e-con-inner\">\n\t\t\t\t<div class=\"elementor-element elementor-element-17760a35 elementor-widget elementor-widget-text-editor\" data-id=\"17760a35\" data-element_type=\"widget\" data-widget_type=\"text-editor.default\">\n\t\t\t\t\t\t\t\t\t<p data-start=\"164\" data-end=\"416\">En <strong data-start=\"167\" data-end=\"181\">OneClickTV<\/strong>, valoramos su satisfacci\u00f3n y nos esforzamos por ofrecerle la mejor experiencia de streaming posible. No obstante, si por cualquier motivo no quedas plenamente satisfecho con tu suscripci\u00f3n, te ofrecemos una pol\u00edtica de reembolso clara y sencilla: sin complicaciones ni riesgos.<\/p>\n<h3 data-start=\"418\" data-end=\"454\"><strong data-start=\"422\" data-end=\"454\">Periodos de garant\u00eda de devoluci\u00f3n del dinero<\/strong><\/h3>\n<ul data-start=\"455\" data-end=\"788\">\n<li data-start=\"455\" data-end=\"567\">\n<p data-start=\"457\" data-end=\"567\"><strong data-start=\"457\" data-end=\"490\">Paquetes de 1 y 3 meses:<\/strong> Elegible para un <strong data-start=\"506\" data-end=\"536\">7 d\u00edas de garant\u00eda de devoluci\u00f3n<\/strong> a partir de la fecha de activaci\u00f3n.<\/p>\n<\/li>\n<li data-start=\"568\" data-end=\"682\">\n<p data-start=\"570\" data-end=\"682\"><strong data-start=\"570\" data-end=\"604\">Paquetes de 6 y 12 meses:<\/strong> Elegible para un <strong data-start=\"620\" data-end=\"651\">Garant\u00eda de devoluci\u00f3n de 30 d\u00edas<\/strong> a partir de la fecha de activaci\u00f3n.<\/p>\n<\/li>\n<li data-start=\"683\" data-end=\"788\">\n<p data-start=\"685\" data-end=\"788\"><strong data-start=\"685\" data-end=\"709\">Conexi\u00f3n de por vida:<\/strong> Elegible para un <strong data-start=\"725\" data-end=\"757\">Garant\u00eda de devoluci\u00f3n de 100 d\u00edas<\/strong> a partir de la fecha de activaci\u00f3n.<\/p>\n<\/li>\n<\/ul>\n<h3 data-start=\"790\" data-end=\"821\"><strong data-start=\"794\" data-end=\"821\">C\u00f3mo solicitar una devoluci\u00f3n<\/strong><\/h3>\n<p data-start=\"822\" data-end=\"912\">Para solicitar un reembolso, p\u00f3ngase en contacto con nuestro equipo de asistencia a trav\u00e9s de cualquiera de los siguientes m\u00e9todos:<\/p>\n<ul data-start=\"913\" data-end=\"1065\">\n<li data-start=\"913\" data-end=\"946\">\n<p data-start=\"915\" data-end=\"946\"><strong data-start=\"915\" data-end=\"928\">WhatsApp:<\/strong> +44 7532 789713<\/p>\n<\/li>\n<li data-start=\"947\" data-end=\"1027\">\n<p data-start=\"949\" data-end=\"1027\"><strong data-start=\"949\" data-end=\"962\">Telegrama:<\/strong> <a class=\"decorated-link cursor-pointer\" target=\"_new\" rel=\"noopener\" data-start=\"963\" data-end=\"1025\">https:\/\/t.me\/OneclickTVdotnet<\/a><\/p>\n<\/li>\n<li data-start=\"1028\" data-end=\"1065\">\n<p data-start=\"1030\" data-end=\"1065\"><strong data-start=\"1030\" data-end=\"1040\">Correo electr\u00f3nico:<\/strong> <a class=\"decorated-link cursor-pointer\" rel=\"noopener\" data-start=\"1041\" data-end=\"1063\">support@oneclicktv.net<\/a><\/p>\n<\/li>\n<\/ul>\n<p data-start=\"1067\" data-end=\"1152\">Nuestro equipo tramitar\u00e1 su solicitud en las 24-48 horas siguientes a la recepci\u00f3n de su mensaje.<\/p>\n<h3 data-start=\"1154\" data-end=\"1175\"><strong data-start=\"1158\" data-end=\"1175\">M\u00e9todo de reembolso<\/strong><\/h3>\n<p data-start=\"1176\" data-end=\"1290\">Las devoluciones se efect\u00faan a trav\u00e9s de <strong data-start=\"1203\" data-end=\"1213\">PayPal<\/strong> o <strong data-start=\"1217\" data-end=\"1244\">Criptomoneda (Crypto)<\/strong>.<\/p>\n<h3 data-start=\"1292\" data-end=\"1311\"><strong data-start=\"1296\" data-end=\"1311\">Nuestra promesa<\/strong><\/h3>\n<p data-start=\"1312\" data-end=\"1506\">Si no est\u00e1 satisfecho con el servicio por cualquier motivo, tiene derecho a solicitar la devoluci\u00f3n del importe abonado. <strong data-start=\"1404\" data-end=\"1454\">en cualquier momento dentro del periodo de garant\u00eda aplicable<\/strong> \u2014 <strong data-start=\"1457\" data-end=\"1504\">sin complicaciones, sin riesgos y sin preguntas.<\/strong><\/p>\t\t\t\t\t\t\t\t<\/div>\n\t\t\t\t\t<\/div>\n\t\t\t\t<\/div>\n\t\t\t\t<\/div>","protected":false},"excerpt":{"rendered":"<p>At OneClickTV, we value your satisfaction and strive to provide the best streaming experience possible. However, if for any reason you are not fully satisfied with your subscription, we offer a clear and simple refund policy \u2014 no hassle, no risk. Money-Back Guarantee Periods 1-Month and 3-Month Packages: Eligible for a 7-day money-back guarantee from [&hellip;]<\/p>","protected":false},"author":1,"featured_media":0,"parent":0,"menu_order":0,"comment_status":"closed","ping_status":"closed","template":"","meta":{"footnotes":""},"class_list":["post-192","page","type-page","status-publish","hentry"],"rttpg_featured_image_url":null,"rttpg_author":{"display_name":"admin","author_link":"https:\/\/oneclicktv.net\/oficial-espana\/author\/admin\/"},"rttpg_comment":0,"rttpg_category":null,"rttpg_excerpt":"At OneClickTV, we value your satisfaction and strive to provide the best streaming experience possible. However, if for any reason you are not fully satisfied with your subscription, we offer a clear and simple refund policy \u2014 no hassle, no risk. Money-Back Guarantee Periods 1-Month and 3-Month Packages: Eligible for a 7-day money-back guarantee from&hellip;","_links":{"self":[{"href":"https:\/\/oneclicktv.net\/oficial-espana\/wp-json\/wp\/v2\/pages\/192","targetHints":{"allow":["GET"]}}],"collection":[{"href":"https:\/\/oneclicktv.net\/oficial-espana\/wp-json\/wp\/v2\/pages"}],"about":[{"href":"https:\/\/oneclicktv.net\/oficial-espana\/wp-json\/wp\/v2\/types\/page"}],"author":[{"embeddable":true,"href":"https:\/\/oneclicktv.net\/oficial-espana\/wp-json\/wp\/v2\/users\/1"}],"replies":[{"embeddable":true,"href":"https:\/\/oneclicktv.net\/oficial-espana\/wp-json\/wp\/v2\/comments?post=192"}],"version-history":[{"count":4,"href":"https:\/\/oneclicktv.net\/oficial-espana\/wp-json\/wp\/v2\/pages\/192\/revisions"}],"predecessor-version":[{"id":200,"href":"https:\/\/oneclicktv.net\/oficial-espana\/wp-json\/wp\/v2\/pages\/192\/revisions\/200"}],"wp:attachment":[{"href":"https:\/\/oneclicktv.net\/oficial-espana\/wp-json\/wp\/v2\/media?parent=192"}],"curies":[{"name":"wp","href":"https:\/\/api.w.org\/{rel}","templated":true}]}}