{"id":276,"date":"2026-01-15T18:59:57","date_gmt":"2026-01-15T18:59:57","guid":{"rendered":"https:\/\/oneclicktv.net\/?page_id=276"},"modified":"2026-01-15T19:04:57","modified_gmt":"2026-01-15T19:04:57","slug":"dmca","status":"publish","type":"page","link":"https:\/\/oneclicktv.net\/offiziell-deutschland\/dmca\/","title":{"rendered":"DMCA"},"content":{"rendered":"<h1 class=\"wp-block-heading\"><strong>DMCA-Richtlinie f\u00fcr 1ClickTV<\/strong><\/h1>\n\n\n\n<p>Der Digital Millennium Copyright Act (\u201cDMCA\u201d) soll Urheber von Inhalten davor sch\u00fctzen, dass ihre Werke von anderen Personen gestohlen und im Internet ver\u00f6ffentlicht werden.<\/p>\n\n\n\n<p>Das Gesetz zielt speziell auf Websites ab, bei denen die Eigent\u00fcmer nicht wissen, wer die einzelnen Inhalte beigesteuert hat oder dass die Website eine Plattform zum Hochladen und Ver\u00f6ffentlichen von Inhalten ist.<\/p>\n\n\n\n<p>Wir haben die Politik, auf jede Mitteilung \u00fcber eine Rechtsverletzung zu reagieren und entsprechende Ma\u00dfnahmen zu ergreifen.<\/p>\n\n\n\n<p>Diese Richtlinie zum Digital Millennium Copyright Act gilt f\u00fcr die&nbsp;<strong>\u201c<a href=\"https:\/\/1clicktv.net\/\" target=\"_blank\" rel=\"noopener\">oneclicktv.net<\/a>\u201c<\/strong>&nbsp;Website (\u201cWebsite\u201d oder \u201cDienst\u201d) und alle damit verbundenen Produkte und Dienste (zusammen \u201cDienste\u201d) und legt dar, wie der Betreiber dieser Website (\u201cBetreiber\u201d, \u201cwir\u201d, \u201cuns\u201d oder \u201cunser\u201d) Meldungen \u00fcber Urheberrechtsverletzungen behandelt und wie Sie (\u201cSie\u201d oder \u201cIhr\u201d) eine Beschwerde \u00fcber eine Urheberrechtsverletzung einreichen k\u00f6nnen.<\/p>\n\n\n\n<p>Der Schutz des geistigen Eigentums ist f\u00fcr uns von gr\u00f6\u00dfter Bedeutung, und wir bitten unsere Nutzer und ihre Bevollm\u00e4chtigten, dies ebenfalls zu tun. Es geh\u00f6rt zu unseren Grunds\u00e4tzen, unverz\u00fcglich auf eindeutige Meldungen \u00fcber angebliche Urheberrechtsverletzungen zu reagieren, die dem United States Digital Millennium Copyright Act (\u201cDMCA\u201d) von 1998 entsprechen, dessen Wortlaut Sie beim U.S. Copyright Office finden k\u00f6nnen&nbsp;<a href=\"https:\/\/www.copyright.gov\/\" target=\"_blank\" rel=\"noreferrer noopener\"><strong>Website<\/strong><\/a>.<\/p>\n\n\n\n<h2 class=\"wp-block-heading\"><strong>Was ist vor der Einreichung einer Urheberrechtsbeschwerde zu beachten?<\/strong><\/h2>\n\n\n\n<p>Wenn Sie sich nicht sicher sind, ob das von Ihnen gemeldete Material tats\u00e4chlich eine Rechtsverletzung darstellt, sollten Sie sich an einen Anwalt wenden, bevor Sie eine Meldung bei uns einreichen.<\/p>\n\n\n\n<p>Nach dem DMCA m\u00fcssen Sie in der Mitteilung \u00fcber die Urheberrechtsverletzung Ihre pers\u00f6nlichen Daten angeben. Wenn Sie um den Schutz Ihrer pers\u00f6nlichen Daten besorgt sind.<\/p>\n\n\n\n<h2 class=\"wp-block-heading\"><strong>Mitteilungen \u00fcber Verst\u00f6\u00dfe<\/strong><\/h2>\n\n\n\n<p>Wenn Sie ein Urheberrechtsinhaber oder ein Vertreter desselben sind und glauben, dass auf unseren Diensten verf\u00fcgbares Material Ihre Urheberrechte verletzt, k\u00f6nnen Sie eine schriftliche Mitteilung \u00fcber eine Urheberrechtsverletzung (\u201cMitteilung\u201d) unter Verwendung der nachstehenden Kontaktangaben gem\u00e4\u00df dem DMCA einreichen. Alle derartigen Benachrichtigungen m\u00fcssen den Anforderungen des DMCA entsprechen.<\/p>\n\n\n\n<p>Die Einreichung einer DMCA-Beschwerde ist der Beginn eines vordefinierten rechtlichen Prozesses. Ihre Beschwerde wird auf Richtigkeit, G\u00fcltigkeit und Vollst\u00e4ndigkeit gepr\u00fcft. Wenn Ihre Beschwerde diese Anforderungen erf\u00fcllt, kann unsere Antwort die Entfernung oder Einschr\u00e4nkung des Zugangs zu mutma\u00dflich rechtsverletzendem Material beinhalten.<\/p>\n\n\n\n<p>Wenn wir als Reaktion auf eine Meldung \u00fcber eine angebliche Rechtsverletzung den Zugang zu Materialien entfernen oder einschr\u00e4nken oder ein Konto aufl\u00f6sen, bem\u00fchen wir uns nach Treu und Glauben, den betroffenen Nutzer mit Informationen \u00fcber die Entfernung oder Einschr\u00e4nkung des Zugangs zu kontaktieren.<\/p>\n\n\n\n<p>Ungeachtet aller gegenteiligen Bestimmungen in dieser Richtlinie beh\u00e4lt sich der Betreiber das Recht vor, bei Erhalt einer DMCA-Urheberrechtsverletzung keine Ma\u00dfnahmen zu ergreifen, wenn er nicht alle Anforderungen des DMCA f\u00fcr solche Meldungen erf\u00fcllt.<\/p>\n\n\n\n<p>Das in dieser Richtlinie beschriebene Verfahren schr\u00e4nkt unsere M\u00f6glichkeiten, andere Rechtsmittel gegen mutma\u00dfliche Rechtsverletzungen zu ergreifen, nicht ein.<\/p>\n\n\n\n<h2 class=\"wp-block-heading\"><strong>\u00c4nderungen und Erg\u00e4nzungen<\/strong><\/h2>\n\n\n\n<p>Wir behalten uns das Recht vor, diese Richtlinie oder ihre Bedingungen in Bezug auf die Website und die Dienste jederzeit nach unserem Ermessen zu \u00e4ndern. Wenn wir dies tun, werden wir eine Benachrichtigung auf der Hauptseite der Website ver\u00f6ffentlichen oder Ihnen eine E-Mail schicken, um Sie zu informieren. Wir k\u00f6nnen Sie auch auf andere Weise nach unserem Ermessen benachrichtigen, z. B. \u00fcber die von Ihnen angegebenen Kontaktinformationen.<\/p>\n\n\n\n<p>Eine aktualisierte Version dieser Richtlinie tritt unmittelbar mit der Ver\u00f6ffentlichung der \u00fcberarbeiteten Richtlinie in Kraft, sofern nicht anders angegeben. Ihre fortgesetzte Nutzung der Website und der Dienste nach dem Datum des Inkrafttretens der \u00fcberarbeiteten Richtlinie (oder einer anderen zu diesem Zeitpunkt festgelegten Handlung) gilt als Ihre Zustimmung zu diesen \u00c4nderungen.<\/p>\n\n\n\n<h2 class=\"wp-block-heading\"><strong>Meldung von Urheberrechtsverletzungen<\/strong><\/h2>\n\n\n\n<p>Wenn Sie uns \u00fcber das verletzende Material oder die verletzende Aktivit\u00e4t informieren m\u00f6chten, bitten wir Sie, uns \u00fcber die unten angegebene E-Mail-Adresse zu kontaktieren.<\/p>\n\n\n\n<p><strong>E-Mail: Support@oneclicktv.net<\/strong><\/p>\n\n\n\n<p><strong>Bitte rechnen Sie mit 1-2 Werktagen f\u00fcr eine E-Mail-Antwort.<\/strong><\/p>","protected":false},"excerpt":{"rendered":"<p>DMCA Policy For 1ClickTV The Digital Millennium Copyright Act (\u201cDMCA\u201d) is designed to protect content creators from having their work stolen and published by other people on the internet. The law specifically targets websites where owners do not know who contributed each item of content or that the website is a platform for uploading and [&hellip;]<\/p>","protected":false},"author":1,"featured_media":0,"parent":0,"menu_order":0,"comment_status":"closed","ping_status":"closed","template":"","meta":{"footnotes":""},"class_list":["post-276","page","type-page","status-publish","hentry"],"rttpg_featured_image_url":null,"rttpg_author":{"display_name":"admin","author_link":"https:\/\/oneclicktv.net\/offiziell-deutschland\/author\/admin\/"},"rttpg_comment":0,"rttpg_category":null,"rttpg_excerpt":"DMCA Policy For 1ClickTV The Digital Millennium Copyright Act (\u201cDMCA\u201d) is designed to protect content creators from having their work stolen and published by other people on the internet. The law specifically targets websites where owners do not know who contributed each item of content or that the website is a platform for uploading and&hellip;","_links":{"self":[{"href":"https:\/\/oneclicktv.net\/offiziell-deutschland\/wp-json\/wp\/v2\/pages\/276","targetHints":{"allow":["GET"]}}],"collection":[{"href":"https:\/\/oneclicktv.net\/offiziell-deutschland\/wp-json\/wp\/v2\/pages"}],"about":[{"href":"https:\/\/oneclicktv.net\/offiziell-deutschland\/wp-json\/wp\/v2\/types\/page"}],"author":[{"embeddable":true,"href":"https:\/\/oneclicktv.net\/offiziell-deutschland\/wp-json\/wp\/v2\/users\/1"}],"replies":[{"embeddable":true,"href":"https:\/\/oneclicktv.net\/offiziell-deutschland\/wp-json\/wp\/v2\/comments?post=276"}],"version-history":[{"count":2,"href":"https:\/\/oneclicktv.net\/offiziell-deutschland\/wp-json\/wp\/v2\/pages\/276\/revisions"}],"predecessor-version":[{"id":280,"href":"https:\/\/oneclicktv.net\/offiziell-deutschland\/wp-json\/wp\/v2\/pages\/276\/revisions\/280"}],"wp:attachment":[{"href":"https:\/\/oneclicktv.net\/offiziell-deutschland\/wp-json\/wp\/v2\/media?parent=276"}],"curies":[{"name":"wp","href":"https:\/\/api.w.org\/{rel}","templated":true}]}}