{"id":201,"date":"2026-01-15T09:32:47","date_gmt":"2026-01-15T09:32:47","guid":{"rendered":"https:\/\/oneclicktv.net\/?page_id=201"},"modified":"2026-01-15T09:35:55","modified_gmt":"2026-01-15T09:35:55","slug":"servicebedingungen","status":"publish","type":"page","link":"https:\/\/oneclicktv.net\/offiziell-deutschland\/servicebedingungen\/","title":{"rendered":"Bedingungen der Dienstleistung\u00a0"},"content":{"rendered":"<div data-elementor-type=\"wp-page\" data-elementor-id=\"201\" class=\"elementor elementor-201\" data-elementor-post-type=\"page\">\n\t\t\t\t<div data-particle_enable=\"false\" data-particle-mobile-disabled=\"false\" class=\"elementor-element elementor-element-1ca5f08c e-flex e-con-boxed e-con e-parent\" data-id=\"1ca5f08c\" data-element_type=\"container\" data-settings=\"{&quot;background_background&quot;:&quot;classic&quot;}\">\n\t\t\t\t\t<div class=\"e-con-inner\">\n\t\t\t\t<div class=\"elementor-element elementor-element-4f8eab5f elementor-widget elementor-widget-text-editor\" data-id=\"4f8eab5f\" data-element_type=\"widget\" data-widget_type=\"text-editor.default\">\n\t\t\t\t\t\t\t\t\t\n<p>Diese Nutzungsbedingungen (\u201cBedingungen\u201d) regeln Ihre Nutzung der OneClickTV Website (\u201cWebsite\u201d) und der von OneClickTV angebotenen Dienstleistungen (\u201cDienstleistungen\u201d). Indem Sie auf die Website oder die Dienste zugreifen oder diese nutzen, erkl\u00e4ren Sie sich mit diesen Bedingungen und allen geltenden Gesetzen und Vorschriften einverstanden. Wenn Sie mit irgendeinem Teil dieser Bedingungen nicht einverstanden sind, nutzen Sie bitte unsere Website oder Dienste nicht.<\/p>\n\n\n\n<p>**1.&nbsp;<strong>Beschreibung der Dienstleistung<\/strong>: OneClickTV bietet einen Internet Protocol Television (IPTV)-Dienst, der es den Nutzern erm\u00f6glicht, \u00fcber kompatible Ger\u00e4te auf eine Vielzahl von Kan\u00e4len, On-Demand-Inhalten und damit verbundenen Funktionen zuzugreifen.<\/p>\n\n\n\n<p>**2.&nbsp;<strong>Benutzerverhalten<\/strong>a. Sie verpflichten sich, die Dienste nur f\u00fcr rechtm\u00e4\u00dfige Zwecke und in einer Weise zu nutzen, die mit diesen Bedingungen und den geltenden Gesetzen und Vorschriften \u00fcbereinstimmt. b. Sie d\u00fcrfen die Dienste nicht nutzen, um die Rechte anderer zu verletzen, einschlie\u00dflich, aber nicht beschr\u00e4nkt auf Urheberrechtsverletzungen.<\/p>\n\n\n\n<p>**3.&nbsp;<strong>Abonnement und Zahlungen<\/strong>a. Indem Sie OneClickTV abonnieren, stimmen Sie den Bedingungen des gew\u00e4hlten Abonnementsplans zu, einschlie\u00dflich der Preis- und Abrechnungsbedingungen. b. Die Zahlungsabwicklung wird von Drittanbietern abgewickelt, und Sie stimmen deren Bedingungen zu. c. Die Abonnementgeb\u00fchren sind nicht erstattungsf\u00e4hig, es sei denn, dies ist in unserer R\u00fcckerstattungsrichtlinie ausdr\u00fccklich vorgesehen.<\/p>\n\n\n\n<p>**4.&nbsp;<strong>Datenschutzbestimmungen<\/strong>: Ihre Nutzung unserer Dienste unterliegt auch unserer Datenschutzrichtlinie. Bitte lesen Sie unsere Datenschutzrichtlinie unter [Link zur Datenschutzrichtlinie], um unsere Praktiken zu verstehen.<\/p>\n\n\n\n<p>**5.&nbsp;<strong>Rechte an geistigem Eigentum<\/strong>a. Alle Inhalte und Materialien, die auf der Website und \u00fcber die Dienste verf\u00fcgbar sind, sind durch das geltende Urheberrecht, das Markenrecht und andere Gesetze zum Schutz des geistigen Eigentums gesch\u00fctzt. b. Sie d\u00fcrfen keine Inhalte ohne ausdr\u00fcckliche schriftliche Genehmigung von OneClickTV vervielf\u00e4ltigen, verteilen, ver\u00e4ndern oder davon abgeleitete Arbeiten erstellen.<\/p>\n\n\n\n<p>**6.&nbsp;<strong>Beschr\u00e4nkung der Haftung<\/strong>: OneClickTV ist nicht haftbar f\u00fcr indirekte, zuf\u00e4llige, besondere oder Folgesch\u00e4den oder f\u00fcr Gewinn- oder Einkommensverluste, egal ob diese direkt oder indirekt entstanden sind.<\/p>\n\n\n\n<p>**7.&nbsp;<strong>Geltendes Recht<\/strong>: Diese Bedingungen unterliegen den Gesetzen von [Ihrem Land\/Bundesstaat] und werden in \u00dcbereinstimmung mit diesen ausgelegt, ohne R\u00fccksicht auf die Grunds\u00e4tze des Kollisionsrechts.<\/p>\n\n\n\n<p>**8.&nbsp;<strong>\u00c4nderungen der Bedingungen<\/strong>: OneClickTV beh\u00e4lt sich das Recht vor, diese Bedingungen jederzeit zu \u00e4ndern oder zu ersetzen. Es liegt in Ihrer Verantwortung, diese Bedingungen in regelm\u00e4\u00dfigen Abst\u00e4nden auf \u00c4nderungen zu \u00fcberpr\u00fcfen.<\/p>\n\n\n\n<p>Durch die Nutzung unserer Website oder Dienste best\u00e4tigen Sie, dass Sie diese Nutzungsbedingungen gelesen und verstanden haben und ihnen zustimmen. Wenn Sie Fragen oder Bedenken haben, kontaktieren Sie uns bitte unter support@oneclicktv.net.<\/p>\n\t\t\t\t\t\t\t\t<\/div>\n\t\t\t\t\t<\/div>\n\t\t\t\t<\/div>\n\t\t\t\t<\/div>","protected":false},"excerpt":{"rendered":"<p>These Terms of Service (\u201cTerms\u201d) govern your use of the OneClickTV website (\u201cWebsite\u201d) and the services offered by OneClickTV (\u201cServices\u201d). By accessing or using the Website or Services, you agree to be bound by these Terms and all applicable laws and regulations. If you disagree with any part of these Terms, please do not use [&hellip;]<\/p>","protected":false},"author":1,"featured_media":0,"parent":0,"menu_order":0,"comment_status":"closed","ping_status":"closed","template":"","meta":{"footnotes":""},"class_list":["post-201","page","type-page","status-publish","hentry"],"rttpg_featured_image_url":null,"rttpg_author":{"display_name":"admin","author_link":"https:\/\/oneclicktv.net\/offiziell-deutschland\/author\/admin\/"},"rttpg_comment":0,"rttpg_category":null,"rttpg_excerpt":"These Terms of Service (\u201cTerms\u201d) govern your use of the OneClickTV website (\u201cWebsite\u201d) and the services offered by OneClickTV (\u201cServices\u201d). By accessing or using the Website or Services, you agree to be bound by these Terms and all applicable laws and regulations. If you disagree with any part of these Terms, please do not use&hellip;","_links":{"self":[{"href":"https:\/\/oneclicktv.net\/offiziell-deutschland\/wp-json\/wp\/v2\/pages\/201","targetHints":{"allow":["GET"]}}],"collection":[{"href":"https:\/\/oneclicktv.net\/offiziell-deutschland\/wp-json\/wp\/v2\/pages"}],"about":[{"href":"https:\/\/oneclicktv.net\/offiziell-deutschland\/wp-json\/wp\/v2\/types\/page"}],"author":[{"embeddable":true,"href":"https:\/\/oneclicktv.net\/offiziell-deutschland\/wp-json\/wp\/v2\/users\/1"}],"replies":[{"embeddable":true,"href":"https:\/\/oneclicktv.net\/offiziell-deutschland\/wp-json\/wp\/v2\/comments?post=201"}],"version-history":[{"count":4,"href":"https:\/\/oneclicktv.net\/offiziell-deutschland\/wp-json\/wp\/v2\/pages\/201\/revisions"}],"predecessor-version":[{"id":209,"href":"https:\/\/oneclicktv.net\/offiziell-deutschland\/wp-json\/wp\/v2\/pages\/201\/revisions\/209"}],"wp:attachment":[{"href":"https:\/\/oneclicktv.net\/offiziell-deutschland\/wp-json\/wp\/v2\/media?parent=201"}],"curies":[{"name":"wp","href":"https:\/\/api.w.org\/{rel}","templated":true}]}}