{"id":276,"date":"2026-01-15T18:59:57","date_gmt":"2026-01-15T18:59:57","guid":{"rendered":"https:\/\/oneclicktv.net\/?page_id=276"},"modified":"2026-01-15T19:04:57","modified_gmt":"2026-01-15T19:04:57","slug":"dmca","status":"publish","type":"page","link":"https:\/\/oneclicktv.net\/officielt-danmark\/dmca\/","title":{"rendered":"DMCA"},"content":{"rendered":"<h1 class=\"wp-block-heading\"><strong>DMCA-politik for 1ClickTV<\/strong><\/h1>\n\n\n\n<p>Digital Millennium Copyright Act (\u201cDMCA\u201d) er designet til at beskytte indholdsskabere mod, at deres arbejde bliver stj\u00e5let og offentliggjort af andre mennesker p\u00e5 internettet.<\/p>\n\n\n\n<p>Loven er specifikt rettet mod hjemmesider, hvor ejerne ikke ved, hvem der har bidraget med det enkelte indhold, eller at hjemmesiden er en platform for upload og udgivelse af indhold.<\/p>\n\n\n\n<p>Vi har en politik om at reagere p\u00e5 enhver meddelelse om kr\u00e6nkelse og tr\u00e6ffe passende foranstaltninger.<\/p>\n\n\n\n<p>Denne politik for Digital Millennium Copyright Act g\u00e6lder for&nbsp;<strong>\u201c<a href=\"https:\/\/1clicktv.net\/\" target=\"_blank\" rel=\"noopener\">oneclicktv.net<\/a>\u201c<\/strong>&nbsp;websted (\u201cwebsted\u201d eller \u201ctjeneste\u201d) og alle dets relaterede produkter og tjenester (samlet \u201ctjenester\u201d) og skitserer, hvordan denne webstedsoperat\u00f8r (\u201coperat\u00f8r\u201d, \u201cvi\u201d, \u201cos\u201d eller \u201cvores\u201d) behandler meddelelser om kr\u00e6nkelse af ophavsret, og hvordan du (\u201cdu\u201d eller \u201cdin\u201d) kan indsende en klage over kr\u00e6nkelse af ophavsret.<\/p>\n\n\n\n<p>Beskyttelse af intellektuel ejendom er af st\u00f8rste vigtighed for os, og vi beder vores brugere og deres autoriserede agenter om at g\u00f8re det samme. Det er vores politik hurtigt at reagere p\u00e5 klare meddelelser om p\u00e5st\u00e5et kr\u00e6nkelse af ophavsretten, der overholder USA's Digital Millennium Copyright Act (\u201cDMCA\u201d) fra 1998, hvis tekst kan findes p\u00e5 U.S. Copyright Office&nbsp;<a href=\"https:\/\/www.copyright.gov\/\" target=\"_blank\" rel=\"noreferrer noopener\"><strong>Hjemmeside<\/strong><\/a>.<\/p>\n\n\n\n<h2 class=\"wp-block-heading\"><strong>Hvad du skal overveje, f\u00f8r du sender en klage over ophavsret<\/strong><\/h2>\n\n\n\n<p>Bem\u00e6rk, at hvis du er usikker p\u00e5, om det materiale, du anmelder, rent faktisk er kr\u00e6nkende, kan du kontakte en advokat, f\u00f8r du indsender en anmeldelse til os.<\/p>\n\n\n\n<p>DMCA kr\u00e6ver, at du angiver dine personlige oplysninger i meddelelsen om kr\u00e6nkelse af ophavsretten. Hvis du er bekymret for fortroligheden af dine personlige oplysninger.<\/p>\n\n\n\n<h2 class=\"wp-block-heading\"><strong>Meddelelser om overtr\u00e6delser<\/strong><\/h2>\n\n\n\n<p>Hvis du er ejer af en ophavsret eller en agent for denne, og du mener, at materiale, der er tilg\u00e6ngeligt p\u00e5 vores tjenester, kr\u00e6nker din ophavsret, kan du indsende en skriftlig meddelelse om kr\u00e6nkelse af ophavsret (\u201cmeddelelse\u201d) ved hj\u00e6lp af nedenst\u00e5ende kontaktoplysninger i henhold til DMCA. Alle s\u00e5danne meddelelser skal overholde DMCA-kravene.<\/p>\n\n\n\n<p>Indgivelse af en DMCA-klage er starten p\u00e5 en foruddefineret juridisk proces. Din klage vil blive gennemg\u00e5et for n\u00f8jagtighed, gyldighed og fuldst\u00e6ndighed. Hvis din klage har opfyldt disse krav, kan vores svar omfatte fjernelse eller begr\u00e6nsning af adgangen til angiveligt kr\u00e6nkende materiale.<\/p>\n\n\n\n<p>Hvis vi fjerner eller begr\u00e6nser adgangen til materialer eller opsiger en konto som reaktion p\u00e5 en meddelelse om p\u00e5st\u00e5et kr\u00e6nkelse, vil vi i god tro fors\u00f8ge at kontakte den ber\u00f8rte bruger med oplysninger om fjernelse eller begr\u00e6nsning af adgangen.<\/p>\n\n\n\n<p>Uanset det modsatte i nogen del af denne politik forbeholder operat\u00f8ren sig ret til ikke at foretage sig noget efter modtagelse af en DMCA-meddelelse om kr\u00e6nkelse af ophavsret, hvis den ikke overholder alle kravene i DMCA for s\u00e5danne meddelelser.<\/p>\n\n\n\n<p>Den proces, der er beskrevet i denne politik, begr\u00e6nser ikke vores mulighed for at forf\u00f8lge andre retsmidler, vi m\u00e5tte have til at h\u00e5ndtere mistanke om kr\u00e6nkelse.<\/p>\n\n\n\n<h2 class=\"wp-block-heading\"><strong>\u00c6ndringer og till\u00e6g<\/strong><\/h2>\n\n\n\n<p>Vi forbeholder os ret til at \u00e6ndre denne politik eller dens vilk\u00e5r i forbindelse med webstedet og tjenesterne til enhver tid efter vores sk\u00f8n. N\u00e5r vi g\u00f8r det, vil vi l\u00e6gge en meddelelse ud p\u00e5 hjemmesidens hovedside og sende dig en e-mail for at underrette dig. Vi kan ogs\u00e5 give dig besked p\u00e5 andre m\u00e5der efter vores sk\u00f8n, f.eks. via de kontaktoplysninger, du har angivet.<\/p>\n\n\n\n<p>En opdateret version af denne politik vil tr\u00e6de i kraft umiddelbart efter udgivelsen af den reviderede politik, medmindre andet er angivet. Din fortsatte brug af webstedet og tjenesterne efter ikrafttr\u00e6delsesdatoen for den reviderede politik (eller en anden handling, der er angivet p\u00e5 det tidspunkt) vil udg\u00f8re dit samtykke til disse \u00e6ndringer.<\/p>\n\n\n\n<h2 class=\"wp-block-heading\"><strong>Rapportering af brud p\u00e5 ophavsretten<\/strong><\/h2>\n\n\n\n<p>Hvis du gerne vil underrette os om det kr\u00e6nkende materiale eller den kr\u00e6nkende aktivitet, opfordrer vi dig til at kontakte os via nedenst\u00e5ende e-mailadresse.<\/p>\n\n\n\n<p><strong>E-mail: Support@oneclicktv.net<\/strong><\/p>\n\n\n\n<p><strong>Der g\u00e5r 1-2 arbejdsdage, f\u00f8r du f\u00e5r svar p\u00e5 din e-mail.<\/strong><\/p>","protected":false},"excerpt":{"rendered":"<p>DMCA Policy For 1ClickTV The Digital Millennium Copyright Act (\u201cDMCA\u201d) is designed to protect content creators from having their work stolen and published by other people on the internet. The law specifically targets websites where owners do not know who contributed each item of content or that the website is a platform for uploading and [&hellip;]<\/p>","protected":false},"author":1,"featured_media":0,"parent":0,"menu_order":0,"comment_status":"closed","ping_status":"closed","template":"","meta":{"footnotes":""},"class_list":["post-276","page","type-page","status-publish","hentry"],"rttpg_featured_image_url":null,"rttpg_author":{"display_name":"admin","author_link":"https:\/\/oneclicktv.net\/officielt-danmark\/author\/admin\/"},"rttpg_comment":0,"rttpg_category":null,"rttpg_excerpt":"DMCA Policy For 1ClickTV The Digital Millennium Copyright Act (\u201cDMCA\u201d) is designed to protect content creators from having their work stolen and published by other people on the internet. The law specifically targets websites where owners do not know who contributed each item of content or that the website is a platform for uploading and&hellip;","_links":{"self":[{"href":"https:\/\/oneclicktv.net\/officielt-danmark\/wp-json\/wp\/v2\/pages\/276","targetHints":{"allow":["GET"]}}],"collection":[{"href":"https:\/\/oneclicktv.net\/officielt-danmark\/wp-json\/wp\/v2\/pages"}],"about":[{"href":"https:\/\/oneclicktv.net\/officielt-danmark\/wp-json\/wp\/v2\/types\/page"}],"author":[{"embeddable":true,"href":"https:\/\/oneclicktv.net\/officielt-danmark\/wp-json\/wp\/v2\/users\/1"}],"replies":[{"embeddable":true,"href":"https:\/\/oneclicktv.net\/officielt-danmark\/wp-json\/wp\/v2\/comments?post=276"}],"version-history":[{"count":2,"href":"https:\/\/oneclicktv.net\/officielt-danmark\/wp-json\/wp\/v2\/pages\/276\/revisions"}],"predecessor-version":[{"id":280,"href":"https:\/\/oneclicktv.net\/officielt-danmark\/wp-json\/wp\/v2\/pages\/276\/revisions\/280"}],"wp:attachment":[{"href":"https:\/\/oneclicktv.net\/officielt-danmark\/wp-json\/wp\/v2\/media?parent=276"}],"curies":[{"name":"wp","href":"https:\/\/api.w.org\/{rel}","templated":true}]}}