{"id":210,"date":"2026-01-15T09:51:15","date_gmt":"2026-01-15T09:51:15","guid":{"rendered":"https:\/\/oneclicktv.net\/?page_id=210"},"modified":"2026-04-14T07:52:52","modified_gmt":"2026-04-14T07:52:52","slug":"ofte-stillede-sporgsmal","status":"publish","type":"page","link":"https:\/\/oneclicktv.net\/officielt-danmark\/ofte-stillede-sporgsmal\/","title":{"rendered":"Ofte stillede sp\u00f8rgsm\u00e5l\u00a0"},"content":{"rendered":"<div data-elementor-type=\"wp-page\" data-elementor-id=\"210\" class=\"elementor elementor-210\" data-elementor-post-type=\"page\">\n\t\t\t\t<div data-particle_enable=\"false\" data-particle-mobile-disabled=\"false\" class=\"elementor-element elementor-element-1591f374 e-con-full e-flex e-con e-parent\" data-id=\"1591f374\" data-element_type=\"container\" data-settings=\"{&quot;background_background&quot;:&quot;classic&quot;}\">\n\t\t\t\t<div class=\"elementor-element elementor-element-67e0a907 elementor-widget elementor-widget-heading\" data-id=\"67e0a907\" data-element_type=\"widget\" data-widget_type=\"heading.default\">\n\t\t\t\t\t<h2 class=\"elementor-heading-title elementor-size-default\">Ofte stillede sp\u00f8rgsm\u00e5l\n<\/h2>\t\t\t\t<\/div>\n\t\t<div data-particle_enable=\"false\" data-particle-mobile-disabled=\"false\" class=\"elementor-element elementor-element-77cc045f e-con-full e-flex e-con e-child\" data-id=\"77cc045f\" data-element_type=\"container\">\n\t\t<div data-particle_enable=\"false\" data-particle-mobile-disabled=\"false\" class=\"elementor-element elementor-element-6f3b435a e-con-full e-flex e-con e-child\" data-id=\"6f3b435a\" data-element_type=\"container\">\n\t\t\t\t<div class=\"elementor-element elementor-element-33cd8b93 elementor-widget elementor-widget-eael-adv-accordion\" data-id=\"33cd8b93\" data-element_type=\"widget\" data-widget_type=\"eael-adv-accordion.default\">\n\t\t\t\t\t            <div class=\"eael-adv-accordion\" id=\"eael-adv-accordion-33cd8b93\" data-scroll-on-click=\"no\" data-scroll-speed=\"300\" data-accordion-id=\"33cd8b93\" data-accordion-type=\"accordion\" data-toogle-speed=\"300\">\n            <div class=\"eael-accordion-list\">\n\t\t\t\t\t<div id=\"what-is-1clicktv-iptv\" class=\"elementor-tab-title eael-accordion-header\" tabindex=\"0\" data-tab=\"1\" aria-controls=\"elementor-tab-content-8691\"><span class=\"eael-accordion-tab-title\">Hvad er 1ClickTV IPTV?<\/span><svg aria-hidden=\"true\" class=\"fa-toggle e-font-icon-svg e-fas-angle-down\" viewbox=\"0 0 320 512\" xmlns=\"http:\/\/www.w3.org\/2000\/svg\"><path d=\"M143 352.3L7 216.3c-9.4-9.4-9.4-24.6 0-33.9l22.6-22.6c9.4-9.4 24.6-9.4 33.9 0l96.4 96.4 96.4-96.4c9.4-9.4 24.6-9.4 33.9 0l22.6 22.6c9.4 9.4 9.4 24.6 0 33.9l-136 136c-9.2 9.4-24.4 9.4-33.8 0z\"><\/path><\/svg><\/div><div id=\"elementor-tab-content-8691\" class=\"eael-accordion-content clearfix\" data-tab=\"1\" aria-labelledby=\"what-is-1clicktv-iptv\"><div class=\"elementskit-card active\"><div id=\"Collapse-a06c87a64a73c5d15ccc\" class=\"collapse show\" aria-labelledby=\"primaryHeading-0-36d7176\" data-parent=\"#accordion-64a73c5d15ccc\"><div class=\"elementskit-card-body ekit-accordion--content\"><p>1ClickTV er en IPTV-tjeneste, der tilbyder en bred vifte af indhold, herunder 25.000+ live-tv-kanaler, 180.000+ (VOD), film, serier, shows, internationale kanaler og lokale kanaler fra Storbritannien, USA og Canada. Den d\u00e6kker forskellige genrer, f.eks. sport, nyheder og NFL-spil, og er designet til at give en problemfri streamingoplevelse uden buffering eller fastfrysning.<\/p><\/div><\/div><\/div><div class=\"elementskit-card\"><div id=\"primaryHeading-1-36d7176\" class=\"elementskit-card-header\">\u00a0<\/div><\/div><\/div>\n\t\t\t\t\t<\/div><div class=\"eael-accordion-list\">\n\t\t\t\t\t<div id=\"which-devices-can-i-use-iptv-on\" class=\"elementor-tab-title eael-accordion-header\" tabindex=\"0\" data-tab=\"2\" aria-controls=\"elementor-tab-content-8692\"><span class=\"eael-accordion-tab-title\">Hvilke enheder kan jeg bruge IPTV p\u00e5?<\/span><svg aria-hidden=\"true\" class=\"fa-toggle e-font-icon-svg e-fas-angle-down\" viewbox=\"0 0 320 512\" xmlns=\"http:\/\/www.w3.org\/2000\/svg\"><path d=\"M143 352.3L7 216.3c-9.4-9.4-9.4-24.6 0-33.9l22.6-22.6c9.4-9.4 24.6-9.4 33.9 0l96.4 96.4 96.4-96.4c9.4-9.4 24.6-9.4 33.9 0l22.6 22.6c9.4 9.4 9.4 24.6 0 33.9l-136 136c-9.2 9.4-24.4 9.4-33.8 0z\"><\/path><\/svg><\/div><div id=\"elementor-tab-content-8692\" class=\"eael-accordion-content clearfix\" data-tab=\"2\" aria-labelledby=\"which-devices-can-i-use-iptv-on\"><p><em>Du kan bruge IPTV 1ClickTV p\u00e5 f\u00f8lgende enheder:<\/em><\/p><p>\u00a0<\/p><ul><li>Amazon Fire TV og Firesticks.<\/li><li>Magbox, Nvidia Shield, Google Chromecast.<\/li><li>Android-tv, -bokse, -telefoner og -tablets.<\/li><li>iPhone, iPad, Macs og andre iOS-enheder.<\/li><li>Smart-tv'er (LG, Samsung, Sony osv.)<\/li><li>Android-emulatorer til Mac og Windows.<\/li><\/ul><\/div>\n\t\t\t\t\t<\/div><div class=\"eael-accordion-list\">\n\t\t\t\t\t<div id=\"how-do-i-install-iptv-service-on-my-device\" class=\"elementor-tab-title eael-accordion-header\" tabindex=\"0\" data-tab=\"3\" aria-controls=\"elementor-tab-content-8693\"><span class=\"eael-accordion-tab-title\">Hvordan installerer jeg IPTV-tjenesten p\u00e5 min enhed?<\/span><svg aria-hidden=\"true\" class=\"fa-toggle e-font-icon-svg e-fas-angle-down\" viewbox=\"0 0 320 512\" xmlns=\"http:\/\/www.w3.org\/2000\/svg\"><path d=\"M143 352.3L7 216.3c-9.4-9.4-9.4-24.6 0-33.9l22.6-22.6c9.4-9.4 24.6-9.4 33.9 0l96.4 96.4 96.4-96.4c9.4-9.4 24.6-9.4 33.9 0l22.6 22.6c9.4 9.4 9.4 24.6 0 33.9l-136 136c-9.2 9.4-24.4 9.4-33.8 0z\"><\/path><\/svg><\/div><div id=\"elementor-tab-content-8693\" class=\"eael-accordion-content clearfix\" data-tab=\"3\" aria-labelledby=\"how-do-i-install-iptv-service-on-my-device\"><p>Installationsvejledningen kan variere afh\u00e6ngigt af den enhed, du bruger. Vi har trinvise installationsvejledninger p\u00e5 vores hjemmeside til forskellige underst\u00f8ttede enheder. Se venligst den relevante vejledning for din enhed i <a href=\"https:\/\/oneclicktv.net\/officielt-danmark\/iptv-installationer\/\">Installationsside<\/a> for at komme i gang.\u00a0<\/p><\/div>\n\t\t\t\t\t<\/div><div class=\"eael-accordion-list\">\n\t\t\t\t\t<div id=\"how-do-i-renew-my-1clicktv-subscription\" class=\"elementor-tab-title eael-accordion-header\" tabindex=\"0\" data-tab=\"4\" aria-controls=\"elementor-tab-content-8694\"><span class=\"eael-accordion-tab-title\">Hvordan fornyer jeg mit 1ClickTV-abonnement?<\/span><svg aria-hidden=\"true\" class=\"fa-toggle e-font-icon-svg e-fas-angle-down\" viewbox=\"0 0 320 512\" xmlns=\"http:\/\/www.w3.org\/2000\/svg\"><path d=\"M143 352.3L7 216.3c-9.4-9.4-9.4-24.6 0-33.9l22.6-22.6c9.4-9.4 24.6-9.4 33.9 0l96.4 96.4 96.4-96.4c9.4-9.4 24.6-9.4 33.9 0l22.6 22.6c9.4 9.4 9.4 24.6 0 33.9l-136 136c-9.2 9.4-24.4 9.4-33.8 0z\"><\/path><\/svg><\/div><div id=\"elementor-tab-content-8694\" class=\"eael-accordion-content clearfix\" data-tab=\"4\" aria-labelledby=\"how-do-i-renew-my-1clicktv-subscription\"><p>For at forny dit abonnement skal du blot g\u00e5 til vores hjemmeside og v\u00e6lge den nye plan, du vil bruge, og n\u00e5r du har betalt, aktiverer vi automatisk den nye plan med de samme legitimationsoplysninger som den gamle plan. Du kan f\u00e5 nye legitimationsoplysninger ved at kontakte os.<\/p><\/div>\n\t\t\t\t\t<\/div><div class=\"eael-accordion-list\">\n\t\t\t\t\t<div id=\"can-i-use-1clicktv-iptv-when-i-travel-abroad\" class=\"elementor-tab-title eael-accordion-header\" tabindex=\"0\" data-tab=\"5\" aria-controls=\"elementor-tab-content-8695\"><span class=\"eael-accordion-tab-title\">Kan jeg bruge 1ClickTV IPTV, n\u00e5r jeg rejser i udlandet?<\/span><svg aria-hidden=\"true\" class=\"fa-toggle e-font-icon-svg e-fas-angle-down\" viewbox=\"0 0 320 512\" xmlns=\"http:\/\/www.w3.org\/2000\/svg\"><path d=\"M143 352.3L7 216.3c-9.4-9.4-9.4-24.6 0-33.9l22.6-22.6c9.4-9.4 24.6-9.4 33.9 0l96.4 96.4 96.4-96.4c9.4-9.4 24.6-9.4 33.9 0l22.6 22.6c9.4 9.4 9.4 24.6 0 33.9l-136 136c-9.2 9.4-24.4 9.4-33.8 0z\"><\/path><\/svg><\/div><div id=\"elementor-tab-content-8695\" class=\"eael-accordion-content clearfix\" data-tab=\"5\" aria-labelledby=\"can-i-use-1clicktv-iptv-when-i-travel-abroad\"><p>Ja, 1ClickTV er tilg\u00e6ngelig internationalt. Du kan bruge tjenesten, n\u00e5r du rejser i udlandet, s\u00e5 l\u00e6nge du har en stabil internetforbindelse. Det giver dig mulighed for at holde forbindelsen til dit yndlingsindhold, uanset hvor du er.<\/p><\/div>\n\t\t\t\t\t<\/div><\/div>\t\t\t\t<\/div>\n\t\t\t\t<\/div>\n\t\t<div data-particle_enable=\"false\" data-particle-mobile-disabled=\"false\" class=\"elementor-element elementor-element-74c3d7a9 e-con-full e-flex e-con e-child\" data-id=\"74c3d7a9\" data-element_type=\"container\">\n\t\t\t\t<div class=\"elementor-element elementor-element-4174699e elementor-widget elementor-widget-eael-adv-accordion\" data-id=\"4174699e\" data-element_type=\"widget\" data-widget_type=\"eael-adv-accordion.default\">\n\t\t\t\t\t            <div class=\"eael-adv-accordion\" id=\"eael-adv-accordion-4174699e\" data-scroll-on-click=\"no\" data-scroll-speed=\"300\" data-accordion-id=\"4174699e\" data-accordion-type=\"accordion\" data-toogle-speed=\"300\">\n            <div class=\"eael-accordion-list\">\n\t\t\t\t\t<div id=\"can-i-share-my-1clicktv-iptv-account-with-family-members-or-friends\" class=\"elementor-tab-title eael-accordion-header\" tabindex=\"0\" data-tab=\"1\" aria-controls=\"elementor-tab-content-1091\"><span class=\"eael-accordion-tab-title\">Kan jeg dele min 1ClickTV IPTV-konto med familiemedlemmer eller venner?<\/span><svg aria-hidden=\"true\" class=\"fa-toggle e-font-icon-svg e-fas-angle-down\" viewbox=\"0 0 320 512\" xmlns=\"http:\/\/www.w3.org\/2000\/svg\"><path d=\"M143 352.3L7 216.3c-9.4-9.4-9.4-24.6 0-33.9l22.6-22.6c9.4-9.4 24.6-9.4 33.9 0l96.4 96.4 96.4-96.4c9.4-9.4 24.6-9.4 33.9 0l22.6 22.6c9.4 9.4 9.4 24.6 0 33.9l-136 136c-9.2 9.4-24.4 9.4-33.8 0z\"><\/path><\/svg><\/div><div id=\"elementor-tab-content-1091\" class=\"eael-accordion-content clearfix\" data-tab=\"1\" aria-labelledby=\"can-i-share-my-1clicktv-iptv-account-with-family-members-or-friends\"><div class=\"elementskit-card active\"><div id=\"Collapse-a06c87a64a73c5d15ccc\" class=\"collapse show\" aria-labelledby=\"primaryHeading-0-36d7176\" data-parent=\"#accordion-64a73c5d15ccc\"><div class=\"elementskit-card-body ekit-accordion--content\"><p>1ClickTV IPTV-konti er til personlig brug, og deling af konti med andre kan v\u00e6re en overtr\u00e6delse af vores servicevilk\u00e5r. Vi tilbyder underst\u00f8ttelse af flere enheder med visse abonnementsplaner for at im\u00f8dekomme individuelle brugere.<\/p><\/div><\/div><\/div><div class=\"elementskit-card\"><div id=\"primaryHeading-1-36d7176\" class=\"elementskit-card-header\">\u00a0<\/div><\/div><\/div>\n\t\t\t\t\t<\/div><div class=\"eael-accordion-list\">\n\t\t\t\t\t<div id=\"do-you-offer-refunds\" class=\"elementor-tab-title eael-accordion-header\" tabindex=\"0\" data-tab=\"2\" aria-controls=\"elementor-tab-content-1092\"><span class=\"eael-accordion-tab-title\">Tilbyder du tilbagebetaling?<\/span><svg aria-hidden=\"true\" class=\"fa-toggle e-font-icon-svg e-fas-angle-down\" viewbox=\"0 0 320 512\" xmlns=\"http:\/\/www.w3.org\/2000\/svg\"><path d=\"M143 352.3L7 216.3c-9.4-9.4-9.4-24.6 0-33.9l22.6-22.6c9.4-9.4 24.6-9.4 33.9 0l96.4 96.4 96.4-96.4c9.4-9.4 24.6-9.4 33.9 0l22.6 22.6c9.4 9.4 9.4 24.6 0 33.9l-136 136c-9.2 9.4-24.4 9.4-33.8 0z\"><\/path><\/svg><\/div><div id=\"elementor-tab-content-1092\" class=\"eael-accordion-content clearfix\" data-tab=\"2\" aria-labelledby=\"do-you-offer-refunds\"><p>Vi giver en komplet refusionsgaranti for de f\u00f8rste 7 dage p\u00e5 tv\u00e6rs af alle vores pakker. Derudover tilbyder vi en 60%-refusion, som varierer afh\u00e6ngigt af, hvor l\u00e6nge du har brugt tjenesten. Det er dog vigtigt at n\u00e6vne, at refusioner ikke er tilg\u00e6ngelige for pr\u00f8veperioder.<\/p><\/div>\n\t\t\t\t\t<\/div><div class=\"eael-accordion-list\">\n\t\t\t\t\t<div id=\"1clicktv-smart-solution-for-buffering-issues\" class=\"elementor-tab-title eael-accordion-header\" tabindex=\"0\" data-tab=\"3\" aria-controls=\"elementor-tab-content-1093\"><span class=\"eael-accordion-tab-title\">1ClickTV Smart l\u00f8sning p\u00e5 problemer med buffering<\/span><svg aria-hidden=\"true\" class=\"fa-toggle e-font-icon-svg e-fas-angle-down\" viewbox=\"0 0 320 512\" xmlns=\"http:\/\/www.w3.org\/2000\/svg\"><path d=\"M143 352.3L7 216.3c-9.4-9.4-9.4-24.6 0-33.9l22.6-22.6c9.4-9.4 24.6-9.4 33.9 0l96.4 96.4 96.4-96.4c9.4-9.4 24.6-9.4 33.9 0l22.6 22.6c9.4 9.4 9.4 24.6 0 33.9l-136 136c-9.2 9.4-24.4 9.4-33.8 0z\"><\/path><\/svg><\/div><div id=\"elementor-tab-content-1093\" class=\"eael-accordion-content clearfix\" data-tab=\"3\" aria-labelledby=\"1clicktv-smart-solution-for-buffering-issues\"><p>De fleste problemer med buffering kommer fra ISP-throttling, det vil sige, at din internetudbyder s\u00e6nker hastigheden enten i spidsbelastningsperioder, eller n\u00e5r du bruger meget data. Hvis du streamer fra en server, som internetudbyderen ikke genkender (sider som twitch, YouTube og Netflix er hvidlistede, s\u00e5 det p\u00e5virker ikke dette), kan udbyderen g\u00f8re din tjeneste langsommere. En VPN vil bek\u00e6mpe dette, da den skjuler, hvor dine data kommer fra. (Dette giver dig ikke anonymitet, din tjenesteudbyder\/myndigheder kan stadig se, hvad du laver, hvis de vil).\u00a0<\/p><p>Men med 1clicktv tilbyder vi dig en anden Url Host kaldet VPN Host URL denne skjuler din identitet og g\u00f8r dit dataforbrug, n\u00e5r du ser youtube-videoer, s\u00e5 du vil streame IPTV, som du ser tv via kabel-tv\u00a0<\/p><\/div>\n\t\t\t\t\t<\/div><div class=\"eael-accordion-list\">\n\t\t\t\t\t<div id=\"how-can-i-get-a-free-vpn-account\" class=\"elementor-tab-title eael-accordion-header\" tabindex=\"0\" data-tab=\"4\" aria-controls=\"elementor-tab-content-1094\"><span class=\"eael-accordion-tab-title\">Hvordan f\u00e5r jeg en gratis VPN-konto?<\/span><svg aria-hidden=\"true\" class=\"fa-toggle e-font-icon-svg e-fas-angle-down\" viewbox=\"0 0 320 512\" xmlns=\"http:\/\/www.w3.org\/2000\/svg\"><path d=\"M143 352.3L7 216.3c-9.4-9.4-9.4-24.6 0-33.9l22.6-22.6c9.4-9.4 24.6-9.4 33.9 0l96.4 96.4 96.4-96.4c9.4-9.4 24.6-9.4 33.9 0l22.6 22.6c9.4 9.4 9.4 24.6 0 33.9l-136 136c-9.2 9.4-24.4 9.4-33.8 0z\"><\/path><\/svg><\/div><div id=\"elementor-tab-content-1094\" class=\"eael-accordion-content clearfix\" data-tab=\"4\" aria-labelledby=\"how-can-i-get-a-free-vpn-account\"><p>For at f\u00e5 en gratis VPN-konto skal du k\u00f8be et 6- eller 12-m\u00e5neders abonnement (eller allerede have et). Send os derefter dit brugernavn til din IPTV-konto via e-mail. N\u00e5r vi har bekr\u00e6ftet dit abonnement, sender vi dine VPN-kontooplysninger via e-mail.<\/p><\/div>\n\t\t\t\t\t<\/div><\/div>\t\t\t\t<\/div>\n\t\t\t\t<\/div>\n\t\t\t\t<\/div>\n\t\t\t\t<\/div>\n\t\t\t\t<\/div>","protected":false},"excerpt":{"rendered":"<p>Frequently Ask Questions What is 1ClickTV IPTV? 1ClickTV is a IPTV service that offers a wide range of content, including 25,000+ live TV channels, 180,000+ (VOD), movies, series, shows, international channels, and local UK, US and Canadian channels. It covers various genres, such as sports, news, and NFL Games, and is designed to provide a [&hellip;]<\/p>","protected":false},"author":1,"featured_media":0,"parent":0,"menu_order":0,"comment_status":"closed","ping_status":"closed","template":"","meta":{"footnotes":""},"class_list":["post-210","page","type-page","status-publish","hentry"],"rttpg_featured_image_url":null,"rttpg_author":{"display_name":"admin","author_link":"https:\/\/oneclicktv.net\/officielt-danmark\/author\/admin\/"},"rttpg_comment":0,"rttpg_category":null,"rttpg_excerpt":"Frequently Ask Questions What is 1ClickTV IPTV? 1ClickTV is a IPTV service that offers a wide range of content, including 25,000+ live TV channels, 180,000+ (VOD), movies, series, shows, international channels, and local UK, US and Canadian channels. It covers various genres, such as sports, news, and NFL Games, and is designed to provide a&hellip;","_links":{"self":[{"href":"https:\/\/oneclicktv.net\/officielt-danmark\/wp-json\/wp\/v2\/pages\/210","targetHints":{"allow":["GET"]}}],"collection":[{"href":"https:\/\/oneclicktv.net\/officielt-danmark\/wp-json\/wp\/v2\/pages"}],"about":[{"href":"https:\/\/oneclicktv.net\/officielt-danmark\/wp-json\/wp\/v2\/types\/page"}],"author":[{"embeddable":true,"href":"https:\/\/oneclicktv.net\/officielt-danmark\/wp-json\/wp\/v2\/users\/1"}],"replies":[{"embeddable":true,"href":"https:\/\/oneclicktv.net\/officielt-danmark\/wp-json\/wp\/v2\/comments?post=210"}],"version-history":[{"count":5,"href":"https:\/\/oneclicktv.net\/officielt-danmark\/wp-json\/wp\/v2\/pages\/210\/revisions"}],"predecessor-version":[{"id":5264,"href":"https:\/\/oneclicktv.net\/officielt-danmark\/wp-json\/wp\/v2\/pages\/210\/revisions\/5264"}],"wp:attachment":[{"href":"https:\/\/oneclicktv.net\/officielt-danmark\/wp-json\/wp\/v2\/media?parent=210"}],"curies":[{"name":"wp","href":"https:\/\/api.w.org\/{rel}","templated":true}]}}