{"id":192,"date":"2026-01-15T08:15:42","date_gmt":"2026-01-15T08:15:42","guid":{"rendered":"https:\/\/oneclicktv.net\/?page_id=192"},"modified":"2026-01-15T09:07:31","modified_gmt":"2026-01-15T09:07:31","slug":"refusionspolitik","status":"publish","type":"page","link":"https:\/\/oneclicktv.net\/officielt-danmark\/refusionspolitik\/","title":{"rendered":"Politik for tilbagebetaling"},"content":{"rendered":"<div data-elementor-type=\"wp-page\" data-elementor-id=\"192\" class=\"elementor elementor-192\" data-elementor-post-type=\"page\">\n\t\t\t\t<div data-particle_enable=\"false\" data-particle-mobile-disabled=\"false\" class=\"elementor-element elementor-element-5ab5f9f4 e-flex e-con-boxed e-con e-parent\" data-id=\"5ab5f9f4\" data-element_type=\"container\" data-settings=\"{&quot;background_background&quot;:&quot;classic&quot;}\">\n\t\t\t\t\t<div class=\"e-con-inner\">\n\t\t\t\t<div class=\"elementor-element elementor-element-17760a35 elementor-widget elementor-widget-text-editor\" data-id=\"17760a35\" data-element_type=\"widget\" data-widget_type=\"text-editor.default\">\n\t\t\t\t\t\t\t\t\t<p data-start=\"164\" data-end=\"416\">P\u00e5 <strong data-start=\"167\" data-end=\"181\">OneClickTV<\/strong>, Vi v\u00e6rds\u00e6tter din tilfredshed og bestr\u00e6ber os p\u00e5 at give dig den bedst mulige streamingoplevelse. Men hvis du af en eller anden grund ikke er fuldt ud tilfreds med dit abonnement, tilbyder vi en klar og enkel refusionspolitik - intet besv\u00e6r, ingen risiko.<\/p>\n<h3 data-start=\"418\" data-end=\"454\"><strong data-start=\"422\" data-end=\"454\">Perioder med pengene-tilbage-garanti<\/strong><\/h3>\n<ul data-start=\"455\" data-end=\"788\">\n<li data-start=\"455\" data-end=\"567\">\n<p data-start=\"457\" data-end=\"567\"><strong data-start=\"457\" data-end=\"490\">1-m\u00e5neds og 3-m\u00e5neders pakker:<\/strong> Berettiget til en <strong data-start=\"506\" data-end=\"536\">7 dages pengene-tilbage-garanti<\/strong> fra datoen for aktivering.<\/p>\n<\/li>\n<li data-start=\"568\" data-end=\"682\">\n<p data-start=\"570\" data-end=\"682\"><strong data-start=\"570\" data-end=\"604\">6-m\u00e5neders og 12-m\u00e5neders pakker:<\/strong> Berettiget til en <strong data-start=\"620\" data-end=\"651\">30 dages pengene-tilbage-garanti<\/strong> fra datoen for aktivering.<\/p>\n<\/li>\n<li data-start=\"683\" data-end=\"788\">\n<p data-start=\"685\" data-end=\"788\"><strong data-start=\"685\" data-end=\"709\">Livstidsforbindelse:<\/strong> Berettiget til en <strong data-start=\"725\" data-end=\"757\">100 dages pengene-tilbage-garanti<\/strong> fra datoen for aktivering.<\/p>\n<\/li>\n<\/ul>\n<h3 data-start=\"790\" data-end=\"821\"><strong data-start=\"794\" data-end=\"821\">S\u00e5dan anmoder du om tilbagebetaling<\/strong><\/h3>\n<p data-start=\"822\" data-end=\"912\">For at anmode om tilbagebetaling bedes du kontakte vores supportteam p\u00e5 en af f\u00f8lgende m\u00e5der:<\/p>\n<ul data-start=\"913\" data-end=\"1065\">\n<li data-start=\"913\" data-end=\"946\">\n<p data-start=\"915\" data-end=\"946\"><strong data-start=\"915\" data-end=\"928\">WhatsApp:<\/strong> +44 7532 789713<\/p>\n<\/li>\n<li data-start=\"947\" data-end=\"1027\">\n<p data-start=\"949\" data-end=\"1027\"><strong data-start=\"949\" data-end=\"962\">Telegram:<\/strong> <a class=\"decorated-link cursor-pointer\" target=\"_new\" rel=\"noopener\" data-start=\"963\" data-end=\"1025\">https:\/\/t.me\/OneclickTVdotnet<\/a><\/p>\n<\/li>\n<li data-start=\"1028\" data-end=\"1065\">\n<p data-start=\"1030\" data-end=\"1065\"><strong data-start=\"1030\" data-end=\"1040\">E-mail:<\/strong> <a class=\"decorated-link cursor-pointer\" rel=\"noopener\" data-start=\"1041\" data-end=\"1063\">support@oneclicktv.net<\/a><\/p>\n<\/li>\n<\/ul>\n<p data-start=\"1067\" data-end=\"1152\">Vores team vil behandle din anmodning inden for 24-48 timer efter modtagelse af din besked.<\/p>\n<h3 data-start=\"1154\" data-end=\"1175\"><strong data-start=\"1158\" data-end=\"1175\">Tilbagebetalingsmetode<\/strong><\/h3>\n<p data-start=\"1176\" data-end=\"1290\">Refusioner udstedes gennem <strong data-start=\"1203\" data-end=\"1213\">PayPal<\/strong> eller <strong data-start=\"1217\" data-end=\"1244\">Kryptovaluta (Crypto)<\/strong>.<\/p>\n<h3 data-start=\"1292\" data-end=\"1311\"><strong data-start=\"1296\" data-end=\"1311\">Vores l\u00f8fte<\/strong><\/h3>\n<p data-start=\"1312\" data-end=\"1506\">Hvis du af en eller anden grund ikke er tilfreds med tjenesten, har du ret til at f\u00e5 pengene tilbage. <strong data-start=\"1404\" data-end=\"1454\">n\u00e5r som helst inden for den g\u00e6ldende garantiperiode<\/strong> \u2014 <strong data-start=\"1457\" data-end=\"1504\">intet besv\u00e6r, ingen risiko og ingen sp\u00f8rgsm\u00e5l.<\/strong><\/p>\t\t\t\t\t\t\t\t<\/div>\n\t\t\t\t\t<\/div>\n\t\t\t\t<\/div>\n\t\t\t\t<\/div>","protected":false},"excerpt":{"rendered":"<p>At OneClickTV, we value your satisfaction and strive to provide the best streaming experience possible. However, if for any reason you are not fully satisfied with your subscription, we offer a clear and simple refund policy \u2014 no hassle, no risk. Money-Back Guarantee Periods 1-Month and 3-Month Packages: Eligible for a 7-day money-back guarantee from [&hellip;]<\/p>","protected":false},"author":1,"featured_media":0,"parent":0,"menu_order":0,"comment_status":"closed","ping_status":"closed","template":"","meta":{"footnotes":""},"class_list":["post-192","page","type-page","status-publish","hentry"],"rttpg_featured_image_url":null,"rttpg_author":{"display_name":"admin","author_link":"https:\/\/oneclicktv.net\/officielt-danmark\/author\/admin\/"},"rttpg_comment":0,"rttpg_category":null,"rttpg_excerpt":"At OneClickTV, we value your satisfaction and strive to provide the best streaming experience possible. However, if for any reason you are not fully satisfied with your subscription, we offer a clear and simple refund policy \u2014 no hassle, no risk. Money-Back Guarantee Periods 1-Month and 3-Month Packages: Eligible for a 7-day money-back guarantee from&hellip;","_links":{"self":[{"href":"https:\/\/oneclicktv.net\/officielt-danmark\/wp-json\/wp\/v2\/pages\/192","targetHints":{"allow":["GET"]}}],"collection":[{"href":"https:\/\/oneclicktv.net\/officielt-danmark\/wp-json\/wp\/v2\/pages"}],"about":[{"href":"https:\/\/oneclicktv.net\/officielt-danmark\/wp-json\/wp\/v2\/types\/page"}],"author":[{"embeddable":true,"href":"https:\/\/oneclicktv.net\/officielt-danmark\/wp-json\/wp\/v2\/users\/1"}],"replies":[{"embeddable":true,"href":"https:\/\/oneclicktv.net\/officielt-danmark\/wp-json\/wp\/v2\/comments?post=192"}],"version-history":[{"count":4,"href":"https:\/\/oneclicktv.net\/officielt-danmark\/wp-json\/wp\/v2\/pages\/192\/revisions"}],"predecessor-version":[{"id":200,"href":"https:\/\/oneclicktv.net\/officielt-danmark\/wp-json\/wp\/v2\/pages\/192\/revisions\/200"}],"wp:attachment":[{"href":"https:\/\/oneclicktv.net\/officielt-danmark\/wp-json\/wp\/v2\/media?parent=192"}],"curies":[{"name":"wp","href":"https:\/\/api.w.org\/{rel}","templated":true}]}}