{"id":276,"date":"2026-01-15T18:59:57","date_gmt":"2026-01-15T18:59:57","guid":{"rendered":"https:\/\/oneclicktv.net\/?page_id=276"},"modified":"2026-01-15T19:04:57","modified_gmt":"2026-01-15T19:04:57","slug":"dmca","status":"publish","type":"page","link":"https:\/\/oneclicktv.net\/officiella-sverige\/dmca\/","title":{"rendered":"DMCA"},"content":{"rendered":"<h1 class=\"wp-block-heading\"><strong>DMCA-policy f\u00f6r 1ClickTV<\/strong><\/h1>\n\n\n\n<p>Digital Millennium Copyright Act (\u201cDMCA\u201d) \u00e4r utformad f\u00f6r att skydda inneh\u00e5llsskapare fr\u00e5n att f\u00e5 sitt arbete stulet och publicerat av andra personer p\u00e5 internet.<\/p>\n\n\n\n<p>Lagen riktar sig s\u00e4rskilt mot webbplatser d\u00e4r \u00e4garna inte vet vem som har bidragit med varje inneh\u00e5ll eller att webbplatsen \u00e4r en plattform f\u00f6r uppladdning och publicering av inneh\u00e5ll.<\/p>\n\n\n\n<p>Vi har som policy att svara p\u00e5 alla meddelanden om intr\u00e5ng och vidta l\u00e4mpliga \u00e5tg\u00e4rder.<\/p>\n\n\n\n<p>Denna policy enligt Digital Millennium Copyright Act g\u00e4ller f\u00f6r&nbsp;<strong>\u201c<a href=\"https:\/\/1clicktv.net\/\" target=\"_blank\" rel=\"noopener\">oneclicktv.net<\/a>\u201c<\/strong>&nbsp;(\u201cWebbplats\u201d eller \u201cTj\u00e4nst\u201d) och alla dess relaterade produkter och tj\u00e4nster (gemensamt \u201cTj\u00e4nster\u201d) och beskriver hur denna webbplatsoperat\u00f6r (\u201cOperat\u00f6r\u201d, \u201cvi\u201d, \u201coss\u201d eller \u201cv\u00e5r\u201d) hanterar meddelanden om upphovsr\u00e4ttsintr\u00e5ng och hur du (\u201cdu\u201d eller \u201cdin\u201d) kan l\u00e4mna in ett klagom\u00e5l om upphovsr\u00e4ttsintr\u00e5ng.<\/p>\n\n\n\n<p>Skyddet av immateriella r\u00e4ttigheter \u00e4r av yttersta vikt f\u00f6r oss och vi ber v\u00e5ra anv\u00e4ndare och deras auktoriserade ombud att g\u00f6ra detsamma. Det \u00e4r v\u00e5r policy att snabbt svara p\u00e5 tydliga meddelanden om p\u00e5st\u00e5dda upphovsr\u00e4ttsintr\u00e5ng som \u00f6verensst\u00e4mmer med United States Digital Millennium Copyright Act (\u201cDMCA\u201d) fr\u00e5n 1998, vars text finns p\u00e5 U.S. Copyright Office&nbsp;<a href=\"https:\/\/www.copyright.gov\/\" target=\"_blank\" rel=\"noreferrer noopener\"><strong>webbplats<\/strong><\/a>.<\/p>\n\n\n\n<h2 class=\"wp-block-heading\"><strong>Vad du b\u00f6r t\u00e4nka p\u00e5 innan du l\u00e4mnar in ett klagom\u00e5l om upphovsr\u00e4tt<\/strong><\/h2>\n\n\n\n<p>Observera att om du \u00e4r os\u00e4ker p\u00e5 om det material du anm\u00e4ler faktiskt utg\u00f6r intr\u00e5ng, kan du kontakta en advokat innan du skickar in en anm\u00e4lan till oss.<\/p>\n\n\n\n<p>DMCA kr\u00e4ver att du l\u00e4mnar dina personuppgifter i anm\u00e4lan om upphovsr\u00e4ttsintr\u00e5ng. Om du \u00e4r orolig f\u00f6r integriteten f\u00f6r din personliga information.<\/p>\n\n\n\n<h2 class=\"wp-block-heading\"><strong>Anm\u00e4lan om \u00f6vertr\u00e4delse<\/strong><\/h2>\n\n\n\n<p>Om du \u00e4r upphovsr\u00e4ttsinnehavare eller ombud f\u00f6r en s\u00e5dan, och du anser att n\u00e5got material som finns tillg\u00e4ngligt p\u00e5 v\u00e5ra tj\u00e4nster g\u00f6r intr\u00e5ng i dina upphovsr\u00e4ttigheter, kan du skicka in en skriftlig anm\u00e4lan om intr\u00e5ng i upphovsr\u00e4tten (\u201cAnm\u00e4lan\u201d) med hj\u00e4lp av kontaktuppgifterna nedan i enlighet med DMCA. Alla s\u00e5dana anm\u00e4lningar m\u00e5ste uppfylla kraven i DMCA.<\/p>\n\n\n\n<p>Att l\u00e4mna in ett DMCA-klagom\u00e5l \u00e4r b\u00f6rjan p\u00e5 en f\u00f6rdefinierad juridisk process. Ditt klagom\u00e5l kommer att granskas med avseende p\u00e5 korrekthet, giltighet och fullst\u00e4ndighet. Om ditt klagom\u00e5l har uppfyllt dessa krav kan v\u00e5rt svar inkludera borttagning eller begr\u00e4nsning av \u00e5tkomst till p\u00e5st\u00e5tt intr\u00e5ngsg\u00f6rande material.<\/p>\n\n\n\n<p>Om vi tar bort eller begr\u00e4nsar \u00e5tkomsten till material eller avslutar ett konto som svar p\u00e5 en anm\u00e4lan om p\u00e5st\u00e5tt intr\u00e5ng, kommer vi att g\u00f6ra en anstr\u00e4ngning i god tro f\u00f6r att kontakta den ber\u00f6rda anv\u00e4ndaren med information om borttagningen eller begr\u00e4nsningen av \u00e5tkomsten.<\/p>\n\n\n\n<p>Operat\u00f6ren f\u00f6rbeh\u00e5ller sig r\u00e4tten att inte vidta n\u00e5gra \u00e5tg\u00e4rder vid mottagandet av en DMCA-anm\u00e4lan om upphovsr\u00e4ttsintr\u00e5ng om den inte uppfyller alla krav i DMCA f\u00f6r s\u00e5dana anm\u00e4lningar, oavsett om n\u00e5got annat anges i n\u00e5gon del av denna policy.<\/p>\n\n\n\n<p>Den process som beskrivs i denna policy begr\u00e4nsar inte v\u00e5r m\u00f6jlighet att vidta andra \u00e5tg\u00e4rder som vi kan ha f\u00f6r att hantera misst\u00e4nkta intr\u00e5ng.<\/p>\n\n\n\n<h2 class=\"wp-block-heading\"><strong>\u00c4ndringar och till\u00e4gg<\/strong><\/h2>\n\n\n\n<p>Vi f\u00f6rbeh\u00e5ller oss r\u00e4tten att n\u00e4r som helst \u00e4ndra denna policy eller dess villkor som r\u00f6r webbplatsen och tj\u00e4nsterna efter eget gottfinnande. N\u00e4r vi g\u00f6r det kommer vi att l\u00e4gga upp ett meddelande p\u00e5 webbplatsens huvudsida och skicka ett e-postmeddelande till dig f\u00f6r att meddela dig. Vi kan ocks\u00e5 meddela dig p\u00e5 andra s\u00e4tt efter eget gottfinnande, till exempel genom den kontaktinformation du har angett.<\/p>\n\n\n\n<p>En uppdaterad version av denna policy tr\u00e4der i kraft omedelbart efter publiceringen av den reviderade policyn, om inte annat anges. Din fortsatta anv\u00e4ndning av webbplatsen och tj\u00e4nsterna efter ikrafttr\u00e4dandedatumet f\u00f6r den reviderade policyn (eller annan handling som anges vid den tidpunkten) kommer att utg\u00f6ra ditt samtycke till dessa \u00e4ndringar.<\/p>\n\n\n\n<h2 class=\"wp-block-heading\"><strong>Rapportering av upphovsr\u00e4ttsintr\u00e5ng<\/strong><\/h2>\n\n\n\n<p>Om du vill meddela oss om material eller aktiviteter som utg\u00f6r intr\u00e5ng uppmuntrar vi dig att kontakta oss via e-postadressen nedan.<\/p>\n\n\n\n<p><strong>E-post: Support@oneclicktv.net<\/strong><\/p>\n\n\n\n<p><strong>V\u00e4nligen r\u00e4kna med 1-2 arbetsdagar f\u00f6r svar via e-post.<\/strong><\/p>","protected":false},"excerpt":{"rendered":"<p>DMCA Policy For 1ClickTV The Digital Millennium Copyright Act (\u201cDMCA\u201d) is designed to protect content creators from having their work stolen and published by other people on the internet. The law specifically targets websites where owners do not know who contributed each item of content or that the website is a platform for uploading and [&hellip;]<\/p>","protected":false},"author":1,"featured_media":0,"parent":0,"menu_order":0,"comment_status":"closed","ping_status":"closed","template":"","meta":{"footnotes":""},"class_list":["post-276","page","type-page","status-publish","hentry"],"rttpg_featured_image_url":null,"rttpg_author":{"display_name":"admin","author_link":"https:\/\/oneclicktv.net\/officiella-sverige\/author\/admin\/"},"rttpg_comment":0,"rttpg_category":null,"rttpg_excerpt":"DMCA Policy For 1ClickTV The Digital Millennium Copyright Act (\u201cDMCA\u201d) is designed to protect content creators from having their work stolen and published by other people on the internet. The law specifically targets websites where owners do not know who contributed each item of content or that the website is a platform for uploading and&hellip;","_links":{"self":[{"href":"https:\/\/oneclicktv.net\/officiella-sverige\/wp-json\/wp\/v2\/pages\/276","targetHints":{"allow":["GET"]}}],"collection":[{"href":"https:\/\/oneclicktv.net\/officiella-sverige\/wp-json\/wp\/v2\/pages"}],"about":[{"href":"https:\/\/oneclicktv.net\/officiella-sverige\/wp-json\/wp\/v2\/types\/page"}],"author":[{"embeddable":true,"href":"https:\/\/oneclicktv.net\/officiella-sverige\/wp-json\/wp\/v2\/users\/1"}],"replies":[{"embeddable":true,"href":"https:\/\/oneclicktv.net\/officiella-sverige\/wp-json\/wp\/v2\/comments?post=276"}],"version-history":[{"count":2,"href":"https:\/\/oneclicktv.net\/officiella-sverige\/wp-json\/wp\/v2\/pages\/276\/revisions"}],"predecessor-version":[{"id":280,"href":"https:\/\/oneclicktv.net\/officiella-sverige\/wp-json\/wp\/v2\/pages\/276\/revisions\/280"}],"wp:attachment":[{"href":"https:\/\/oneclicktv.net\/officiella-sverige\/wp-json\/wp\/v2\/media?parent=276"}],"curies":[{"name":"wp","href":"https:\/\/api.w.org\/{rel}","templated":true}]}}