{"id":210,"date":"2026-01-15T09:51:15","date_gmt":"2026-01-15T09:51:15","guid":{"rendered":"https:\/\/oneclicktv.net\/?page_id=210"},"modified":"2026-04-14T07:52:52","modified_gmt":"2026-04-14T07:52:52","slug":"vanliga-fragor-och-svar","status":"publish","type":"page","link":"https:\/\/oneclicktv.net\/officiella-sverige\/vanliga-fragor-och-svar\/","title":{"rendered":"Ofta st\u00e4llda fr\u00e5gor\u00a0"},"content":{"rendered":"<div data-elementor-type=\"wp-page\" data-elementor-id=\"210\" class=\"elementor elementor-210\" data-elementor-post-type=\"page\">\n\t\t\t\t<div data-particle_enable=\"false\" data-particle-mobile-disabled=\"false\" class=\"elementor-element elementor-element-1591f374 e-con-full e-flex e-con e-parent\" data-id=\"1591f374\" data-element_type=\"container\" data-settings=\"{&quot;background_background&quot;:&quot;classic&quot;}\">\n\t\t\t\t<div class=\"elementor-element elementor-element-67e0a907 elementor-widget elementor-widget-heading\" data-id=\"67e0a907\" data-element_type=\"widget\" data-widget_type=\"heading.default\">\n\t\t\t\t\t<h2 class=\"elementor-heading-title elementor-size-default\">Ofta st\u00e4llda fr\u00e5gor\n<\/h2>\t\t\t\t<\/div>\n\t\t<div data-particle_enable=\"false\" data-particle-mobile-disabled=\"false\" class=\"elementor-element elementor-element-77cc045f e-con-full e-flex e-con e-child\" data-id=\"77cc045f\" data-element_type=\"container\">\n\t\t<div data-particle_enable=\"false\" data-particle-mobile-disabled=\"false\" class=\"elementor-element elementor-element-6f3b435a e-con-full e-flex e-con e-child\" data-id=\"6f3b435a\" data-element_type=\"container\">\n\t\t\t\t<div class=\"elementor-element elementor-element-33cd8b93 elementor-widget elementor-widget-eael-adv-accordion\" data-id=\"33cd8b93\" data-element_type=\"widget\" data-widget_type=\"eael-adv-accordion.default\">\n\t\t\t\t\t            <div class=\"eael-adv-accordion\" id=\"eael-adv-accordion-33cd8b93\" data-scroll-on-click=\"no\" data-scroll-speed=\"300\" data-accordion-id=\"33cd8b93\" data-accordion-type=\"accordion\" data-toogle-speed=\"300\">\n            <div class=\"eael-accordion-list\">\n\t\t\t\t\t<div id=\"what-is-1clicktv-iptv\" class=\"elementor-tab-title eael-accordion-header\" tabindex=\"0\" data-tab=\"1\" aria-controls=\"elementor-tab-content-8691\"><span class=\"eael-accordion-tab-title\">Vad \u00e4r 1ClickTV IPTV?<\/span><svg aria-hidden=\"true\" class=\"fa-toggle e-font-icon-svg e-fas-angle-down\" viewbox=\"0 0 320 512\" xmlns=\"http:\/\/www.w3.org\/2000\/svg\"><path d=\"M143 352.3L7 216.3c-9.4-9.4-9.4-24.6 0-33.9l22.6-22.6c9.4-9.4 24.6-9.4 33.9 0l96.4 96.4 96.4-96.4c9.4-9.4 24.6-9.4 33.9 0l22.6 22.6c9.4 9.4 9.4 24.6 0 33.9l-136 136c-9.2 9.4-24.4 9.4-33.8 0z\"><\/path><\/svg><\/div><div id=\"elementor-tab-content-8691\" class=\"eael-accordion-content clearfix\" data-tab=\"1\" aria-labelledby=\"what-is-1clicktv-iptv\"><div class=\"elementskit-card active\"><div id=\"Collapse-a06c87a64a73c5d15ccc\" class=\"collapse show\" aria-labelledby=\"primaryHeading-0-36d7176\" data-parent=\"#accordion-64a73c5d15ccc\"><div class=\"elementskit-card-body ekit-accordion--content\"><p>1ClickTV \u00e4r en IPTV-tj\u00e4nst som erbjuder ett brett utbud av inneh\u00e5ll, inklusive 25 000+ live-TV-kanaler, 180 000+ (VOD), filmer, serier, shower, internationella kanaler och lokala kanaler fr\u00e5n Storbritannien, USA och Kanada. Den t\u00e4cker olika genrer, till exempel sport, nyheter och NFL-spel, och \u00e4r utformad f\u00f6r att ge en s\u00f6ml\u00f6s streamingupplevelse utan buffring eller frysning.<\/p><\/div><\/div><\/div><div class=\"elementskit-card\"><div id=\"primaryHeading-1-36d7176\" class=\"elementskit-card-header\">\u00a0<\/div><\/div><\/div>\n\t\t\t\t\t<\/div><div class=\"eael-accordion-list\">\n\t\t\t\t\t<div id=\"which-devices-can-i-use-iptv-on\" class=\"elementor-tab-title eael-accordion-header\" tabindex=\"0\" data-tab=\"2\" aria-controls=\"elementor-tab-content-8692\"><span class=\"eael-accordion-tab-title\">Vilka enheter kan jag anv\u00e4nda IPTV p\u00e5?<\/span><svg aria-hidden=\"true\" class=\"fa-toggle e-font-icon-svg e-fas-angle-down\" viewbox=\"0 0 320 512\" xmlns=\"http:\/\/www.w3.org\/2000\/svg\"><path d=\"M143 352.3L7 216.3c-9.4-9.4-9.4-24.6 0-33.9l22.6-22.6c9.4-9.4 24.6-9.4 33.9 0l96.4 96.4 96.4-96.4c9.4-9.4 24.6-9.4 33.9 0l22.6 22.6c9.4 9.4 9.4 24.6 0 33.9l-136 136c-9.2 9.4-24.4 9.4-33.8 0z\"><\/path><\/svg><\/div><div id=\"elementor-tab-content-8692\" class=\"eael-accordion-content clearfix\" data-tab=\"2\" aria-labelledby=\"which-devices-can-i-use-iptv-on\"><p><em>Du kan anv\u00e4nda IPTV 1ClickTV p\u00e5 f\u00f6ljande enheter:<\/em><\/p><p>\u00a0<\/p><ul><li>Amazon Fire TV-apparater och Firesticks.<\/li><li>Magbox, Nvidia Shield, Google Chromecast.<\/li><li>Android TV-apparater, boxar, telefoner och surfplattor.<\/li><li>iPhone, iPad, Mac-datorer och andra iOS-enheter.<\/li><li>Smarta TV-apparater (LG, Samsung, Sony m.fl.)<\/li><li>Android-emulatorer f\u00f6r Mac och Windows.<\/li><\/ul><\/div>\n\t\t\t\t\t<\/div><div class=\"eael-accordion-list\">\n\t\t\t\t\t<div id=\"how-do-i-install-iptv-service-on-my-device\" class=\"elementor-tab-title eael-accordion-header\" tabindex=\"0\" data-tab=\"3\" aria-controls=\"elementor-tab-content-8693\"><span class=\"eael-accordion-tab-title\">Hur installerar jag IPTV-tj\u00e4nsten p\u00e5 min enhet?<\/span><svg aria-hidden=\"true\" class=\"fa-toggle e-font-icon-svg e-fas-angle-down\" viewbox=\"0 0 320 512\" xmlns=\"http:\/\/www.w3.org\/2000\/svg\"><path d=\"M143 352.3L7 216.3c-9.4-9.4-9.4-24.6 0-33.9l22.6-22.6c9.4-9.4 24.6-9.4 33.9 0l96.4 96.4 96.4-96.4c9.4-9.4 24.6-9.4 33.9 0l22.6 22.6c9.4 9.4 9.4 24.6 0 33.9l-136 136c-9.2 9.4-24.4 9.4-33.8 0z\"><\/path><\/svg><\/div><div id=\"elementor-tab-content-8693\" class=\"eael-accordion-content clearfix\" data-tab=\"3\" aria-labelledby=\"how-do-i-install-iptv-service-on-my-device\"><p>Installationsanvisningarna kan variera beroende p\u00e5 vilken enhet du anv\u00e4nder. Vi tillhandah\u00e5ller steg-f\u00f6r-steg installationsguider p\u00e5 v\u00e5r webbplats f\u00f6r olika enheter som st\u00f6ds. Se den l\u00e4mpliga guiden f\u00f6r din enhet i <a href=\"https:\/\/oneclicktv.net\/officiella-sverige\/iptv-installationer\/\">Installationssida<\/a> f\u00f6r att komma ig\u00e5ng.\u00a0<\/p><\/div>\n\t\t\t\t\t<\/div><div class=\"eael-accordion-list\">\n\t\t\t\t\t<div id=\"how-do-i-renew-my-1clicktv-subscription\" class=\"elementor-tab-title eael-accordion-header\" tabindex=\"0\" data-tab=\"4\" aria-controls=\"elementor-tab-content-8694\"><span class=\"eael-accordion-tab-title\">Hur f\u00f6rnyar jag min 1ClickTV-prenumeration?<\/span><svg aria-hidden=\"true\" class=\"fa-toggle e-font-icon-svg e-fas-angle-down\" viewbox=\"0 0 320 512\" xmlns=\"http:\/\/www.w3.org\/2000\/svg\"><path d=\"M143 352.3L7 216.3c-9.4-9.4-9.4-24.6 0-33.9l22.6-22.6c9.4-9.4 24.6-9.4 33.9 0l96.4 96.4 96.4-96.4c9.4-9.4 24.6-9.4 33.9 0l22.6 22.6c9.4 9.4 9.4 24.6 0 33.9l-136 136c-9.2 9.4-24.4 9.4-33.8 0z\"><\/path><\/svg><\/div><div id=\"elementor-tab-content-8694\" class=\"eael-accordion-content clearfix\" data-tab=\"4\" aria-labelledby=\"how-do-i-renew-my-1clicktv-subscription\"><p>F\u00f6r att f\u00f6rnya din prenumeration, g\u00e5 bara till v\u00e5r webbplats och v\u00e4lj den nya planen du vill g\u00e5 med och sedan efter att du har betalat kommer vi att aktivera automatiskt den nya planen p\u00e5 samma referensuppgifter som den gamla planen. Du kan f\u00e5 nya referenser genom att kontakta oss.<\/p><\/div>\n\t\t\t\t\t<\/div><div class=\"eael-accordion-list\">\n\t\t\t\t\t<div id=\"can-i-use-1clicktv-iptv-when-i-travel-abroad\" class=\"elementor-tab-title eael-accordion-header\" tabindex=\"0\" data-tab=\"5\" aria-controls=\"elementor-tab-content-8695\"><span class=\"eael-accordion-tab-title\">Kan jag anv\u00e4nda 1ClickTV IPTV n\u00e4r jag reser utomlands?<\/span><svg aria-hidden=\"true\" class=\"fa-toggle e-font-icon-svg e-fas-angle-down\" viewbox=\"0 0 320 512\" xmlns=\"http:\/\/www.w3.org\/2000\/svg\"><path d=\"M143 352.3L7 216.3c-9.4-9.4-9.4-24.6 0-33.9l22.6-22.6c9.4-9.4 24.6-9.4 33.9 0l96.4 96.4 96.4-96.4c9.4-9.4 24.6-9.4 33.9 0l22.6 22.6c9.4 9.4 9.4 24.6 0 33.9l-136 136c-9.2 9.4-24.4 9.4-33.8 0z\"><\/path><\/svg><\/div><div id=\"elementor-tab-content-8695\" class=\"eael-accordion-content clearfix\" data-tab=\"5\" aria-labelledby=\"can-i-use-1clicktv-iptv-when-i-travel-abroad\"><p>Ja, 1ClickTV \u00e4r tillg\u00e4ngligt internationellt. Du kan anv\u00e4nda tj\u00e4nsten n\u00e4r du reser utomlands s\u00e5 l\u00e4nge du har en stabil internetanslutning. Det g\u00f6r att du kan h\u00e5lla dig ansluten till ditt favoritinneh\u00e5ll oavsett var du \u00e4r.<\/p><\/div>\n\t\t\t\t\t<\/div><\/div>\t\t\t\t<\/div>\n\t\t\t\t<\/div>\n\t\t<div data-particle_enable=\"false\" data-particle-mobile-disabled=\"false\" class=\"elementor-element elementor-element-74c3d7a9 e-con-full e-flex e-con e-child\" data-id=\"74c3d7a9\" data-element_type=\"container\">\n\t\t\t\t<div class=\"elementor-element elementor-element-4174699e elementor-widget elementor-widget-eael-adv-accordion\" data-id=\"4174699e\" data-element_type=\"widget\" data-widget_type=\"eael-adv-accordion.default\">\n\t\t\t\t\t            <div class=\"eael-adv-accordion\" id=\"eael-adv-accordion-4174699e\" data-scroll-on-click=\"no\" data-scroll-speed=\"300\" data-accordion-id=\"4174699e\" data-accordion-type=\"accordion\" data-toogle-speed=\"300\">\n            <div class=\"eael-accordion-list\">\n\t\t\t\t\t<div id=\"can-i-share-my-1clicktv-iptv-account-with-family-members-or-friends\" class=\"elementor-tab-title eael-accordion-header\" tabindex=\"0\" data-tab=\"1\" aria-controls=\"elementor-tab-content-1091\"><span class=\"eael-accordion-tab-title\">Kan jag dela mitt 1ClickTV IPTV-konto med familjemedlemmar eller v\u00e4nner?<\/span><svg aria-hidden=\"true\" class=\"fa-toggle e-font-icon-svg e-fas-angle-down\" viewbox=\"0 0 320 512\" xmlns=\"http:\/\/www.w3.org\/2000\/svg\"><path d=\"M143 352.3L7 216.3c-9.4-9.4-9.4-24.6 0-33.9l22.6-22.6c9.4-9.4 24.6-9.4 33.9 0l96.4 96.4 96.4-96.4c9.4-9.4 24.6-9.4 33.9 0l22.6 22.6c9.4 9.4 9.4 24.6 0 33.9l-136 136c-9.2 9.4-24.4 9.4-33.8 0z\"><\/path><\/svg><\/div><div id=\"elementor-tab-content-1091\" class=\"eael-accordion-content clearfix\" data-tab=\"1\" aria-labelledby=\"can-i-share-my-1clicktv-iptv-account-with-family-members-or-friends\"><div class=\"elementskit-card active\"><div id=\"Collapse-a06c87a64a73c5d15ccc\" class=\"collapse show\" aria-labelledby=\"primaryHeading-0-36d7176\" data-parent=\"#accordion-64a73c5d15ccc\"><div class=\"elementskit-card-body ekit-accordion--content\"><p>1ClickTV IPTV-konton \u00e4r f\u00f6r personligt bruk och att dela konton med andra kan bryta mot v\u00e5ra anv\u00e4ndarvillkor. Vi erbjuder st\u00f6d f\u00f6r flera enheter med vissa prenumerationsplaner f\u00f6r att tillgodose enskilda anv\u00e4ndare.<\/p><\/div><\/div><\/div><div class=\"elementskit-card\"><div id=\"primaryHeading-1-36d7176\" class=\"elementskit-card-header\">\u00a0<\/div><\/div><\/div>\n\t\t\t\t\t<\/div><div class=\"eael-accordion-list\">\n\t\t\t\t\t<div id=\"do-you-offer-refunds\" class=\"elementor-tab-title eael-accordion-header\" tabindex=\"0\" data-tab=\"2\" aria-controls=\"elementor-tab-content-1092\"><span class=\"eael-accordion-tab-title\">Erbjuder du \u00e5terbetalning?<\/span><svg aria-hidden=\"true\" class=\"fa-toggle e-font-icon-svg e-fas-angle-down\" viewbox=\"0 0 320 512\" xmlns=\"http:\/\/www.w3.org\/2000\/svg\"><path d=\"M143 352.3L7 216.3c-9.4-9.4-9.4-24.6 0-33.9l22.6-22.6c9.4-9.4 24.6-9.4 33.9 0l96.4 96.4 96.4-96.4c9.4-9.4 24.6-9.4 33.9 0l22.6 22.6c9.4 9.4 9.4 24.6 0 33.9l-136 136c-9.2 9.4-24.4 9.4-33.8 0z\"><\/path><\/svg><\/div><div id=\"elementor-tab-content-1092\" class=\"eael-accordion-content clearfix\" data-tab=\"2\" aria-labelledby=\"do-you-offer-refunds\"><p>Vi ger en fullst\u00e4ndig \u00e5terbetalningsgaranti f\u00f6r de f\u00f6rsta 7 dagarna i alla v\u00e5ra paket. Dessutom erbjuder vi en \u00e5terbetalning p\u00e5 60%, som varierar beroende p\u00e5 hur l\u00e4nge du anv\u00e4nder tj\u00e4nsten. Det \u00e4r dock viktigt att n\u00e4mna att \u00e5terbetalningar inte \u00e4r tillg\u00e4ngliga f\u00f6r provperioder.<\/p><\/div>\n\t\t\t\t\t<\/div><div class=\"eael-accordion-list\">\n\t\t\t\t\t<div id=\"1clicktv-smart-solution-for-buffering-issues\" class=\"elementor-tab-title eael-accordion-header\" tabindex=\"0\" data-tab=\"3\" aria-controls=\"elementor-tab-content-1093\"><span class=\"eael-accordion-tab-title\">1ClickTV Smart l\u00f6sning f\u00f6r buffringsproblem<\/span><svg aria-hidden=\"true\" class=\"fa-toggle e-font-icon-svg e-fas-angle-down\" viewbox=\"0 0 320 512\" xmlns=\"http:\/\/www.w3.org\/2000\/svg\"><path d=\"M143 352.3L7 216.3c-9.4-9.4-9.4-24.6 0-33.9l22.6-22.6c9.4-9.4 24.6-9.4 33.9 0l96.4 96.4 96.4-96.4c9.4-9.4 24.6-9.4 33.9 0l22.6 22.6c9.4 9.4 9.4 24.6 0 33.9l-136 136c-9.2 9.4-24.4 9.4-33.8 0z\"><\/path><\/svg><\/div><div id=\"elementor-tab-content-1093\" class=\"eael-accordion-content clearfix\" data-tab=\"3\" aria-labelledby=\"1clicktv-smart-solution-for-buffering-issues\"><p>De flesta buffringsproblem kommer fr\u00e5n ISP-strypning, det \u00e4r n\u00e4r din internetleverant\u00f6r saktar ner dig antingen under topptider eller n\u00e4r du anv\u00e4nder mycket data. Om du streamar fr\u00e5n en server som internetleverant\u00f6ren inte k\u00e4nner igen (webbplatser som twitch, YouTube och Netflix \u00e4r vitlistade s\u00e5 det p\u00e5verkar inte detta) kan leverant\u00f6ren sakta ner din tj\u00e4nst. Ett VPN kommer att bek\u00e4mpa detta eftersom det d\u00f6ljer var dina data kommer ifr\u00e5n. (Detta ger dig inte anonymitet, din tj\u00e4nsteleverant\u00f6r \/ myndigheter kan fortfarande se vad du g\u00f6r om de vill)\u00a0<\/p><p>Men med 1clicktv erbjuder vi dig en annan Url-v\u00e4rd som heter VPN Host URL den h\u00e4r d\u00f6ljer din identitet och g\u00f6r din dataanv\u00e4ndning n\u00e4r du tittar p\u00e5 youtube-videor s\u00e5 att du kommer att str\u00f6mma IPTV n\u00e4r du tittar p\u00e5 TV via kabel-TV\u00a0<\/p><\/div>\n\t\t\t\t\t<\/div><div class=\"eael-accordion-list\">\n\t\t\t\t\t<div id=\"how-can-i-get-a-free-vpn-account\" class=\"elementor-tab-title eael-accordion-header\" tabindex=\"0\" data-tab=\"4\" aria-controls=\"elementor-tab-content-1094\"><span class=\"eael-accordion-tab-title\">Hur kan jag f\u00e5 ett gratis VPN-konto?<\/span><svg aria-hidden=\"true\" class=\"fa-toggle e-font-icon-svg e-fas-angle-down\" viewbox=\"0 0 320 512\" xmlns=\"http:\/\/www.w3.org\/2000\/svg\"><path d=\"M143 352.3L7 216.3c-9.4-9.4-9.4-24.6 0-33.9l22.6-22.6c9.4-9.4 24.6-9.4 33.9 0l96.4 96.4 96.4-96.4c9.4-9.4 24.6-9.4 33.9 0l22.6 22.6c9.4 9.4 9.4 24.6 0 33.9l-136 136c-9.2 9.4-24.4 9.4-33.8 0z\"><\/path><\/svg><\/div><div id=\"elementor-tab-content-1094\" class=\"eael-accordion-content clearfix\" data-tab=\"4\" aria-labelledby=\"how-can-i-get-a-free-vpn-account\"><p>F\u00f6r att f\u00e5 ett gratis VPN-konto m\u00e5ste du k\u00f6pa en 6 eller 12-m\u00e5naders prenumeration (eller redan ha en). Skicka oss sedan ditt IPTV-kontos anv\u00e4ndarnamn via e-post. N\u00e4r vi har bekr\u00e4ftat din prenumeration skickar vi dina VPN-kontouppgifter via e-post.<\/p><\/div>\n\t\t\t\t\t<\/div><\/div>\t\t\t\t<\/div>\n\t\t\t\t<\/div>\n\t\t\t\t<\/div>\n\t\t\t\t<\/div>\n\t\t\t\t<\/div>","protected":false},"excerpt":{"rendered":"<p>Frequently Ask Questions What is 1ClickTV IPTV? 1ClickTV is a IPTV service that offers a wide range of content, including 25,000+ live TV channels, 180,000+ (VOD), movies, series, shows, international channels, and local UK, US and Canadian channels. It covers various genres, such as sports, news, and NFL Games, and is designed to provide a [&hellip;]<\/p>","protected":false},"author":1,"featured_media":0,"parent":0,"menu_order":0,"comment_status":"closed","ping_status":"closed","template":"","meta":{"footnotes":""},"class_list":["post-210","page","type-page","status-publish","hentry"],"rttpg_featured_image_url":null,"rttpg_author":{"display_name":"admin","author_link":"https:\/\/oneclicktv.net\/officiella-sverige\/author\/admin\/"},"rttpg_comment":0,"rttpg_category":null,"rttpg_excerpt":"Frequently Ask Questions What is 1ClickTV IPTV? 1ClickTV is a IPTV service that offers a wide range of content, including 25,000+ live TV channels, 180,000+ (VOD), movies, series, shows, international channels, and local UK, US and Canadian channels. It covers various genres, such as sports, news, and NFL Games, and is designed to provide a&hellip;","_links":{"self":[{"href":"https:\/\/oneclicktv.net\/officiella-sverige\/wp-json\/wp\/v2\/pages\/210","targetHints":{"allow":["GET"]}}],"collection":[{"href":"https:\/\/oneclicktv.net\/officiella-sverige\/wp-json\/wp\/v2\/pages"}],"about":[{"href":"https:\/\/oneclicktv.net\/officiella-sverige\/wp-json\/wp\/v2\/types\/page"}],"author":[{"embeddable":true,"href":"https:\/\/oneclicktv.net\/officiella-sverige\/wp-json\/wp\/v2\/users\/1"}],"replies":[{"embeddable":true,"href":"https:\/\/oneclicktv.net\/officiella-sverige\/wp-json\/wp\/v2\/comments?post=210"}],"version-history":[{"count":5,"href":"https:\/\/oneclicktv.net\/officiella-sverige\/wp-json\/wp\/v2\/pages\/210\/revisions"}],"predecessor-version":[{"id":5264,"href":"https:\/\/oneclicktv.net\/officiella-sverige\/wp-json\/wp\/v2\/pages\/210\/revisions\/5264"}],"wp:attachment":[{"href":"https:\/\/oneclicktv.net\/officiella-sverige\/wp-json\/wp\/v2\/media?parent=210"}],"curies":[{"name":"wp","href":"https:\/\/api.w.org\/{rel}","templated":true}]}}