{"id":192,"date":"2026-01-15T08:15:42","date_gmt":"2026-01-15T08:15:42","guid":{"rendered":"https:\/\/oneclicktv.net\/?page_id=192"},"modified":"2026-01-15T09:07:31","modified_gmt":"2026-01-15T09:07:31","slug":"aterbetalningspolicy","status":"publish","type":"page","link":"https:\/\/oneclicktv.net\/officiella-sverige\/aterbetalningspolicy\/","title":{"rendered":"\u00c5terbetalningspolicy"},"content":{"rendered":"<div data-elementor-type=\"wp-page\" data-elementor-id=\"192\" class=\"elementor elementor-192\" data-elementor-post-type=\"page\">\n\t\t\t\t<div data-particle_enable=\"false\" data-particle-mobile-disabled=\"false\" class=\"elementor-element elementor-element-5ab5f9f4 e-flex e-con-boxed e-con e-parent\" data-id=\"5ab5f9f4\" data-element_type=\"container\" data-settings=\"{&quot;background_background&quot;:&quot;classic&quot;}\">\n\t\t\t\t\t<div class=\"e-con-inner\">\n\t\t\t\t<div class=\"elementor-element elementor-element-17760a35 elementor-widget elementor-widget-text-editor\" data-id=\"17760a35\" data-element_type=\"widget\" data-widget_type=\"text-editor.default\">\n\t\t\t\t\t\t\t\t\t<p data-start=\"164\" data-end=\"416\">Vid <strong data-start=\"167\" data-end=\"181\">OneClickTV<\/strong>, Vi v\u00e4rdes\u00e4tter din tillfredsst\u00e4llelse och str\u00e4var efter att tillhandah\u00e5lla den b\u00e4sta streamingupplevelsen som \u00e4r m\u00f6jlig. Men om du av n\u00e5gon anledning inte \u00e4r helt n\u00f6jd med din prenumeration erbjuder vi en tydlig och enkel \u00e5terbetalningspolicy - inget kr\u00e5ngel, ingen risk.<\/p>\n<h3 data-start=\"418\" data-end=\"454\"><strong data-start=\"422\" data-end=\"454\">Perioder f\u00f6r pengarna-tillbaka-garanti<\/strong><\/h3>\n<ul data-start=\"455\" data-end=\"788\">\n<li data-start=\"455\" data-end=\"567\">\n<p data-start=\"457\" data-end=\"567\"><strong data-start=\"457\" data-end=\"490\">1-m\u00e5naders och 3-m\u00e5naders paket:<\/strong> Ber\u00e4ttigad till en <strong data-start=\"506\" data-end=\"536\">7 dagars pengarna-tillbaka-garanti<\/strong> fr\u00e5n och med dagen f\u00f6r aktivering.<\/p>\n<\/li>\n<li data-start=\"568\" data-end=\"682\">\n<p data-start=\"570\" data-end=\"682\"><strong data-start=\"570\" data-end=\"604\">6-m\u00e5naders och 12-m\u00e5naders paket:<\/strong> Ber\u00e4ttigad till en <strong data-start=\"620\" data-end=\"651\">30 dagars pengarna-tillbaka-garanti<\/strong> fr\u00e5n och med dagen f\u00f6r aktivering.<\/p>\n<\/li>\n<li data-start=\"683\" data-end=\"788\">\n<p data-start=\"685\" data-end=\"788\"><strong data-start=\"685\" data-end=\"709\">Livstidsanslutning:<\/strong> Ber\u00e4ttigad till en <strong data-start=\"725\" data-end=\"757\">100 dagars pengarna-tillbaka-garanti<\/strong> fr\u00e5n och med dagen f\u00f6r aktivering.<\/p>\n<\/li>\n<\/ul>\n<h3 data-start=\"790\" data-end=\"821\"><strong data-start=\"794\" data-end=\"821\">Hur man beg\u00e4r \u00e5terbetalning<\/strong><\/h3>\n<p data-start=\"822\" data-end=\"912\">F\u00f6r att beg\u00e4ra \u00e5terbetalning, v\u00e4nligen kontakta v\u00e5rt supportteam via n\u00e5gon av f\u00f6ljande metoder:<\/p>\n<ul data-start=\"913\" data-end=\"1065\">\n<li data-start=\"913\" data-end=\"946\">\n<p data-start=\"915\" data-end=\"946\"><strong data-start=\"915\" data-end=\"928\">WhatsApp:<\/strong> +44 7532 789713<\/p>\n<\/li>\n<li data-start=\"947\" data-end=\"1027\">\n<p data-start=\"949\" data-end=\"1027\"><strong data-start=\"949\" data-end=\"962\">Telegram:<\/strong> <a class=\"decorated-link cursor-pointer\" target=\"_new\" rel=\"noopener\" data-start=\"963\" data-end=\"1025\">https:\/\/t.me\/OneclickTVdotnet<\/a><\/p>\n<\/li>\n<li data-start=\"1028\" data-end=\"1065\">\n<p data-start=\"1030\" data-end=\"1065\"><strong data-start=\"1030\" data-end=\"1040\">E-post:<\/strong> <a class=\"decorated-link cursor-pointer\" rel=\"noopener\" data-start=\"1041\" data-end=\"1063\">support@oneclicktv.net<\/a><\/p>\n<\/li>\n<\/ul>\n<p data-start=\"1067\" data-end=\"1152\">V\u00e5rt team kommer att behandla din beg\u00e4ran inom 24-48 timmar efter att ha mottagit ditt meddelande.<\/p>\n<h3 data-start=\"1154\" data-end=\"1175\"><strong data-start=\"1158\" data-end=\"1175\">Metod f\u00f6r \u00e5terbetalning<\/strong><\/h3>\n<p data-start=\"1176\" data-end=\"1290\">\u00c5terbetalning sker genom <strong data-start=\"1203\" data-end=\"1213\">PayPal<\/strong> eller <strong data-start=\"1217\" data-end=\"1244\">Kryptovaluta (Crypto)<\/strong>.<\/p>\n<h3 data-start=\"1292\" data-end=\"1311\"><strong data-start=\"1296\" data-end=\"1311\">V\u00e5rt l\u00f6fte<\/strong><\/h3>\n<p data-start=\"1312\" data-end=\"1506\">Om du av n\u00e5gon anledning inte \u00e4r n\u00f6jd med tj\u00e4nsten har du r\u00e4tt att beg\u00e4ra \u00e5terbetalning <strong data-start=\"1404\" data-end=\"1454\">n\u00e4r som helst inom den till\u00e4mpliga garantiperioden<\/strong> \u2014 <strong data-start=\"1457\" data-end=\"1504\">inget kr\u00e5ngel, ingen risk och inga fr\u00e5gor st\u00e4lls.<\/strong><\/p>\t\t\t\t\t\t\t\t<\/div>\n\t\t\t\t\t<\/div>\n\t\t\t\t<\/div>\n\t\t\t\t<\/div>","protected":false},"excerpt":{"rendered":"<p>At OneClickTV, we value your satisfaction and strive to provide the best streaming experience possible. However, if for any reason you are not fully satisfied with your subscription, we offer a clear and simple refund policy \u2014 no hassle, no risk. Money-Back Guarantee Periods 1-Month and 3-Month Packages: Eligible for a 7-day money-back guarantee from [&hellip;]<\/p>","protected":false},"author":1,"featured_media":0,"parent":0,"menu_order":0,"comment_status":"closed","ping_status":"closed","template":"","meta":{"footnotes":""},"class_list":["post-192","page","type-page","status-publish","hentry"],"rttpg_featured_image_url":null,"rttpg_author":{"display_name":"admin","author_link":"https:\/\/oneclicktv.net\/officiella-sverige\/author\/admin\/"},"rttpg_comment":0,"rttpg_category":null,"rttpg_excerpt":"At OneClickTV, we value your satisfaction and strive to provide the best streaming experience possible. However, if for any reason you are not fully satisfied with your subscription, we offer a clear and simple refund policy \u2014 no hassle, no risk. Money-Back Guarantee Periods 1-Month and 3-Month Packages: Eligible for a 7-day money-back guarantee from&hellip;","_links":{"self":[{"href":"https:\/\/oneclicktv.net\/officiella-sverige\/wp-json\/wp\/v2\/pages\/192","targetHints":{"allow":["GET"]}}],"collection":[{"href":"https:\/\/oneclicktv.net\/officiella-sverige\/wp-json\/wp\/v2\/pages"}],"about":[{"href":"https:\/\/oneclicktv.net\/officiella-sverige\/wp-json\/wp\/v2\/types\/page"}],"author":[{"embeddable":true,"href":"https:\/\/oneclicktv.net\/officiella-sverige\/wp-json\/wp\/v2\/users\/1"}],"replies":[{"embeddable":true,"href":"https:\/\/oneclicktv.net\/officiella-sverige\/wp-json\/wp\/v2\/comments?post=192"}],"version-history":[{"count":4,"href":"https:\/\/oneclicktv.net\/officiella-sverige\/wp-json\/wp\/v2\/pages\/192\/revisions"}],"predecessor-version":[{"id":200,"href":"https:\/\/oneclicktv.net\/officiella-sverige\/wp-json\/wp\/v2\/pages\/192\/revisions\/200"}],"wp:attachment":[{"href":"https:\/\/oneclicktv.net\/officiella-sverige\/wp-json\/wp\/v2\/media?parent=192"}],"curies":[{"name":"wp","href":"https:\/\/api.w.org\/{rel}","templated":true}]}}