{"id":210,"date":"2026-01-15T09:51:15","date_gmt":"2026-01-15T09:51:15","guid":{"rendered":"https:\/\/oneclicktv.net\/?page_id=210"},"modified":"2026-04-14T07:52:52","modified_gmt":"2026-04-14T07:52:52","slug":"questions-frequemment-posees","status":"publish","type":"page","link":"https:\/\/oneclicktv.net\/francais-officiel\/questions-frequemment-posees\/","title":{"rendered":"Foire aux questions\u00a0"},"content":{"rendered":"<div data-elementor-type=\"wp-page\" data-elementor-id=\"210\" class=\"elementor elementor-210\" data-elementor-post-type=\"page\">\n\t\t\t\t<div data-particle_enable=\"false\" data-particle-mobile-disabled=\"false\" class=\"elementor-element elementor-element-1591f374 e-con-full e-flex e-con e-parent\" data-id=\"1591f374\" data-element_type=\"container\" data-settings=\"{&quot;background_background&quot;:&quot;classic&quot;}\">\n\t\t\t\t<div class=\"elementor-element elementor-element-67e0a907 elementor-widget elementor-widget-heading\" data-id=\"67e0a907\" data-element_type=\"widget\" data-widget_type=\"heading.default\">\n\t\t\t\t\t<h2 class=\"elementor-heading-title elementor-size-default\">Foire aux questions\n<\/h2>\t\t\t\t<\/div>\n\t\t<div data-particle_enable=\"false\" data-particle-mobile-disabled=\"false\" class=\"elementor-element elementor-element-77cc045f e-con-full e-flex e-con e-child\" data-id=\"77cc045f\" data-element_type=\"container\">\n\t\t<div data-particle_enable=\"false\" data-particle-mobile-disabled=\"false\" class=\"elementor-element elementor-element-6f3b435a e-con-full e-flex e-con e-child\" data-id=\"6f3b435a\" data-element_type=\"container\">\n\t\t\t\t<div class=\"elementor-element elementor-element-33cd8b93 elementor-widget elementor-widget-eael-adv-accordion\" data-id=\"33cd8b93\" data-element_type=\"widget\" data-widget_type=\"eael-adv-accordion.default\">\n\t\t\t\t\t            <div class=\"eael-adv-accordion\" id=\"eael-adv-accordion-33cd8b93\" data-scroll-on-click=\"no\" data-scroll-speed=\"300\" data-accordion-id=\"33cd8b93\" data-accordion-type=\"accordion\" data-toogle-speed=\"300\">\n            <div class=\"eael-accordion-list\">\n\t\t\t\t\t<div id=\"what-is-1clicktv-iptv\" class=\"elementor-tab-title eael-accordion-header\" tabindex=\"0\" data-tab=\"1\" aria-controls=\"elementor-tab-content-8691\"><span class=\"eael-accordion-tab-title\">Qu'est-ce que 1ClickTV IPTV ?<\/span><svg aria-hidden=\"true\" class=\"fa-toggle e-font-icon-svg e-fas-angle-down\" viewbox=\"0 0 320 512\" xmlns=\"http:\/\/www.w3.org\/2000\/svg\"><path d=\"M143 352.3L7 216.3c-9.4-9.4-9.4-24.6 0-33.9l22.6-22.6c9.4-9.4 24.6-9.4 33.9 0l96.4 96.4 96.4-96.4c9.4-9.4 24.6-9.4 33.9 0l22.6 22.6c9.4 9.4 9.4 24.6 0 33.9l-136 136c-9.2 9.4-24.4 9.4-33.8 0z\"><\/path><\/svg><\/div><div id=\"elementor-tab-content-8691\" class=\"eael-accordion-content clearfix\" data-tab=\"1\" aria-labelledby=\"what-is-1clicktv-iptv\"><div class=\"elementskit-card active\"><div id=\"Collapse-a06c87a64a73c5d15ccc\" class=\"collapse show\" aria-labelledby=\"primaryHeading-0-36d7176\" data-parent=\"#accordion-64a73c5d15ccc\"><div class=\"elementskit-card-body ekit-accordion--content\"><p>1ClickTV est un service IPTV qui offre un large \u00e9ventail de contenus, dont plus de 25 000 cha\u00eenes de t\u00e9l\u00e9vision en direct, plus de 180 000 (VOD), des films, des s\u00e9ries, des spectacles, des cha\u00eenes internationales et des cha\u00eenes locales du Royaume-Uni, des \u00c9tats-Unis et du Canada. Il couvre diff\u00e9rents genres, tels que le sport, les actualit\u00e9s et les matchs de la NFL, et est con\u00e7u pour offrir une exp\u00e9rience de streaming transparente, sans mise en m\u00e9moire tampon ni gel.<\/p><\/div><\/div><\/div><div class=\"elementskit-card\"><div id=\"primaryHeading-1-36d7176\" class=\"elementskit-card-header\">\u00a0<\/div><\/div><\/div>\n\t\t\t\t\t<\/div><div class=\"eael-accordion-list\">\n\t\t\t\t\t<div id=\"which-devices-can-i-use-iptv-on\" class=\"elementor-tab-title eael-accordion-header\" tabindex=\"0\" data-tab=\"2\" aria-controls=\"elementor-tab-content-8692\"><span class=\"eael-accordion-tab-title\">Sur quels appareils puis-je utiliser la TVIP ?<\/span><svg aria-hidden=\"true\" class=\"fa-toggle e-font-icon-svg e-fas-angle-down\" viewbox=\"0 0 320 512\" xmlns=\"http:\/\/www.w3.org\/2000\/svg\"><path d=\"M143 352.3L7 216.3c-9.4-9.4-9.4-24.6 0-33.9l22.6-22.6c9.4-9.4 24.6-9.4 33.9 0l96.4 96.4 96.4-96.4c9.4-9.4 24.6-9.4 33.9 0l22.6 22.6c9.4 9.4 9.4 24.6 0 33.9l-136 136c-9.2 9.4-24.4 9.4-33.8 0z\"><\/path><\/svg><\/div><div id=\"elementor-tab-content-8692\" class=\"eael-accordion-content clearfix\" data-tab=\"2\" aria-labelledby=\"which-devices-can-i-use-iptv-on\"><p><em>Vous pouvez utiliser IPTV 1ClickTV sur les appareils suivants :<\/em><\/p><p>\u00a0<\/p><ul><li>Amazon Fire TVs &amp; Firesticks.<\/li><li>Magbox, Nvidia Shield, Google Chromecast.<\/li><li>T\u00e9l\u00e9viseurs, bo\u00eetiers, t\u00e9l\u00e9phones et tablettes Android.<\/li><li>iPhone, iPad, Macs et autres appareils iOS.<\/li><li>T\u00e9l\u00e9viseurs intelligents (LG, Samsung, Sony, etc.)<\/li><li>Emulateurs Android pour Mac et Windows.<\/li><\/ul><\/div>\n\t\t\t\t\t<\/div><div class=\"eael-accordion-list\">\n\t\t\t\t\t<div id=\"how-do-i-install-iptv-service-on-my-device\" class=\"elementor-tab-title eael-accordion-header\" tabindex=\"0\" data-tab=\"3\" aria-controls=\"elementor-tab-content-8693\"><span class=\"eael-accordion-tab-title\">Comment installer le service IPTV sur mon appareil ?<\/span><svg aria-hidden=\"true\" class=\"fa-toggle e-font-icon-svg e-fas-angle-down\" viewbox=\"0 0 320 512\" xmlns=\"http:\/\/www.w3.org\/2000\/svg\"><path d=\"M143 352.3L7 216.3c-9.4-9.4-9.4-24.6 0-33.9l22.6-22.6c9.4-9.4 24.6-9.4 33.9 0l96.4 96.4 96.4-96.4c9.4-9.4 24.6-9.4 33.9 0l22.6 22.6c9.4 9.4 9.4 24.6 0 33.9l-136 136c-9.2 9.4-24.4 9.4-33.8 0z\"><\/path><\/svg><\/div><div id=\"elementor-tab-content-8693\" class=\"eael-accordion-content clearfix\" data-tab=\"3\" aria-labelledby=\"how-do-i-install-iptv-service-on-my-device\"><p>Les instructions d'installation peuvent varier en fonction de l'appareil que vous utilisez. Nous fournissons sur notre site web des guides d'installation \u00e9tape par \u00e9tape pour les diff\u00e9rents appareils pris en charge. Veuillez consulter le guide correspondant \u00e0 votre appareil dans la rubrique <a href=\"https:\/\/oneclicktv.net\/francais-officiel\/installations-iptv\/\">Page d'installation<\/a> pour commencer.\u00a0<\/p><\/div>\n\t\t\t\t\t<\/div><div class=\"eael-accordion-list\">\n\t\t\t\t\t<div id=\"how-do-i-renew-my-1clicktv-subscription\" class=\"elementor-tab-title eael-accordion-header\" tabindex=\"0\" data-tab=\"4\" aria-controls=\"elementor-tab-content-8694\"><span class=\"eael-accordion-tab-title\">Comment puis-je renouveler mon abonnement \u00e0 1ClickTV ?<\/span><svg aria-hidden=\"true\" class=\"fa-toggle e-font-icon-svg e-fas-angle-down\" viewbox=\"0 0 320 512\" xmlns=\"http:\/\/www.w3.org\/2000\/svg\"><path d=\"M143 352.3L7 216.3c-9.4-9.4-9.4-24.6 0-33.9l22.6-22.6c9.4-9.4 24.6-9.4 33.9 0l96.4 96.4 96.4-96.4c9.4-9.4 24.6-9.4 33.9 0l22.6 22.6c9.4 9.4 9.4 24.6 0 33.9l-136 136c-9.2 9.4-24.4 9.4-33.8 0z\"><\/path><\/svg><\/div><div id=\"elementor-tab-content-8694\" class=\"eael-accordion-content clearfix\" data-tab=\"4\" aria-labelledby=\"how-do-i-renew-my-1clicktv-subscription\"><p>Pour renouveler votre abonnement, il vous suffit de vous rendre sur notre site web et de choisir le nouveau plan que vous souhaitez adopter. Une fois que vous aurez pay\u00e9, nous activerons automatiquement le nouveau plan avec les m\u00eames informations d'identification que celles de l'ancien plan. Vous pouvez obtenir les nouvelles informations d'identification en nous contactant.<\/p><\/div>\n\t\t\t\t\t<\/div><div class=\"eael-accordion-list\">\n\t\t\t\t\t<div id=\"can-i-use-1clicktv-iptv-when-i-travel-abroad\" class=\"elementor-tab-title eael-accordion-header\" tabindex=\"0\" data-tab=\"5\" aria-controls=\"elementor-tab-content-8695\"><span class=\"eael-accordion-tab-title\">Puis-je utiliser 1ClickTV IPTV lorsque je voyage \u00e0 l'\u00e9tranger ?<\/span><svg aria-hidden=\"true\" class=\"fa-toggle e-font-icon-svg e-fas-angle-down\" viewbox=\"0 0 320 512\" xmlns=\"http:\/\/www.w3.org\/2000\/svg\"><path d=\"M143 352.3L7 216.3c-9.4-9.4-9.4-24.6 0-33.9l22.6-22.6c9.4-9.4 24.6-9.4 33.9 0l96.4 96.4 96.4-96.4c9.4-9.4 24.6-9.4 33.9 0l22.6 22.6c9.4 9.4 9.4 24.6 0 33.9l-136 136c-9.2 9.4-24.4 9.4-33.8 0z\"><\/path><\/svg><\/div><div id=\"elementor-tab-content-8695\" class=\"eael-accordion-content clearfix\" data-tab=\"5\" aria-labelledby=\"can-i-use-1clicktv-iptv-when-i-travel-abroad\"><p>Oui, 1ClickTV est accessible au niveau international. Vous pouvez utiliser le service lorsque vous voyagez \u00e0 l'\u00e9tranger, \u00e0 condition de disposer d'une connexion Internet stable. Cela vous permet de rester connect\u00e9 \u00e0 vos contenus pr\u00e9f\u00e9r\u00e9s o\u00f9 que vous soyez.<\/p><\/div>\n\t\t\t\t\t<\/div><\/div>\t\t\t\t<\/div>\n\t\t\t\t<\/div>\n\t\t<div data-particle_enable=\"false\" data-particle-mobile-disabled=\"false\" class=\"elementor-element elementor-element-74c3d7a9 e-con-full e-flex e-con e-child\" data-id=\"74c3d7a9\" data-element_type=\"container\">\n\t\t\t\t<div class=\"elementor-element elementor-element-4174699e elementor-widget elementor-widget-eael-adv-accordion\" data-id=\"4174699e\" data-element_type=\"widget\" data-widget_type=\"eael-adv-accordion.default\">\n\t\t\t\t\t            <div class=\"eael-adv-accordion\" id=\"eael-adv-accordion-4174699e\" data-scroll-on-click=\"no\" data-scroll-speed=\"300\" data-accordion-id=\"4174699e\" data-accordion-type=\"accordion\" data-toogle-speed=\"300\">\n            <div class=\"eael-accordion-list\">\n\t\t\t\t\t<div id=\"can-i-share-my-1clicktv-iptv-account-with-family-members-or-friends\" class=\"elementor-tab-title eael-accordion-header\" tabindex=\"0\" data-tab=\"1\" aria-controls=\"elementor-tab-content-1091\"><span class=\"eael-accordion-tab-title\">Puis-je partager mon compte IPTV de 1ClickTV avec des membres de ma famille ou des amis ?<\/span><svg aria-hidden=\"true\" class=\"fa-toggle e-font-icon-svg e-fas-angle-down\" viewbox=\"0 0 320 512\" xmlns=\"http:\/\/www.w3.org\/2000\/svg\"><path d=\"M143 352.3L7 216.3c-9.4-9.4-9.4-24.6 0-33.9l22.6-22.6c9.4-9.4 24.6-9.4 33.9 0l96.4 96.4 96.4-96.4c9.4-9.4 24.6-9.4 33.9 0l22.6 22.6c9.4 9.4 9.4 24.6 0 33.9l-136 136c-9.2 9.4-24.4 9.4-33.8 0z\"><\/path><\/svg><\/div><div id=\"elementor-tab-content-1091\" class=\"eael-accordion-content clearfix\" data-tab=\"1\" aria-labelledby=\"can-i-share-my-1clicktv-iptv-account-with-family-members-or-friends\"><div class=\"elementskit-card active\"><div id=\"Collapse-a06c87a64a73c5d15ccc\" class=\"collapse show\" aria-labelledby=\"primaryHeading-0-36d7176\" data-parent=\"#accordion-64a73c5d15ccc\"><div class=\"elementskit-card-body ekit-accordion--content\"><p>Les comptes IPTV de 1ClickTV sont destin\u00e9s \u00e0 un usage personnel, et le partage de comptes avec d'autres personnes peut constituer une violation de nos conditions d'utilisation. Nous offrons une prise en charge de plusieurs appareils avec certains plans d'abonnement pour r\u00e9pondre aux besoins des utilisateurs individuels.<\/p><\/div><\/div><\/div><div class=\"elementskit-card\"><div id=\"primaryHeading-1-36d7176\" class=\"elementskit-card-header\">\u00a0<\/div><\/div><\/div>\n\t\t\t\t\t<\/div><div class=\"eael-accordion-list\">\n\t\t\t\t\t<div id=\"do-you-offer-refunds\" class=\"elementor-tab-title eael-accordion-header\" tabindex=\"0\" data-tab=\"2\" aria-controls=\"elementor-tab-content-1092\"><span class=\"eael-accordion-tab-title\">Offrez-vous des remboursements ?<\/span><svg aria-hidden=\"true\" class=\"fa-toggle e-font-icon-svg e-fas-angle-down\" viewbox=\"0 0 320 512\" xmlns=\"http:\/\/www.w3.org\/2000\/svg\"><path d=\"M143 352.3L7 216.3c-9.4-9.4-9.4-24.6 0-33.9l22.6-22.6c9.4-9.4 24.6-9.4 33.9 0l96.4 96.4 96.4-96.4c9.4-9.4 24.6-9.4 33.9 0l22.6 22.6c9.4 9.4 9.4 24.6 0 33.9l-136 136c-9.2 9.4-24.4 9.4-33.8 0z\"><\/path><\/svg><\/div><div id=\"elementor-tab-content-1092\" class=\"eael-accordion-content clearfix\" data-tab=\"2\" aria-labelledby=\"do-you-offer-refunds\"><p>Nous offrons une garantie de remboursement complet pendant les 7 premiers jours pour tous nos forfaits. De plus, nous offrons un remboursement de 60%, qui varie en fonction de la dur\u00e9e d'utilisation de votre service. Cependant, il est important de mentionner que les remboursements ne sont pas disponibles pour les p\u00e9riodes d'essai.<\/p><\/div>\n\t\t\t\t\t<\/div><div class=\"eael-accordion-list\">\n\t\t\t\t\t<div id=\"1clicktv-smart-solution-for-buffering-issues\" class=\"elementor-tab-title eael-accordion-header\" tabindex=\"0\" data-tab=\"3\" aria-controls=\"elementor-tab-content-1093\"><span class=\"eael-accordion-tab-title\">1ClickTV : une solution intelligente pour les probl\u00e8mes de mise en m\u00e9moire tampon<\/span><svg aria-hidden=\"true\" class=\"fa-toggle e-font-icon-svg e-fas-angle-down\" viewbox=\"0 0 320 512\" xmlns=\"http:\/\/www.w3.org\/2000\/svg\"><path d=\"M143 352.3L7 216.3c-9.4-9.4-9.4-24.6 0-33.9l22.6-22.6c9.4-9.4 24.6-9.4 33.9 0l96.4 96.4 96.4-96.4c9.4-9.4 24.6-9.4 33.9 0l22.6 22.6c9.4 9.4 9.4 24.6 0 33.9l-136 136c-9.2 9.4-24.4 9.4-33.8 0z\"><\/path><\/svg><\/div><div id=\"elementor-tab-content-1093\" class=\"eael-accordion-content clearfix\" data-tab=\"3\" aria-labelledby=\"1clicktv-smart-solution-for-buffering-issues\"><p>La plupart des probl\u00e8mes de mise en m\u00e9moire tampon proviennent de l'\u00e9tranglement du FAI, c'est-\u00e0-dire lorsque votre fournisseur d'acc\u00e8s Internet vous ralentit pendant les heures de pointe ou lorsque vous utilisez beaucoup de donn\u00e9es. Si vous diffusez en continu \u00e0 partir d'un serveur que le fournisseur d'acc\u00e8s ne reconna\u00eet pas (les sites comme Twitch, YouTube et Netflix sont sur liste blanche, ce qui n'a pas d'incidence), le fournisseur d'acc\u00e8s peut ralentir votre service. Un VPN permet de rem\u00e9dier \u00e0 ce probl\u00e8me, car il dissimule l'origine de vos donn\u00e9es. (Cela ne vous donne pas l'anonymat, votre fournisseur d'acc\u00e8s\/les autorit\u00e9s peuvent toujours voir ce que vous faites s'ils le souhaitent).\u00a0<\/p><p>Mais avec 1clicktv nous vous offrons une autre Url Host appel\u00e9e VPN Host URL qui cache votre identit\u00e9 et rend votre utilisation de donn\u00e9es comme vous regardez des vid\u00e9os youtube ou vous regardez IPTV comme vous regardez la t\u00e9l\u00e9vision via Cable TV.\u00a0<\/p><\/div>\n\t\t\t\t\t<\/div><div class=\"eael-accordion-list\">\n\t\t\t\t\t<div id=\"how-can-i-get-a-free-vpn-account\" class=\"elementor-tab-title eael-accordion-header\" tabindex=\"0\" data-tab=\"4\" aria-controls=\"elementor-tab-content-1094\"><span class=\"eael-accordion-tab-title\">Comment puis-je obtenir un compte VPN gratuit ?<\/span><svg aria-hidden=\"true\" class=\"fa-toggle e-font-icon-svg e-fas-angle-down\" viewbox=\"0 0 320 512\" xmlns=\"http:\/\/www.w3.org\/2000\/svg\"><path d=\"M143 352.3L7 216.3c-9.4-9.4-9.4-24.6 0-33.9l22.6-22.6c9.4-9.4 24.6-9.4 33.9 0l96.4 96.4 96.4-96.4c9.4-9.4 24.6-9.4 33.9 0l22.6 22.6c9.4 9.4 9.4 24.6 0 33.9l-136 136c-9.2 9.4-24.4 9.4-33.8 0z\"><\/path><\/svg><\/div><div id=\"elementor-tab-content-1094\" class=\"eael-accordion-content clearfix\" data-tab=\"4\" aria-labelledby=\"how-can-i-get-a-free-vpn-account\"><p>Pour obtenir un compte VPN gratuit, vous devez souscrire un abonnement de 6 ou 12 mois (ou en avoir d\u00e9j\u00e0 un). Ensuite, envoyez-nous le nom d'utilisateur de votre compte IPTV par e-mail. Une fois que nous aurons confirm\u00e9 votre abonnement, nous vous enverrons les d\u00e9tails de votre compte VPN par e-mail.<\/p><\/div>\n\t\t\t\t\t<\/div><\/div>\t\t\t\t<\/div>\n\t\t\t\t<\/div>\n\t\t\t\t<\/div>\n\t\t\t\t<\/div>\n\t\t\t\t<\/div>","protected":false},"excerpt":{"rendered":"<p>Frequently Ask Questions What is 1ClickTV IPTV? 1ClickTV is a IPTV service that offers a wide range of content, including 25,000+ live TV channels, 180,000+ (VOD), movies, series, shows, international channels, and local UK, US and Canadian channels. It covers various genres, such as sports, news, and NFL Games, and is designed to provide a [&hellip;]<\/p>","protected":false},"author":1,"featured_media":0,"parent":0,"menu_order":0,"comment_status":"closed","ping_status":"closed","template":"","meta":{"footnotes":""},"class_list":["post-210","page","type-page","status-publish","hentry"],"rttpg_featured_image_url":null,"rttpg_author":{"display_name":"admin","author_link":"https:\/\/oneclicktv.net\/francais-officiel\/author\/admin\/"},"rttpg_comment":0,"rttpg_category":null,"rttpg_excerpt":"Frequently Ask Questions What is 1ClickTV IPTV? 1ClickTV is a IPTV service that offers a wide range of content, including 25,000+ live TV channels, 180,000+ (VOD), movies, series, shows, international channels, and local UK, US and Canadian channels. It covers various genres, such as sports, news, and NFL Games, and is designed to provide a\u2026","_links":{"self":[{"href":"https:\/\/oneclicktv.net\/francais-officiel\/wp-json\/wp\/v2\/pages\/210","targetHints":{"allow":["GET"]}}],"collection":[{"href":"https:\/\/oneclicktv.net\/francais-officiel\/wp-json\/wp\/v2\/pages"}],"about":[{"href":"https:\/\/oneclicktv.net\/francais-officiel\/wp-json\/wp\/v2\/types\/page"}],"author":[{"embeddable":true,"href":"https:\/\/oneclicktv.net\/francais-officiel\/wp-json\/wp\/v2\/users\/1"}],"replies":[{"embeddable":true,"href":"https:\/\/oneclicktv.net\/francais-officiel\/wp-json\/wp\/v2\/comments?post=210"}],"version-history":[{"count":5,"href":"https:\/\/oneclicktv.net\/francais-officiel\/wp-json\/wp\/v2\/pages\/210\/revisions"}],"predecessor-version":[{"id":5264,"href":"https:\/\/oneclicktv.net\/francais-officiel\/wp-json\/wp\/v2\/pages\/210\/revisions\/5264"}],"wp:attachment":[{"href":"https:\/\/oneclicktv.net\/francais-officiel\/wp-json\/wp\/v2\/media?parent=210"}],"curies":[{"name":"wp","href":"https:\/\/api.w.org\/{rel}","templated":true}]}}