{"id":192,"date":"2026-01-15T08:15:42","date_gmt":"2026-01-15T08:15:42","guid":{"rendered":"https:\/\/oneclicktv.net\/?page_id=192"},"modified":"2026-01-15T09:07:31","modified_gmt":"2026-01-15T09:07:31","slug":"politique-de-remboursement","status":"publish","type":"page","link":"https:\/\/oneclicktv.net\/francais-officiel\/politique-de-remboursement\/","title":{"rendered":"Politique de remboursement"},"content":{"rendered":"<div data-elementor-type=\"wp-page\" data-elementor-id=\"192\" class=\"elementor elementor-192\" data-elementor-post-type=\"page\">\n\t\t\t\t<div data-particle_enable=\"false\" data-particle-mobile-disabled=\"false\" class=\"elementor-element elementor-element-5ab5f9f4 e-flex e-con-boxed e-con e-parent\" data-id=\"5ab5f9f4\" data-element_type=\"container\" data-settings=\"{&quot;background_background&quot;:&quot;classic&quot;}\">\n\t\t\t\t\t<div class=\"e-con-inner\">\n\t\t\t\t<div class=\"elementor-element elementor-element-17760a35 elementor-widget elementor-widget-text-editor\" data-id=\"17760a35\" data-element_type=\"widget\" data-widget_type=\"text-editor.default\">\n\t\t\t\t\t\t\t\t\t<p data-start=\"164\" data-end=\"416\">Au <strong data-start=\"167\" data-end=\"181\">OneClickTV<\/strong>, Pour nous, votre satisfaction est primordiale et nous nous effor\u00e7ons de vous offrir la meilleure exp\u00e9rience possible en mati\u00e8re d'\u00e9coute en continu. Toutefois, si pour une raison quelconque vous n'\u00eates pas enti\u00e8rement satisfait de votre abonnement, nous vous proposons une politique de remboursement claire et simple - sans tracas, sans risque.<\/p>\n<h3 data-start=\"418\" data-end=\"454\"><strong data-start=\"422\" data-end=\"454\">P\u00e9riodes de garantie de remboursement<\/strong><\/h3>\n<ul data-start=\"455\" data-end=\"788\">\n<li data-start=\"455\" data-end=\"567\">\n<p data-start=\"457\" data-end=\"567\"><strong data-start=\"457\" data-end=\"490\">Forfaits d'un mois et de trois mois :<\/strong> Admissible \u00e0 une <strong data-start=\"506\" data-end=\"536\">Garantie de remboursement de 7 jours<\/strong> \u00e0 partir de la date d'activation.<\/p>\n<\/li>\n<li data-start=\"568\" data-end=\"682\">\n<p data-start=\"570\" data-end=\"682\"><strong data-start=\"570\" data-end=\"604\">Forfaits de 6 et 12 mois :<\/strong> Admissible \u00e0 une <strong data-start=\"620\" data-end=\"651\">Garantie de remboursement de 30 jours<\/strong> \u00e0 partir de la date d'activation.<\/p>\n<\/li>\n<li data-start=\"683\" data-end=\"788\">\n<p data-start=\"685\" data-end=\"788\"><strong data-start=\"685\" data-end=\"709\">Connexion \u00e0 vie :<\/strong> Admissible \u00e0 une <strong data-start=\"725\" data-end=\"757\">Garantie de remboursement de 100 jours<\/strong> \u00e0 partir de la date d'activation.<\/p>\n<\/li>\n<\/ul>\n<h3 data-start=\"790\" data-end=\"821\"><strong data-start=\"794\" data-end=\"821\">Comment demander un remboursement<\/strong><\/h3>\n<p data-start=\"822\" data-end=\"912\">Pour demander un remboursement, veuillez contacter notre \u00e9quipe d'assistance par l'une des m\u00e9thodes suivantes :<\/p>\n<ul data-start=\"913\" data-end=\"1065\">\n<li data-start=\"913\" data-end=\"946\">\n<p data-start=\"915\" data-end=\"946\"><strong data-start=\"915\" data-end=\"928\">WhatsApp :<\/strong> +44 7532 789713<\/p>\n<\/li>\n<li data-start=\"947\" data-end=\"1027\">\n<p data-start=\"949\" data-end=\"1027\"><strong data-start=\"949\" data-end=\"962\">T\u00e9l\u00e9gramme :<\/strong> <a class=\"decorated-link cursor-pointer\" target=\"_new\" rel=\"noopener\" data-start=\"963\" data-end=\"1025\">https:\/\/t.me\/OneclickTVdotnet<\/a><\/p>\n<\/li>\n<li data-start=\"1028\" data-end=\"1065\">\n<p data-start=\"1030\" data-end=\"1065\"><strong data-start=\"1030\" data-end=\"1040\">Courriel :<\/strong> <a class=\"decorated-link cursor-pointer\" rel=\"noopener\" data-start=\"1041\" data-end=\"1063\">support@oneclicktv.net<\/a><\/p>\n<\/li>\n<\/ul>\n<p data-start=\"1067\" data-end=\"1152\">Notre \u00e9quipe traitera votre demande dans les 24 \u00e0 48 heures suivant la r\u00e9ception de votre message.<\/p>\n<h3 data-start=\"1154\" data-end=\"1175\"><strong data-start=\"1158\" data-end=\"1175\">M\u00e9thode de remboursement<\/strong><\/h3>\n<p data-start=\"1176\" data-end=\"1290\">Les remboursements sont effectu\u00e9s par l'interm\u00e9diaire de <strong data-start=\"1203\" data-end=\"1213\">PayPal<\/strong> ou <strong data-start=\"1217\" data-end=\"1244\">Crypto-monnaie (Crypto)<\/strong>.<\/p>\n<h3 data-start=\"1292\" data-end=\"1311\"><strong data-start=\"1296\" data-end=\"1311\">Notre promesse<\/strong><\/h3>\n<p data-start=\"1312\" data-end=\"1506\">Si vous n'\u00eates pas satisfait du service pour quelque raison que ce soit, vous avez le droit de demander un remboursement <strong data-start=\"1404\" data-end=\"1454\">\u00e0 tout moment pendant la p\u00e9riode de garantie applicable<\/strong> \u2014 <strong data-start=\"1457\" data-end=\"1504\">sans tracas, sans risque et sans questions.<\/strong><\/p>\t\t\t\t\t\t\t\t<\/div>\n\t\t\t\t\t<\/div>\n\t\t\t\t<\/div>\n\t\t\t\t<\/div>","protected":false},"excerpt":{"rendered":"<p>At OneClickTV, we value your satisfaction and strive to provide the best streaming experience possible. However, if for any reason you are not fully satisfied with your subscription, we offer a clear and simple refund policy \u2014 no hassle, no risk. Money-Back Guarantee Periods 1-Month and 3-Month Packages: Eligible for a 7-day money-back guarantee from [&hellip;]<\/p>","protected":false},"author":1,"featured_media":0,"parent":0,"menu_order":0,"comment_status":"closed","ping_status":"closed","template":"","meta":{"footnotes":""},"class_list":["post-192","page","type-page","status-publish","hentry"],"rttpg_featured_image_url":null,"rttpg_author":{"display_name":"admin","author_link":"https:\/\/oneclicktv.net\/francais-officiel\/author\/admin\/"},"rttpg_comment":0,"rttpg_category":null,"rttpg_excerpt":"At OneClickTV, we value your satisfaction and strive to provide the best streaming experience possible. However, if for any reason you are not fully satisfied with your subscription, we offer a clear and simple refund policy \u2014 no hassle, no risk. Money-Back Guarantee Periods 1-Month and 3-Month Packages: Eligible for a 7-day money-back guarantee from\u2026","_links":{"self":[{"href":"https:\/\/oneclicktv.net\/francais-officiel\/wp-json\/wp\/v2\/pages\/192","targetHints":{"allow":["GET"]}}],"collection":[{"href":"https:\/\/oneclicktv.net\/francais-officiel\/wp-json\/wp\/v2\/pages"}],"about":[{"href":"https:\/\/oneclicktv.net\/francais-officiel\/wp-json\/wp\/v2\/types\/page"}],"author":[{"embeddable":true,"href":"https:\/\/oneclicktv.net\/francais-officiel\/wp-json\/wp\/v2\/users\/1"}],"replies":[{"embeddable":true,"href":"https:\/\/oneclicktv.net\/francais-officiel\/wp-json\/wp\/v2\/comments?post=192"}],"version-history":[{"count":4,"href":"https:\/\/oneclicktv.net\/francais-officiel\/wp-json\/wp\/v2\/pages\/192\/revisions"}],"predecessor-version":[{"id":200,"href":"https:\/\/oneclicktv.net\/francais-officiel\/wp-json\/wp\/v2\/pages\/192\/revisions\/200"}],"wp:attachment":[{"href":"https:\/\/oneclicktv.net\/francais-officiel\/wp-json\/wp\/v2\/media?parent=192"}],"curies":[{"name":"wp","href":"https:\/\/api.w.org\/{rel}","templated":true}]}}