{"id":183,"date":"2026-01-15T08:13:01","date_gmt":"2026-01-15T08:13:01","guid":{"rendered":"https:\/\/oneclicktv.net\/?page_id=183"},"modified":"2026-01-15T08:14:47","modified_gmt":"2026-01-15T08:14:47","slug":"politique-de-confidentialite","status":"publish","type":"page","link":"https:\/\/oneclicktv.net\/francais-officiel\/politique-de-confidentialite\/","title":{"rendered":"Politique de confidentialit\u00e9"},"content":{"rendered":"<div data-elementor-type=\"wp-page\" data-elementor-id=\"183\" class=\"elementor elementor-183\" data-elementor-post-type=\"page\">\n\t\t\t\t<div data-particle_enable=\"false\" data-particle-mobile-disabled=\"false\" class=\"elementor-element elementor-element-4b70d022 e-flex e-con-boxed e-con e-parent\" data-id=\"4b70d022\" data-element_type=\"container\" data-settings=\"{&quot;background_background&quot;:&quot;classic&quot;}\">\n\t\t\t\t\t<div class=\"e-con-inner\">\n\t\t\t\t<div class=\"elementor-element elementor-element-9f7b481 elementor-widget elementor-widget-text-editor\" data-id=\"9f7b481\" data-element_type=\"widget\" data-widget_type=\"text-editor.default\">\n\t\t\t\t\t\t\t\t\t\n<p>Date d'entr\u00e9e en vigueur : 15\/07\/2023<\/p>\n\n\n\n<p>OneClickTV (\u201cnous\u201d, \u201cnous\u201d ou \u201cnotre\u201d) appr\u00e9cie et respecte votre vie priv\u00e9e. Cette politique de confidentialit\u00e9 d\u00e9crit la mani\u00e8re dont nous recueillons, utilisons, divulguons et prot\u00e9geons vos informations personnelles lorsque vous acc\u00e9dez ou utilisez notre site Web situ\u00e9 \u00e0 l'adresse oneclicktv.net (\u201cSite Web\u201d) et les services que nous offrons (\u201cServices\u201d).<\/p>\n\n\n\n<p>**1.&nbsp;<strong>Informations collect\u00e9es<\/strong>: a.&nbsp;<strong>Informations personnelles<\/strong>: Nous pouvons recueillir des informations personnellement identifiables, telles que votre nom, votre adresse \u00e9lectronique, vos donn\u00e9es de paiement et d'autres informations n\u00e9cessaires \u00e0 la fourniture de nos services. b.&nbsp;<strong>Informations non personnelles<\/strong>: Nous pouvons collecter des informations non personnelles telles que le type de navigateur, des informations sur l'appareil et des donn\u00e9es d'utilisation agr\u00e9g\u00e9es.<\/p>\n\n\n\n<p>**2.&nbsp;<strong>Comment nous utilisons vos informations<\/strong>a. Fournir et maintenir nos services. b. Communiquer avec vous et r\u00e9pondre \u00e0 vos demandes. c. Personnaliser et am\u00e9liorer votre exp\u00e9rience sur notre site Web. d. Vous envoyer des bulletins d'information, des communications marketing et du mat\u00e9riel promotionnel.<\/p>\n\n\n\n<p>**3.&nbsp;<strong>Cookies et technologies similaires<\/strong>: Nous pouvons utiliser des cookies et des technologies de suivi similaires pour am\u00e9liorer votre exp\u00e9rience sur notre site web. Vous pouvez choisir d'accepter ou de refuser les cookies par le biais des param\u00e8tres de votre navigateur.<\/p>\n\n\n\n<p>**4.&nbsp;<strong>Partage et divulgation d'informations<\/strong>: Nous ne vendons pas, n'\u00e9changeons pas et ne transf\u00e9rons pas vos informations personnelles \u00e0 des tiers. Toutefois, nous pouvons partager vos informations avec des fournisseurs de services tiers de confiance pour nous aider \u00e0 exploiter et \u00e0 am\u00e9liorer nos services.<\/p>\n\n\n\n<p>**5.&nbsp;<strong>S\u00e9curit\u00e9<\/strong>: Nous prenons des mesures raisonnables pour prot\u00e9ger vos informations personnelles. Cependant, aucune m\u00e9thode de transmission sur Internet ou de stockage \u00e9lectronique n'est totalement s\u00fbre, et nous ne pouvons pas garantir une s\u00e9curit\u00e9 absolue.<\/p>\n\n\n\n<p>**6.&nbsp;<strong>Liens vers des sites web externes<\/strong>: Notre site web peut contenir des liens vers des sites externes. Nous ne sommes pas responsables du contenu ou des pratiques de confidentialit\u00e9 de ces sites. Nous vous encourageons \u00e0 consulter les politiques de confidentialit\u00e9 de tous les sites externes que vous visitez.<\/p>\n\n\n\n<p>**7.&nbsp;<strong>Vie priv\u00e9e des enfants<\/strong>: Nos services ne sont pas destin\u00e9s aux personnes de moins de 18 ans. Nous ne recueillons pas sciemment d'informations personnelles aupr\u00e8s d'enfants. Si vous pensez qu'un enfant nous a fourni des informations personnelles, veuillez nous contacter et nous prendrons les mesures n\u00e9cessaires pour supprimer ces informations.<\/p>\n\n\n\n<p>**8.&nbsp;<strong>Modifications de la pr\u00e9sente politique de protection de la vie priv\u00e9e<\/strong>: Nous nous r\u00e9servons le droit de mettre \u00e0 jour ou de modifier la pr\u00e9sente politique de confidentialit\u00e9 \u00e0 tout moment. En continuant \u00e0 utiliser le site web et les services apr\u00e8s la publication de toute modification, vous reconnaissez avoir pris connaissance des changements.<\/p>\n\n\n\n<p>En utilisant notre site web et nos services, vous acceptez la pr\u00e9sente politique de confidentialit\u00e9. Si vous avez des questions ou des pr\u00e9occupations, veuillez nous contacter \u00e0 l'adresse suivante : Support@oneclicktv.net.<\/p>\n\t\t\t\t\t\t\t\t<\/div>\n\t\t\t\t\t<\/div>\n\t\t\t\t<\/div>\n\t\t\t\t<\/div>","protected":false},"excerpt":{"rendered":"<p>Effective Date: 15\/07\/2023 OneClickTV (\u201cus,\u201d \u201cwe,\u201d or \u201cour\u201d) values and respects your privacy. This Privacy Policy outlines how we collect, use, disclose, and safeguard your personal information when you access or use our website located at oneclicktv.net (\u201cWebsite\u201d) and the services we offer (\u201cServices\u201d). **1.&nbsp;Information We Collect: a.&nbsp;Personal Information: We may collect personally identifiable information, [&hellip;]<\/p>","protected":false},"author":1,"featured_media":0,"parent":0,"menu_order":0,"comment_status":"closed","ping_status":"closed","template":"","meta":{"footnotes":""},"class_list":["post-183","page","type-page","status-publish","hentry"],"rttpg_featured_image_url":null,"rttpg_author":{"display_name":"admin","author_link":"https:\/\/oneclicktv.net\/francais-officiel\/author\/admin\/"},"rttpg_comment":0,"rttpg_category":null,"rttpg_excerpt":"Effective Date: 15\/07\/2023 OneClickTV (\u201cus,\u201d \u201cwe,\u201d or \u201cour\u201d) values and respects your privacy. This Privacy Policy outlines how we collect, use, disclose, and safeguard your personal information when you access or use our website located at oneclicktv.net (\u201cWebsite\u201d) and the services we offer (\u201cServices\u201d). **1.&nbsp;Information We Collect: a.&nbsp;Personal Information: We may collect personally identifiable information,\u2026","_links":{"self":[{"href":"https:\/\/oneclicktv.net\/francais-officiel\/wp-json\/wp\/v2\/pages\/183","targetHints":{"allow":["GET"]}}],"collection":[{"href":"https:\/\/oneclicktv.net\/francais-officiel\/wp-json\/wp\/v2\/pages"}],"about":[{"href":"https:\/\/oneclicktv.net\/francais-officiel\/wp-json\/wp\/v2\/types\/page"}],"author":[{"embeddable":true,"href":"https:\/\/oneclicktv.net\/francais-officiel\/wp-json\/wp\/v2\/users\/1"}],"replies":[{"embeddable":true,"href":"https:\/\/oneclicktv.net\/francais-officiel\/wp-json\/wp\/v2\/comments?post=183"}],"version-history":[{"count":4,"href":"https:\/\/oneclicktv.net\/francais-officiel\/wp-json\/wp\/v2\/pages\/183\/revisions"}],"predecessor-version":[{"id":191,"href":"https:\/\/oneclicktv.net\/francais-officiel\/wp-json\/wp\/v2\/pages\/183\/revisions\/191"}],"wp:attachment":[{"href":"https:\/\/oneclicktv.net\/francais-officiel\/wp-json\/wp\/v2\/media?parent=183"}],"curies":[{"name":"wp","href":"https:\/\/api.w.org\/{rel}","templated":true}]}}